{"id":15134,"date":"2026-04-14T23:42:37","date_gmt":"2026-04-14T18:42:37","guid":{"rendered":"https:\/\/www.andbank.com\/brasil\/?page_id=15134"},"modified":"2026-04-14T23:42:37","modified_gmt":"2026-04-14T18:42:37","slug":"sfsa-assessoria-de-investimentos-ltda","status":"publish","type":"page","link":"https:\/\/www.andbank.com\/brasil\/sfsa-assessoria-de-investimentos-ltda\/","title":{"rendered":"SFSA ASSESSORIA DE INVESTIMENTOS LTDA"},"content":{"rendered":"<h3><strong>SFSA ASSESSORIA DE INVESTIMENTOS LTDA <\/strong><\/h3>\n<p>CNPJ 63.735.735\/0001-83 , contratada em 29\/01\/2026<\/p>\n<ul>\n<li>SEBASTI\u00c3O FERNANDES DE S\u00c1 \u00c1VILA<\/li>\n<\/ul>\n","protected":false},"excerpt":{"rendered":"<p>SFSA ASSESSORIA DE INVESTIMENTOS LTDA CNPJ 63.735.735\/0001-83 , contratada em 29\/01\/2026 SEBASTI\u00c3O FERNANDES DE S\u00c1 \u00c1VILA<\/p>\n","protected":false},"author":34,"featured_media":9869,"parent":0,"menu_order":0,"comment_status":"closed","ping_status":"closed","template":"","meta":{"_acf_changed":false,"footnotes":""},"yst_prominent_words":[],"class_list":["post-15134","page","type-page","status-publish","has-post-thumbnail","hentry"],"acf":[],"_links":{"self":[{"href":"https:\/\/www.andbank.com\/brasil\/wp-json\/wp\/v2\/pages\/15134"}],"collection":[{"href":"https:\/\/www.andbank.com\/brasil\/wp-json\/wp\/v2\/pages"}],"about":[{"href":"https:\/\/www.andbank.com\/brasil\/wp-json\/wp\/v2\/types\/page"}],"author":[{"embeddable":true,"href":"https:\/\/www.andbank.com\/brasil\/wp-json\/wp\/v2\/users\/34"}],"replies":[{"embeddable":true,"href":"https:\/\/www.andbank.com\/brasil\/wp-json\/wp\/v2\/comments?post=15134"}],"version-history":[{"count":1,"href":"https:\/\/www.andbank.com\/brasil\/wp-json\/wp\/v2\/pages\/15134\/revisions"}],"predecessor-version":[{"id":15135,"href":"https:\/\/www.andbank.com\/brasil\/wp-json\/wp\/v2\/pages\/15134\/revisions\/15135"}],"wp:featuredmedia":[{"embeddable":true,"href":"https:\/\/www.andbank.com\/brasil\/wp-json\/wp\/v2\/media\/9869"}],"wp:attachment":[{"href":"https:\/\/www.andbank.com\/brasil\/wp-json\/wp\/v2\/media?parent=15134"}],"wp:term":[{"taxonomy":"yst_prominent_words","embeddable":true,"href":"https:\/\/www.andbank.com\/brasil\/wp-json\/wp\/v2\/yst_prominent_words?post=15134"}],"curies":[{"name":"wp","href":"https:\/\/api.w.org\/{rel}","templated":true}]}}