{"id":2417,"date":"2018-03-22T21:33:04","date_gmt":"2018-03-22T16:33:04","guid":{"rendered":"https:\/\/www.andbank.com\/brasil\/?page_id=2417"},"modified":"2021-12-30T17:14:23","modified_gmt":"2021-12-30T12:14:23","slug":"opiniao-corporativa","status":"publish","type":"page","link":"https:\/\/www.andbank.com\/brasil\/analise-de-mercados\/opiniao-corporativa\/","title":{"rendered":"Opini\u00e3o corporativa"},"content":{"rendered":"<h2>Opini\u00e3o corporativa<\/h2>\n<p class=\"subtitle title7\" style=\"text-align: center\">O Andbank publica mensalmente um relat\u00f3rio no qual compila a opini\u00e3o corporativa da institui\u00e7\u00e3o sobre as perspectivas da economia e dos mercados financeiros em n\u00edvel local e global. Conhe\u00e7a a opini\u00e3o corporativa do Andbank proporcionada pelo nosso economista chefe, \u00c0lex Fust\u00e9.<\/p>\n","protected":false},"excerpt":{"rendered":"<p>Opini\u00e3o corporativa O Andbank publica mensalmente um relat\u00f3rio no qual compila a opini\u00e3o corporativa da institui\u00e7\u00e3o sobre as perspectivas da economia e dos mercados financeiros em n\u00edvel local e global. Conhe\u00e7a a opini\u00e3o corporativa do Andbank proporcionada pelo nosso economista chefe, \u00c0lex Fust\u00e9.<\/p>\n","protected":false},"author":13,"featured_media":0,"parent":2421,"menu_order":11,"comment_status":"closed","ping_status":"closed","template":"template-market-blog.php","meta":{"_acf_changed":false,"footnotes":""},"yst_prominent_words":[65,424,207,585,584],"class_list":["post-2417","page","type-page","status-publish","hentry"],"acf":[],"_links":{"self":[{"href":"https:\/\/www.andbank.com\/brasil\/wp-json\/wp\/v2\/pages\/2417"}],"collection":[{"href":"https:\/\/www.andbank.com\/brasil\/wp-json\/wp\/v2\/pages"}],"about":[{"href":"https:\/\/www.andbank.com\/brasil\/wp-json\/wp\/v2\/types\/page"}],"author":[{"embeddable":true,"href":"https:\/\/www.andbank.com\/brasil\/wp-json\/wp\/v2\/users\/13"}],"replies":[{"embeddable":true,"href":"https:\/\/www.andbank.com\/brasil\/wp-json\/wp\/v2\/comments?post=2417"}],"version-history":[{"count":1,"href":"https:\/\/www.andbank.com\/brasil\/wp-json\/wp\/v2\/pages\/2417\/revisions"}],"predecessor-version":[{"id":13583,"href":"https:\/\/www.andbank.com\/brasil\/wp-json\/wp\/v2\/pages\/2417\/revisions\/13583"}],"up":[{"embeddable":true,"href":"https:\/\/www.andbank.com\/brasil\/wp-json\/wp\/v2\/pages\/2421"}],"wp:attachment":[{"href":"https:\/\/www.andbank.com\/brasil\/wp-json\/wp\/v2\/media?parent=2417"}],"wp:term":[{"taxonomy":"yst_prominent_words","embeddable":true,"href":"https:\/\/www.andbank.com\/brasil\/wp-json\/wp\/v2\/yst_prominent_words?post=2417"}],"curies":[{"name":"wp","href":"https:\/\/api.w.org\/{rel}","templated":true}]}}