{"id":2423,"date":"2018-03-22T21:49:06","date_gmt":"2018-03-22T16:49:06","guid":{"rendered":"https:\/\/www.andbank.com\/brasil\/?page_id=2423"},"modified":"2021-08-05T14:19:59","modified_gmt":"2021-08-05T09:19:59","slug":"flash-notes","status":"publish","type":"page","link":"https:\/\/www.andbank.com\/brasil\/analise-de-mercados\/flash-notes\/","title":{"rendered":"Reflex\u00f5es do Mercado"},"content":{"rendered":"<h2>Reflex\u00f5es do Mercado<\/h2>\n<p style=\"text-align: center\">Nosso economista-chefe, \u00c0lex Fust\u00e9, analisa a situa\u00e7\u00e3o global dos mercados financeiros e avalia as perspectivas da economia em Flash Notes, que n\u00f3s compartilhamos com os nossos clientes quando ocorre algo relevante para os mercados.<\/p>\n","protected":false},"excerpt":{"rendered":"<p>Reflex\u00f5es do Mercado Nosso economista-chefe, \u00c0lex Fust\u00e9, analisa a situa\u00e7\u00e3o global dos mercados financeiros e avalia as perspectivas da economia em Flash Notes, que n\u00f3s compartilhamos com os nossos clientes quando ocorre algo relevante para os mercados.<\/p>\n","protected":false},"author":13,"featured_media":0,"parent":2421,"menu_order":13,"comment_status":"closed","ping_status":"closed","template":"template-market-blog.php","meta":{"_acf_changed":false,"footnotes":""},"yst_prominent_words":[252],"class_list":["post-2423","page","type-page","status-publish","hentry"],"acf":[],"_links":{"self":[{"href":"https:\/\/www.andbank.com\/brasil\/wp-json\/wp\/v2\/pages\/2423"}],"collection":[{"href":"https:\/\/www.andbank.com\/brasil\/wp-json\/wp\/v2\/pages"}],"about":[{"href":"https:\/\/www.andbank.com\/brasil\/wp-json\/wp\/v2\/types\/page"}],"author":[{"embeddable":true,"href":"https:\/\/www.andbank.com\/brasil\/wp-json\/wp\/v2\/users\/13"}],"replies":[{"embeddable":true,"href":"https:\/\/www.andbank.com\/brasil\/wp-json\/wp\/v2\/comments?post=2423"}],"version-history":[{"count":0,"href":"https:\/\/www.andbank.com\/brasil\/wp-json\/wp\/v2\/pages\/2423\/revisions"}],"up":[{"embeddable":true,"href":"https:\/\/www.andbank.com\/brasil\/wp-json\/wp\/v2\/pages\/2421"}],"wp:attachment":[{"href":"https:\/\/www.andbank.com\/brasil\/wp-json\/wp\/v2\/media?parent=2423"}],"wp:term":[{"taxonomy":"yst_prominent_words","embeddable":true,"href":"https:\/\/www.andbank.com\/brasil\/wp-json\/wp\/v2\/yst_prominent_words?post=2423"}],"curies":[{"name":"wp","href":"https:\/\/api.w.org\/{rel}","templated":true}]}}