{"id":2778,"date":"2018-04-15T22:41:38","date_gmt":"2018-04-15T17:41:38","guid":{"rendered":"https:\/\/www.andbank.com\/brasil\/?page_id=2778"},"modified":"2018-04-15T22:47:53","modified_gmt":"2018-04-15T17:47:53","slug":"seja-um-agente-autonomo-andbank","status":"publish","type":"page","link":"https:\/\/www.andbank.com\/brasil\/seja-um-agente-autonomo-andbank\/","title":{"rendered":"Seja um Agente Aut\u00f4nomo Andbank"},"content":{"rendered":"<h1>Seja um Agente Aut\u00f4nomo Andbank<\/h1>\n<p>&nbsp;<\/p>\n<p>Fazer parte do time Andbank \u00e9 trabalhar com um\u00a0<strong>banco<\/strong> <b>global<\/b><span style=\"background-color: #ffffff\">, presente em 11 pa\u00edses, especializado na <\/span><b>gest\u00e3o independente <\/b><span style=\"background-color: #ffffff\">de patrim\u00f4nio financeiro de clientes de alta renda\u00a0<\/span>com<b> US$ 26 bilh\u00f5es sob gest\u00e3o.<\/b> Focado na <b>gera\u00e7\u00e3o de valor a longo prazo<\/b> h\u00e1 mais de <b>86 anos<\/b>.<\/p>\n<h2><\/h2>\n<h2>Plataforma aberta, sem conflito de interesse<\/h2>\n<p>Em parceria com bancos e gestores independentes, nacionais e internacionais, e um modelo de neg\u00f3cio baseado em arquitetura aberta, permite oferecer aos clientes acesso \u00e0s principais solu\u00e7\u00f5es do mercado sem conflitos de interesse.<\/p>\n<p><b>Fundos de Investimento <\/b><\/p>\n<ul>\n<li>Fundos Referenciados<\/li>\n<li>Fundos de Renda Fixa<\/li>\n<li>Fundos Multimercado<\/li>\n<li>Fundos de A\u00e7\u00f5es<\/li>\n<\/ul>\n<p><b>Renda <\/b><b>Fixa<\/b><\/p>\n<ul>\n<li>T\u00edtulos p\u00fablicos<\/li>\n<li>Emiss\u00f5es Banc\u00e1rias<\/li>\n<li>CRA\u2019s e CRI\u2019s<\/li>\n<li>Deb\u00eantures<\/li>\n<\/ul>\n<p><b>A\u00e7\u00f5es<\/b><\/p>\n<p><b>Opera\u00e7\u00f5es Estruturadas\u00a0<\/b>(COE )<\/p>\n<p>&nbsp;<\/p>\n<h2>Digital para o seu cliente, Digital para voc\u00ea<\/h2>\n<p>&nbsp;<\/p>\n<p><b>Preenchimento online de dados cadastrais<\/b><\/p>\n<ul>\n<li>Realizado pelo pr\u00f3prio cliente, evitando duplicidades e erros nas informa\u00e7\u00f5es cadastrais<\/li>\n<\/ul>\n<p><b>Assinatura Digital<\/b><\/p>\n<ul>\n<li>Sem necessidade de entrega de vias f\u00edsicas do cadastro e de contratos<\/li>\n<\/ul>\n<p><b>Abertura <\/b><b>da conta no <\/b><b>mesmo dia<\/b><\/p>\n<ul>\n<li>Abertura no mesmo dia para contas sem incid\u00eancias<\/li>\n<\/ul>\n<p><b>Recadastramento online<\/b><\/p>\n<ul>\n<li>A cada 2 anos, realizado diretamente pelo cliente<\/li>\n<\/ul>\n<p><b>Extrato Digital <\/b><b>Consolidado <\/b>(Andbank + outros) <b>multiplataforma<\/b><b>:<\/b><\/p>\n<ul>\n<li>www.andbank.com.br<\/li>\n<li>Celular (iOS e Androide)<\/li>\n<li>Tablet (iOS e Androide)<\/li>\n<\/ul>\n<p><b>Portal do Agente <\/b><\/p>\n<ul>\n<li>Evolu\u00e7\u00e3o dos \u00faltimos 12 meses de ativos sob gest\u00e3o dos clientes do agente<\/li>\n<li>Opera\u00e7\u00f5es agendadas ou realizadas no dia e seus status<\/li>\n<li>Alertas comerciais para:<\/li>\n<li>Vencimentos de Renda Fixa do dia e clientes com saldo negativo (Alta Prioridade)<\/li>\n<li>Vencimentos de Renda Fixa em D+1 e clientes com saldo positivo\u00a0(M\u00e9dia Prioridade)<\/li>\n<\/ul>\n<p>&nbsp;<\/p>\n<h2>Agilidade Operacional<\/h2>\n<p>&nbsp;<\/p>\n<p><b>\u201c<\/b><b>Conta e ordem\u201d para Fundos de Investimento <\/b><\/p>\n<ul>\n<li>Aplica\u00e7\u00e3o em fundos de terceiros com um \u00fanico cadastro e sem necessidade de preenchimento de formul\u00e1rios adicionais<\/li>\n<\/ul>\n<p><b>CETIP Certifica em Renda Fixa <\/b><\/p>\n<ul>\n<li>Certificado que propicia aos clientes transpar\u00eancia dos investimentos registrados na CETIP, identificando os mesmos com o CPF do investidor final<\/li>\n<\/ul>\n<p><b>Participante de Negocia\u00e7\u00e3o (PN) em Bolsa <\/b><\/p>\n<ul>\n<li>Compra e venda de a\u00e7\u00f5es dispon\u00edvel diretamente com a pr\u00f3pria institui\u00e7\u00e3o<\/li>\n<\/ul>\n<p><b>Conta corrente banc\u00e1ria <\/b><\/p>\n<ul>\n<li>D\u00e9bito autom\u00e1tico de taxas (consultoria, gest\u00e3o,&#8230;)<\/li>\n<\/ul>\n<p><b>Equipe de Atendimento aos Agentes<\/b><\/p>\n<ul>\n<li>Ponto de contato centralizado para todos os Agentes Aut\u00f4nomos<\/li>\n<\/ul>\n<p><b>Acesso <\/b><b>\u00e0 <\/b><b>salas de reuni\u00e3o para atendimento de clientes<\/b><\/p>\n<p>&nbsp;<\/p>\n<h2>Estrat\u00e9gia e Internacionaliza\u00e7\u00e3o<\/h2>\n<p>&nbsp;<\/p>\n<p><b>Acesso direto \u00e0 Mesa da Tesouraria<\/b><\/p>\n<ul>\n<li>Mercado Prim\u00e1rio de Renda Fixa privada\n<ul>\n<li>CRAs, CRIs e deb\u00eantures incentivadas dos melhores emissores<\/li>\n<\/ul>\n<\/li>\n<li>Trading no Mercado Secund\u00e1rio de Renda Fixa\n<ul>\n<li>NTN-B, NTN-B Principal, LTN, t\u00edtulos privados<\/li>\n<\/ul>\n<\/li>\n<li>COE\u2019s para distribui\u00e7\u00e3o e sob medida\n<ul>\n<li>Determinado por a\u00e7\u00f5es, moeda, commodities, ou juros<\/li>\n<li>Sob medida para COEs a partir de R$ 2M<\/li>\n<\/ul>\n<\/li>\n<\/ul>\n<p><b>Propostas de Investimento sob medida<\/b><\/p>\n<p><b>Conta no exterior para investidor local<\/b><\/p>\n<ul>\n<li>Acesso aos servi\u00e7os de Private Banking internacionais por meio das filiais do Andbank em Luxemburgo e Miami.<\/li>\n<li>Interlocu\u00e7\u00e3o com gestores globais<\/li>\n<\/ul>\n<p><b>Acesso \u00e0s solu\u00e7\u00f5es financeiras sob gest\u00e3o das 11 unidades do <\/b><b>Andbank<\/b><b> ao redor do mundo<\/b><\/p>\n<p>&nbsp;<\/p>\n","protected":false},"excerpt":{"rendered":"<p>Seja um Agente Aut\u00f4nomo Andbank &nbsp; Fazer parte do time Andbank \u00e9 trabalhar com um\u00a0banco global, presente em 11 pa\u00edses, especializado na gest\u00e3o independente de patrim\u00f4nio financeiro de clientes de alta renda\u00a0com US$ 26 bilh\u00f5es sob gest\u00e3o. Focado na gera\u00e7\u00e3o de valor a longo prazo h\u00e1 mais de 86 anos. Plataforma aberta, sem conflito de [&hellip;]<\/p>\n","protected":false},"author":14,"featured_media":2780,"parent":0,"menu_order":0,"comment_status":"closed","ping_status":"closed","template":"","meta":{"_acf_changed":false,"footnotes":""},"yst_prominent_words":[732,731,722,718,206,721,461,63,723,62,208,729,720,724,128,730,725,733,728,727],"class_list":["post-2778","page","type-page","status-publish","has-post-thumbnail","hentry"],"acf":[],"_links":{"self":[{"href":"https:\/\/www.andbank.com\/brasil\/wp-json\/wp\/v2\/pages\/2778"}],"collection":[{"href":"https:\/\/www.andbank.com\/brasil\/wp-json\/wp\/v2\/pages"}],"about":[{"href":"https:\/\/www.andbank.com\/brasil\/wp-json\/wp\/v2\/types\/page"}],"author":[{"embeddable":true,"href":"https:\/\/www.andbank.com\/brasil\/wp-json\/wp\/v2\/users\/14"}],"replies":[{"embeddable":true,"href":"https:\/\/www.andbank.com\/brasil\/wp-json\/wp\/v2\/comments?post=2778"}],"version-history":[{"count":0,"href":"https:\/\/www.andbank.com\/brasil\/wp-json\/wp\/v2\/pages\/2778\/revisions"}],"wp:featuredmedia":[{"embeddable":true,"href":"https:\/\/www.andbank.com\/brasil\/wp-json\/wp\/v2\/media\/2780"}],"wp:attachment":[{"href":"https:\/\/www.andbank.com\/brasil\/wp-json\/wp\/v2\/media?parent=2778"}],"wp:term":[{"taxonomy":"yst_prominent_words","embeddable":true,"href":"https:\/\/www.andbank.com\/brasil\/wp-json\/wp\/v2\/yst_prominent_words?post=2778"}],"curies":[{"name":"wp","href":"https:\/\/api.w.org\/{rel}","templated":true}]}}