{"id":2842,"date":"2018-04-20T07:43:07","date_gmt":"2018-04-20T02:43:07","guid":{"rendered":"https:\/\/www.andbank.com\/brasil\/?page_id=2842"},"modified":"2018-04-20T17:59:45","modified_gmt":"2018-04-20T12:59:45","slug":"you-and-bank","status":"publish","type":"page","link":"https:\/\/www.andbank.com\/brasil\/you-and-bank\/","title":{"rendered":"You AND Bank"},"content":{"rendered":"<h1><span style=\"color: #d52b00\">You AND Bank<\/span><\/h1>\n<p>&nbsp;<\/p>\n<p>Selecionamos um grupo exclusivo de investidores para participar da a\u00e7\u00e3o <span style=\"color: #d52b00\"><strong>You AND Bank<\/strong><\/span>. A cada investimento de R$ 1 milh\u00e3o\u00a0provenientes de outra institui\u00e7\u00e3o financeira alocados nos Fundos <strong>Andbank Livre<\/strong>, <strong>Andbank A\u00e7\u00f5es<\/strong> e\/ou <strong>Andbank Yield<\/strong>, independente da propor\u00e7\u00e3o entre os 3 produtos, o cliente Andbank ganha de presente um<strong>\u00a0iPhone X<\/strong>.<\/p>\n<hr \/>\n<p><img loading=\"lazy\" decoding=\"async\" class=\"aligncenter wp-image-2848 size-full\" src=\"https:\/\/www.andbank.com\/brasil\/wp-content\/uploads\/sites\/11\/2018\/04\/Banner.jpg\" alt=\"\" width=\"600\" height=\"300\" \/><\/p>\n<hr \/>\n<p>&nbsp;<\/p>\n<h2><span style=\"color: #d52b00\">Para ganhar seu iPhone<\/span><\/h2>\n<p>&nbsp;<\/p>\n<ul>\n<li>Para participar dessa a\u00e7\u00e3o especial \u00e9 muito simples, basta e<span style=\"background-color: #ffffff\">nviar <\/span><span style=\"background-color: #ffffff\">o <a href=\"https:\/\/www.andbank.com\/brasil\/wp-content\/uploads\/sites\/11\/2018\/04\/Termo-de-ades\u00e3o-eletr\u00f4nica-Regualmento-Campanha.pdf\">Termo de Ades\u00e3o<\/a>assinado digitalizado da campanha <span style=\"color: #d52b00\"><strong>You AND Bank<\/strong><\/span> para o departamento de marketing do Andbank por meio do e-mail comunicacao@andbank-lla.com.br ou uma via f\u00edsica assinada atrav\u00e9s do seu <\/span><em>banker, <\/em>ap\u00f3s r<span style=\"background-color: #ffffff\">ealizar o investimento de R$ 1.000.000,00 provenientes de outra institui\u00e7\u00e3o financeira em, no m\u00ednimo, um dos 3 fundos de investimento:\u00a0 <strong>Andbank Livre<\/strong>, <strong>Andbank A\u00e7\u00f5es<\/strong> e <strong>Andbank Yield<\/strong>.<\/span><\/li>\n<\/ul>\n<p>&nbsp;<\/p>\n<ul>\n<li>Ap\u00f3s o recebimento do termo e confirma\u00e7\u00e3o do investimento, \u00e9 s\u00f3 aguardar o contato do seu banker para que ele possa combinar a entrega do seu <strong>iPhone X<\/strong>.\u00a0Para os investidores que moram fora da capital S\u00e3o Paulo, a entrega ser\u00e1 feita por correio diretamente para o endere\u00e7o preferencial de entrega de correspond\u00eancias credenciado no Andbank.<\/li>\n<\/ul>\n<p>&nbsp;<\/p>\n<ul>\n<li>A a\u00e7\u00e3o <span style=\"color: #d52b00\"><strong>You AND Bank<\/strong><\/span> \u00e9 v\u00e1lida para os termos de ades\u00e3o e investimentos realizados <strong>entre 20 de abril e 18 de maio de 2018<\/strong>,\u00a0 para\u00a0clientes atuais e novos clientes Andbank indicados a participarem.<\/li>\n<\/ul>\n<p>&nbsp;<\/p>\n<p><em>N\u00e3o deixe de consultar o <a href=\"https:\/\/www.andbank.com\/brasil\/wp-content\/uploads\/sites\/11\/2018\/04\/Regulamento-da-Promo\u00e7\u00e3o.pdf\">Regulamento da Promo\u00e7\u00e3o<\/a>\u00a0antes de participar.<\/em><\/p>\n<p>&nbsp;<\/p>\n<p>Quaisquer d\u00favidas ou para obter mais informa\u00e7\u00f5es, entre em contato\u00a0com o departamento de marketing do <strong>Andbank<\/strong> por meio de\u00a0<a href=\"mailto:comunicacao@andbank-lla.com.br\">comunicacao@andbank-lla.com.br<\/a> ou\u00a011 3095-7088.<\/p>\n<p>&nbsp;<\/p>\n","protected":false},"excerpt":{"rendered":"<p>You AND Bank &nbsp; Selecionamos um grupo exclusivo de investidores para participar da a\u00e7\u00e3o You AND Bank. A cada investimento de R$ 1 milh\u00e3o\u00a0provenientes de outra institui\u00e7\u00e3o financeira alocados nos Fundos Andbank Livre, Andbank A\u00e7\u00f5es e\/ou Andbank Yield, independente da propor\u00e7\u00e3o entre os 3 produtos, o cliente Andbank ganha de presente um\u00a0iPhone X. &nbsp; Para [&hellip;]<\/p>\n","protected":false},"author":14,"featured_media":2845,"parent":0,"menu_order":0,"comment_status":"closed","ping_status":"closed","template":"","meta":{"_acf_changed":false,"footnotes":""},"yst_prominent_words":[804,802,756,778,776,782,808,807,791,790,766,777,809,769,771,768,767,793,757,755],"class_list":["post-2842","page","type-page","status-publish","has-post-thumbnail","hentry"],"acf":[],"_links":{"self":[{"href":"https:\/\/www.andbank.com\/brasil\/wp-json\/wp\/v2\/pages\/2842"}],"collection":[{"href":"https:\/\/www.andbank.com\/brasil\/wp-json\/wp\/v2\/pages"}],"about":[{"href":"https:\/\/www.andbank.com\/brasil\/wp-json\/wp\/v2\/types\/page"}],"author":[{"embeddable":true,"href":"https:\/\/www.andbank.com\/brasil\/wp-json\/wp\/v2\/users\/14"}],"replies":[{"embeddable":true,"href":"https:\/\/www.andbank.com\/brasil\/wp-json\/wp\/v2\/comments?post=2842"}],"version-history":[{"count":0,"href":"https:\/\/www.andbank.com\/brasil\/wp-json\/wp\/v2\/pages\/2842\/revisions"}],"wp:featuredmedia":[{"embeddable":true,"href":"https:\/\/www.andbank.com\/brasil\/wp-json\/wp\/v2\/media\/2845"}],"wp:attachment":[{"href":"https:\/\/www.andbank.com\/brasil\/wp-json\/wp\/v2\/media?parent=2842"}],"wp:term":[{"taxonomy":"yst_prominent_words","embeddable":true,"href":"https:\/\/www.andbank.com\/brasil\/wp-json\/wp\/v2\/yst_prominent_words?post=2842"}],"curies":[{"name":"wp","href":"https:\/\/api.w.org\/{rel}","templated":true}]}}