{"id":4049,"date":"2018-10-31T00:57:14","date_gmt":"2018-10-30T19:57:14","guid":{"rendered":"https:\/\/www.andbank.com\/brasil\/?page_id=4049"},"modified":"2018-10-31T20:46:30","modified_gmt":"2018-10-31T15:46:30","slug":"andbank-performance-acoes","status":"publish","type":"page","link":"https:\/\/www.andbank.com\/brasil\/regulamentos\/andbank-performance-acoes\/","title":{"rendered":"ANDBANK PERFORMANCE A\u00c7\u00d5ES"},"content":{"rendered":"<h2 style=\"text-align: center\"><span style=\"color: #ff0000\">ANDBANK PERFORMANCE A\u00c7\u00d5ES<\/span><\/h2>\n<p>&nbsp;<\/p>\n<p><b>FUNDO<\/b><br \/>\nANDBANK PERFORMANCE A\u00c7\u00d5ES FUNDO DE INVESTIMENTO EM COTAS DE FUNDOS DE INVESTIMENTO DE A\u00c7\u00d5ES<br \/>\n<strong>CNPJ 08.875.004\/0001-25 <\/strong><\/p>\n<p><strong>GESTOR<\/strong><br \/>\nBanco Andbank (Brasil) S.A.<\/p>\n<p><strong>ADMINISTRADOR<\/strong><br \/>\nBNY Mellon Servi\u00e7os Financeiros Distribuidora de T\u00edtulos e Valores Mobili\u00e1rios S.A.<\/p>\n<p><strong>CLASSIFICA\u00c7\u00c3O ANBIMA<\/strong><br \/>\nA\u00e7\u00f5es Livres<\/p>\n<p><strong>OBJETIVO<\/strong><br \/>\nAplicar, no m\u00ednimo, 95% de seu patrim\u00f4nio l\u00edquido em cotas de fundos de investimento da classe A\u00e7\u00f5es, com o objetivo de proporcionar aos seus Cotistas rentabilidade por meio das oportunidades oferecidas, preponderantemente, pelo mercado acion\u00e1rio dom\u00e9stico.<\/p>\n<p><strong>P\u00daBLICO ALVO<\/strong><br \/>\nInvestidores qualificados<\/p>\n<p>&nbsp;<\/p>\n<h2 style=\"text-align: center\"><span style=\"color: #ff0000\"><b>CARACTER\u00cdSTICAS<\/b><\/span><\/h2>\n<p>&nbsp;<\/p>\n<table width=\"824\">\n<tbody>\n<tr>\n<td style=\"text-align: center\" width=\"244\"><span style=\"color: #ff0000\"><strong>STATUS DE CAPTA\u00c7\u00c3O<\/strong><\/span><\/td>\n<td style=\"text-align: center\" width=\"244\"><span style=\"color: #ff0000\"><strong>CONVERS\u00c3O DA COTA PARA APLICA\u00c7\u00c3O<\/strong><\/span><\/td>\n<\/tr>\n<tr>\n<td style=\"text-align: center\">Aberto<\/td>\n<td style=\"text-align: center\">D+1<\/td>\n<\/tr>\n<tr>\n<td style=\"text-align: center\"><span style=\"color: #ff0000\"><strong>APLICA\u00c7\u00c3O INICIAL<\/strong><\/span><\/td>\n<td style=\"text-align: center\"><span style=\"color: #ff0000\"><strong>CONVERS\u00c3O DA COTA PARA RESGATE<\/strong><\/span><\/td>\n<\/tr>\n<tr>\n<td style=\"text-align: center\">R$25.000,00<\/td>\n<td style=\"text-align: center\">D+30<\/td>\n<\/tr>\n<tr>\n<td style=\"text-align: center\"><span style=\"color: #ff0000\"><strong>MOVIMENTA\u00c7\u00c3O M\u00cdNIMA<\/strong><\/span><\/td>\n<td style=\"text-align: center\"><span style=\"color: #ff0000\"><strong>TAXA DE ADMINISTRA\u00c7\u00c3O<\/strong><\/span><\/td>\n<\/tr>\n<tr>\n<td style=\"text-align: center\">R$5.000,00<\/td>\n<td style=\"text-align: center\">1,20%<\/td>\n<\/tr>\n<tr>\n<td style=\"text-align: center\"><span style=\"color: #ff0000\"><strong>SALDO DE PERMAN\u00caNCIA NO FUNDO<\/strong><\/span><\/td>\n<td style=\"text-align: center\"><span style=\"color: #ff0000\"><strong>TAXA DE PERFORMANCE<\/strong><\/span><\/td>\n<\/tr>\n<tr>\n<td style=\"text-align: center\">R$5.000,00<\/td>\n<td style=\"text-align: center\">10,00%<\/td>\n<\/tr>\n<tr>\n<td style=\"text-align: center\"><span style=\"color: #ff0000\"><strong>HOR\u00c1RIO LIMITE DE APLICA\u00c7\u00c3O<\/strong><\/span><\/td>\n<td style=\"text-align: center\"><span style=\"color: #ff0000\"><strong>PATRIM\u00d4NIO LIQUIDO\u00a0<\/strong><\/span><\/td>\n<\/tr>\n<tr>\n<td style=\"text-align: center\">14:00<\/td>\n<td style=\"text-align: center\">R$16.328.356,64<\/td>\n<\/tr>\n<\/tbody>\n<\/table>\n<h2><\/h2>\n<p>&nbsp;<\/p>\n<h2 style=\"text-align: center\"><span style=\"color: #ff0000\"><strong>REGULAMENTO<\/strong><\/span><\/h2>\n<p>&nbsp;<\/p>\n<p><a href=\"https:\/\/www.andbank.com\/brasil\/wp-content\/uploads\/sites\/11\/2018\/10\/REGULAMENTO-ANDBANK-PERFORMANCE-ACOES-FIC-FI-DE-ACOES.pdf\">REGULAMENTO ANDBANK PERFORMANCE ACOES FIC FI DE ACOES<\/a><\/p>\n<p><a href=\"https:\/\/www.andbank.com\/brasil\/wp-content\/uploads\/sites\/11\/2018\/10\/INFORMACOES-COMPLEMENTARES-ANDBANK-PERFORMANCE-ACOES-FIC-FI-DE-ACOES.pdf\">INFORMACOES COMPLEMENTARES ANDBANK PERFORMANCE ACOES FIC FI DE ACOES<\/a><\/p>\n<p>&nbsp;<\/p>\n<h2 style=\"text-align: center\"><span style=\"color: #ff0000\"><strong>RENTABILIDADE<\/strong><\/span><\/h2>\n<p>&nbsp;<\/p>\n<p>Acesse a sess\u00e3o de <a href=\"https:\/\/www.andbank.com\/brasil\/rentabilidades-produtos\/\" target=\"_blank\" rel=\"noopener\">Rentabilidade de Produtos<\/a> para acompanhar, diariamente, a rentabilidade do fundo.<\/p>\n","protected":false},"excerpt":{"rendered":"<p>ANDBANK PERFORMANCE A\u00c7\u00d5ES &nbsp; FUNDO ANDBANK PERFORMANCE A\u00c7\u00d5ES FUNDO DE INVESTIMENTO EM COTAS DE FUNDOS DE INVESTIMENTO DE A\u00c7\u00d5ES CNPJ 08.875.004\/0001-25 GESTOR Banco Andbank (Brasil) S.A. ADMINISTRADOR BNY Mellon Servi\u00e7os Financeiros Distribuidora de T\u00edtulos e Valores Mobili\u00e1rios S.A. CLASSIFICA\u00c7\u00c3O ANBIMA A\u00e7\u00f5es Livres OBJETIVO Aplicar, no m\u00ednimo, 95% de seu patrim\u00f4nio l\u00edquido em cotas de fundos [&hellip;]<\/p>\n","protected":false},"author":14,"featured_media":4028,"parent":1151,"menu_order":0,"comment_status":"closed","ping_status":"closed","template":"","meta":{"_acf_changed":false,"footnotes":""},"yst_prominent_words":[935,1067,1063,892,1058,1065,1062,1033,122,120,1034,121,1097,948,1066,729,1059,1096,1064],"class_list":["post-4049","page","type-page","status-publish","has-post-thumbnail","hentry"],"acf":[],"_links":{"self":[{"href":"https:\/\/www.andbank.com\/brasil\/wp-json\/wp\/v2\/pages\/4049"}],"collection":[{"href":"https:\/\/www.andbank.com\/brasil\/wp-json\/wp\/v2\/pages"}],"about":[{"href":"https:\/\/www.andbank.com\/brasil\/wp-json\/wp\/v2\/types\/page"}],"author":[{"embeddable":true,"href":"https:\/\/www.andbank.com\/brasil\/wp-json\/wp\/v2\/users\/14"}],"replies":[{"embeddable":true,"href":"https:\/\/www.andbank.com\/brasil\/wp-json\/wp\/v2\/comments?post=4049"}],"version-history":[{"count":0,"href":"https:\/\/www.andbank.com\/brasil\/wp-json\/wp\/v2\/pages\/4049\/revisions"}],"up":[{"embeddable":true,"href":"https:\/\/www.andbank.com\/brasil\/wp-json\/wp\/v2\/pages\/1151"}],"wp:featuredmedia":[{"embeddable":true,"href":"https:\/\/www.andbank.com\/brasil\/wp-json\/wp\/v2\/media\/4028"}],"wp:attachment":[{"href":"https:\/\/www.andbank.com\/brasil\/wp-json\/wp\/v2\/media?parent=4049"}],"wp:term":[{"taxonomy":"yst_prominent_words","embeddable":true,"href":"https:\/\/www.andbank.com\/brasil\/wp-json\/wp\/v2\/yst_prominent_words?post=4049"}],"curies":[{"name":"wp","href":"https:\/\/api.w.org\/{rel}","templated":true}]}}