{"id":4062,"date":"2018-10-31T01:22:01","date_gmt":"2018-10-30T20:22:01","guid":{"rendered":"https:\/\/www.andbank.com\/brasil\/?page_id=4062"},"modified":"2020-06-25T17:57:31","modified_gmt":"2020-06-25T12:57:31","slug":"andbank-performance-livre","status":"publish","type":"page","link":"https:\/\/www.andbank.com\/brasil\/regulamentos\/andbank-performance-livre\/","title":{"rendered":"ANDBANK PERFORMANCE LIVRE"},"content":{"rendered":"<h2 style=\"text-align: center\"><span style=\"color: #ff0000\">ANDBANK PERFORMANCE LIVRE<\/span><\/h2>\n<p>&nbsp;<\/p>\n<p><b>FUNDO<\/b><br \/>\nANDBANK PERFORMANCE LIVRE FI COTAS FI MULTIMERCADO<br \/>\n<strong>CNPJ <\/strong>04.874.817\/0001-40<\/p>\n<p><strong>GESTOR<\/strong><br \/>\nBanco Andbank (Brasil) S.A.<\/p>\n<p><strong>ADMINISTRADOR<\/strong><br \/>\nBNY Mellon Servi\u00e7os Financeiros Distribuidora de T\u00edtulos e Valores Mobili\u00e1rios S.A.<\/p>\n<p><strong>CLASSIFICA\u00c7\u00c3O ANBIMA<\/strong><br \/>\nMultimercados Livre<\/p>\n<p><strong>OBJETIVO<\/strong><br \/>\nProporcionar aos seus cotistas rentabilidade atrav\u00e9s das oportunidades oferecidas pelos mercados de taxa de juros p\u00f3s-fixadas e pr\u00e9-fixadas, \u00edndices de pre\u00e7o, moeda estrangeira, commodities e renda vari\u00e1vel.<\/p>\n<p><strong>P\u00daBLICO ALVO<\/strong><br \/>\nInvestidores em geral<\/p>\n<p>&nbsp;<\/p>\n<h2 style=\"text-align: center\"><span style=\"color: #ff0000\"><b>CARACTER\u00cdSTICAS<\/b><\/span><\/h2>\n<p>&nbsp;<\/p>\n<table width=\"824\">\n<tbody>\n<tr>\n<td style=\"text-align: center\" width=\"244\"><span style=\"color: #ff0000\"><strong>STATUS DE CAPTA\u00c7\u00c3O<\/strong><\/span><\/td>\n<td style=\"text-align: center\" width=\"244\"><span style=\"color: #ff0000\"><strong>CONVERS\u00c3O DA COTA PARA APLICA\u00c7\u00c3O<\/strong><\/span><\/td>\n<\/tr>\n<tr>\n<td style=\"text-align: center\">Aberto<\/td>\n<td style=\"text-align: center\">D+1<\/td>\n<\/tr>\n<tr>\n<td style=\"text-align: center\"><span style=\"color: #ff0000\"><strong>APLICA\u00c7\u00c3O INICIAL<\/strong><\/span><\/td>\n<td style=\"text-align: center\"><span style=\"color: #ff0000\"><strong>CONVERS\u00c3O DA COTA PARA RESGATE<\/strong><\/span><\/td>\n<\/tr>\n<tr>\n<td style=\"text-align: center\">R$25.000,00<\/td>\n<td style=\"text-align: center\">D+30<\/td>\n<\/tr>\n<tr>\n<td style=\"text-align: center\"><span style=\"color: #ff0000\"><strong>MOVIMENTA\u00c7\u00c3O M\u00cdNIMA<\/strong><\/span><\/td>\n<td style=\"text-align: center\"><span style=\"color: #ff0000\"><strong>TAXA DE ADMINISTRA\u00c7\u00c3O<\/strong><\/span><\/td>\n<\/tr>\n<tr>\n<td style=\"text-align: center\">R$5.000,00<\/td>\n<td style=\"text-align: center\">0,85%<\/td>\n<\/tr>\n<tr>\n<td style=\"text-align: center\"><span style=\"color: #ff0000\"><strong>SALDO DE PERMAN\u00caNCIA NO FUNDO<\/strong><\/span><\/td>\n<td style=\"text-align: center\"><span style=\"color: #ff0000\"><strong>TAXA DE PERFORMANCE<\/strong><\/span><\/td>\n<\/tr>\n<tr>\n<td style=\"text-align: center\">R$5.000,00<\/td>\n<td style=\"text-align: center\">20%<\/td>\n<\/tr>\n<tr>\n<td style=\"text-align: center\"><span style=\"color: #ff0000\"><strong>HOR\u00c1RIO LIMITE DE APLICA\u00c7\u00c3O<\/strong><\/span><\/td>\n<td style=\"text-align: center\"><span style=\"color: #ff0000\"><strong>PATRIM\u00d4NIO LIQUIDO\u00a0<\/strong><\/span><\/td>\n<\/tr>\n<tr>\n<td style=\"text-align: center\">14:00<\/td>\n<td style=\"text-align: center\">R$108.692.207,6<\/td>\n<\/tr>\n<\/tbody>\n<\/table>\n<h2><\/h2>\n<p>&nbsp;<\/p>\n<h2 style=\"text-align: center\"><span style=\"color: #ff0000\"><strong>REGULAMENTO<\/strong><\/span><\/h2>\n<p>&nbsp;<\/p>\n<p><a href=\"https:\/\/www.andbank.com\/brasil\/wp-content\/uploads\/sites\/11\/2018\/10\/INFORMACOES-COMPLEMENTARES-ANDBANK-PERFORMANCE-LIVRE-FI-COTAS-FI-MULTIMERCADO.pdf\">INFORMACOES COMPLEMENTARES ANDBANK PERFORMANCE LIVRE FI COTAS FI MULTIMERCADO<\/a><\/p>\n<p>&nbsp;<\/p>\n<h2 style=\"text-align: center\"><span style=\"color: #ff0000\"><strong>RENTABILIDADE<\/strong><\/span><\/h2>\n<p>&nbsp;<\/p>\n<p>Acesse a sess\u00e3o de <a href=\"https:\/\/www.andbank.com\/brasil\/rentabilidades-produtos\/\" target=\"_blank\" rel=\"noopener\">Rentabilidade de Produtos<\/a> para acompanhar, diariamente, a rentabilidade do fundo.<\/p>\n","protected":false},"excerpt":{"rendered":"<p>ANDBANK PERFORMANCE LIVRE &nbsp; FUNDO ANDBANK PERFORMANCE LIVRE FI COTAS FI MULTIMERCADO CNPJ 04.874.817\/0001-40 GESTOR Banco Andbank (Brasil) S.A. ADMINISTRADOR BNY Mellon Servi\u00e7os Financeiros Distribuidora de T\u00edtulos e Valores Mobili\u00e1rios S.A. CLASSIFICA\u00c7\u00c3O ANBIMA Multimercados Livre OBJETIVO Proporcionar aos seus cotistas rentabilidade atrav\u00e9s das oportunidades oferecidas pelos mercados de taxa de juros p\u00f3s-fixadas e pr\u00e9-fixadas, \u00edndices [&hellip;]<\/p>\n","protected":false},"author":14,"featured_media":4028,"parent":1151,"menu_order":0,"comment_status":"closed","ping_status":"closed","template":"","meta":{"_acf_changed":false,"footnotes":""},"yst_prominent_words":[892,1098,1109,1104,1033,1151,1110,1034,1150,1111,1106,1115,1114,1112,1107,1103,1099,1113,1108,1105],"class_list":["post-4062","page","type-page","status-publish","has-post-thumbnail","hentry"],"acf":[],"_links":{"self":[{"href":"https:\/\/www.andbank.com\/brasil\/wp-json\/wp\/v2\/pages\/4062"}],"collection":[{"href":"https:\/\/www.andbank.com\/brasil\/wp-json\/wp\/v2\/pages"}],"about":[{"href":"https:\/\/www.andbank.com\/brasil\/wp-json\/wp\/v2\/types\/page"}],"author":[{"embeddable":true,"href":"https:\/\/www.andbank.com\/brasil\/wp-json\/wp\/v2\/users\/14"}],"replies":[{"embeddable":true,"href":"https:\/\/www.andbank.com\/brasil\/wp-json\/wp\/v2\/comments?post=4062"}],"version-history":[{"count":0,"href":"https:\/\/www.andbank.com\/brasil\/wp-json\/wp\/v2\/pages\/4062\/revisions"}],"up":[{"embeddable":true,"href":"https:\/\/www.andbank.com\/brasil\/wp-json\/wp\/v2\/pages\/1151"}],"wp:featuredmedia":[{"embeddable":true,"href":"https:\/\/www.andbank.com\/brasil\/wp-json\/wp\/v2\/media\/4028"}],"wp:attachment":[{"href":"https:\/\/www.andbank.com\/brasil\/wp-json\/wp\/v2\/media?parent=4062"}],"wp:term":[{"taxonomy":"yst_prominent_words","embeddable":true,"href":"https:\/\/www.andbank.com\/brasil\/wp-json\/wp\/v2\/yst_prominent_words?post=4062"}],"curies":[{"name":"wp","href":"https:\/\/api.w.org\/{rel}","templated":true}]}}