{"id":4868,"date":"2019-03-19T00:54:20","date_gmt":"2019-03-18T19:54:20","guid":{"rendered":"https:\/\/www.andbank.com\/brasil\/?page_id=4868"},"modified":"2019-03-19T01:51:16","modified_gmt":"2019-03-18T20:51:16","slug":"flash-note-esta-tras-da-subida-do-preco-do-petroleo","status":"publish","type":"page","link":"https:\/\/www.andbank.com\/brasil\/flash-note-esta-tras-da-subida-do-preco-do-petroleo\/","title":{"rendered":"Flash Note:  O que est\u00e1 por tr\u00e1s da subida do pre\u00e7o do petr\u00f3leo?"},"content":{"rendered":"<p>&nbsp;<\/p>\n<h1>O que est\u00e1 por tr\u00e1s da subida do pre\u00e7o do petr\u00f3leo?<\/h1>\n<p>18 de mar\u00e7o, 2019<\/p>\n<p>&nbsp;<\/p>\n<h2>Fatores de curto prazo elevando os pre\u00e7os do petr\u00f3leo<\/h2>\n<p>&nbsp;<\/p>\n<ul>\n<li><strong>Os sauditas sugerem que cortes podem se estender at\u00e9 2019, apesar da press\u00e3o de Trump.<\/strong> O Ministro da Energia da Ar\u00e1bia Saudita, al-Falih, disse no domingo 18 de mar\u00e7o que ainda est\u00e1 enxergando o ac\u00famulo de estoques e que a alian\u00e7a de produ\u00e7\u00e3o da OPEP+ &#8220;far\u00e1 o que for necess\u00e1rio no segundo semestre&#8221;, sinalizando que os cortes de produ\u00e7\u00e3o do grupo ser\u00e3o mantidos pelo menos at\u00e9 o final do ano. A Ar\u00e1bia Saudita est\u00e1 pronta para continuar com a estrat\u00e9gia de corte de produ\u00e7\u00e3o na reuni\u00e3o da OPEP do pr\u00f3ximo m\u00eas, apesar da cont\u00ednua press\u00e3o de Trump para aumentar a produ\u00e7\u00e3o (e reduzir o pre\u00e7o do petr\u00f3leo). Analistas observaram que a Ar\u00e1bia Saudita ainda se sente tra\u00edda depois que Trump enganou o pa\u00eds sobre as san\u00e7\u00f5es do Ir\u00e3 ao autorizar isen\u00e7\u00f5es. A\u00e7\u00f5es recentes da Ar\u00e1bia Saudita, incluindo a redu\u00e7\u00e3o da produ\u00e7\u00e3o em mais do que prometeram, s\u00e3o um contraste de quando o reino rendeu-se para Trump no outono. Por outro lado, o Ministro da Energia russo, Novak, disse que seu pa\u00eds agora est\u00e1 cumprindo o compromisso da R\u00fassia de reduzir em 230 mil bpd, mas &#8220;n\u00e3o sabemos o que acontecer\u00e1 em abril, ent\u00e3o n\u00e3o podemos prever o segundo semestre&#8221;. &#8221; Os membros do grupo de produ\u00e7\u00e3o est\u00e3o vendo um consenso crescente para cancelar a reuni\u00e3o marcada para abril e tomar uma decis\u00e3o sobre a possibilidade de estender os cortes na reuni\u00e3o de junho da OPEP.<\/li>\n<\/ul>\n<p>&nbsp;<\/p>\n<ul>\n<li><strong>Barkindo diz que \u201co cumprimento do pacto est\u00e1 melhorando\u201d.<\/strong> O secret\u00e1rio-geral da OPEP, Barkindo, disse durante o m\u00eas que o cumprimento do acordo de corte de oferta dos grupos OPEP+ est\u00e1 melhorando, um fator que ajudar\u00e1 o mercado de petr\u00f3leo a resistir ao ac\u00famulo de estoques. O artigo observa que Barkindo caracterizou a melhoria no cumprimento como &#8220;not\u00e1vel&#8221;.<\/li>\n<\/ul>\n<p>&nbsp;<\/p>\n<ul>\n<li><strong>A crise da Venezuela representa um desafio para os mercados globais.<\/strong> O relat\u00f3rio mensal da IEA afirma que o agravamento da crise na Venezuela pode representar um desafio para o mercado de petr\u00f3leo. As estimativas para a produ\u00e7\u00e3o do pa\u00eds em fevereiro ca\u00edram 100K m\/m para 1,14M bpd. A produ\u00e7\u00e3o bruta total da OPEP foi estimada em 240K bpd, para 30,68 milh\u00f5es de barris. Apesar do decl\u00ednio mensal da produ\u00e7\u00e3o nos EUA, a OPEP agora tem capacidade ociosa de 2,8 milh\u00f5es de barris\/dia, com grande parte em petr\u00f3leo bruto de qualidade semelhante \u00e0 da Venezuela, o que poderia ajudar a apoiar os mercados em caso de perdas venezuelanas adicionais.<\/li>\n<\/ul>\n<p>&nbsp;<\/p>\n<ul>\n<li><strong>O <em>\u201cmomentum\u201d<\/em> est\u00e1 crescendo. Como resultado de todos os pontos mencionados acima, os net longs est\u00e3o em alta pela terceira semana consecutiva.<\/strong> A posi\u00e7\u00e3o l\u00edquida do investidor no WTI subiu 4% na semana (at\u00e9 12 de mar\u00e7o), com os longs aumentando pela terceira semana consecutiva e os shorts caindo 7% no per\u00edodo. Os analistas destacaram v\u00e1rios fatores para o aumento da alta, como maior confian\u00e7a que os sauditas manter\u00e3o o suprimento estrangulado e sob controle. Eles acrescentam que a m\u00e9dia m\u00f3vel de 50 dias do WTI est\u00e1 ajustada para cruzar seus 100dma, o que muitos consideram um sinal de alta.<\/li>\n<\/ul>\n<p>&nbsp;<\/p>\n<h2>Fatores de curto prazo que poderiam manter os pre\u00e7os do petr\u00f3leo limitados<\/h2>\n<p>&nbsp;<\/p>\n<ul>\n<li>O<strong> Departamento de Estado dos EUA diz que os EUA podem conceder isen\u00e7\u00f5es.<\/strong> Na CERAWeek, o representante especial do Ir\u00e3 no Departamento de Estado dos Estados Unidos, Brian Hook, disse que os EUA poderiam estender as isen\u00e7\u00f5es de san\u00e7\u00f5es ao petr\u00f3leo iraniano, a fim de evitar um forte aumento no pre\u00e7o global do petr\u00f3leo. No entanto, Hook disse que a extens\u00e3o pode depender se a Venezuela impacta significativamente a oferta global e os pre\u00e7os do petr\u00f3leo. Esta \u00e9 a primeira indica\u00e7\u00e3o p\u00fablica de que a Casa Branca poderia estender as isen\u00e7\u00f5es de san\u00e7\u00f5es ao Ir\u00e3, e recuou das declara\u00e7\u00f5es anteriores de Hook de que as autoriza\u00e7\u00f5es provavelmente expirariam em maio em um esfor\u00e7o para empurrar as exporta\u00e7\u00f5es iranianas para zero. Hook disse que Trump quer aplicar a m\u00e1xima press\u00e3o econ\u00f4mica ao Ir\u00e3, mas tamb\u00e9m n\u00e3o quer chocar os mercados de petr\u00f3leo e quer manter um mercado est\u00e1vel e bem abastecido. Os EUA querem reduzir em 20% as exporta\u00e7\u00f5es iranianas para menos de 1 milh\u00e3o de barris a partir de maio, mas com as isen\u00e7\u00f5es renovadas para que mais pa\u00edses comprassem o petr\u00f3leo iraniano, isso poderia ser adiado. China, \u00cdndia e Turquia provavelmente manter\u00e3o suas isen\u00e7\u00f5es, dada a depend\u00eancia do petr\u00f3leo iraniano, mas ficar abaixo de 1 milh\u00e3o no total das exporta\u00e7\u00f5es pode ser um desafio, j\u00e1 que a China e a \u00cdndia s\u00e3o respons\u00e1veis \u200b\u200bpor at\u00e9 900 mil barris de petr\u00f3leo iraniano.<\/li>\n<\/ul>\n<p>&nbsp;<\/p>\n<h2>Nossa avalia\u00e7\u00e3o<\/h2>\n<p>&nbsp;<\/p>\n<ul>\n<li>Vis\u00e3o fundamental (WTI): intervalo de alvo USD45-65\/bbl.<\/li>\n<li>Compre: USD 45; Vender: 65\u00a0\u00a0Melhor<\/li>\n<\/ul>\n<p>&nbsp;<\/p>\n<p>Meus cumprimentos,<\/p>\n<p>&nbsp;<\/p>\n<p><strong>ALEX FUSTE<\/strong><\/p>\n<p><strong>Chief Economist<\/strong><\/p>\n<p>ANDBANK<\/p>\n","protected":false},"excerpt":{"rendered":"<p>&nbsp; O que est\u00e1 por tr\u00e1s da subida do pre\u00e7o do petr\u00f3leo? 18 de mar\u00e7o, 2019 &nbsp; Fatores de curto prazo elevando os pre\u00e7os do petr\u00f3leo &nbsp; Os sauditas sugerem que cortes podem se estender at\u00e9 2019, apesar da press\u00e3o de Trump. O Ministro da Energia da Ar\u00e1bia Saudita, al-Falih, disse no domingo 18 de [&hellip;]<\/p>\n","protected":false},"author":14,"featured_media":519,"parent":0,"menu_order":0,"comment_status":"closed","ping_status":"closed","template":"","meta":{"_acf_changed":false,"footnotes":""},"yst_prominent_words":[1298,1297,1291,1287,207,1295,1293,63,1289,1296,1286,1290,1292,1294,1300,1299,1304,1301,1288,1302],"class_list":["post-4868","page","type-page","status-publish","has-post-thumbnail","hentry"],"acf":[],"_links":{"self":[{"href":"https:\/\/www.andbank.com\/brasil\/wp-json\/wp\/v2\/pages\/4868"}],"collection":[{"href":"https:\/\/www.andbank.com\/brasil\/wp-json\/wp\/v2\/pages"}],"about":[{"href":"https:\/\/www.andbank.com\/brasil\/wp-json\/wp\/v2\/types\/page"}],"author":[{"embeddable":true,"href":"https:\/\/www.andbank.com\/brasil\/wp-json\/wp\/v2\/users\/14"}],"replies":[{"embeddable":true,"href":"https:\/\/www.andbank.com\/brasil\/wp-json\/wp\/v2\/comments?post=4868"}],"version-history":[{"count":0,"href":"https:\/\/www.andbank.com\/brasil\/wp-json\/wp\/v2\/pages\/4868\/revisions"}],"wp:featuredmedia":[{"embeddable":true,"href":"https:\/\/www.andbank.com\/brasil\/wp-json\/wp\/v2\/media\/519"}],"wp:attachment":[{"href":"https:\/\/www.andbank.com\/brasil\/wp-json\/wp\/v2\/media?parent=4868"}],"wp:term":[{"taxonomy":"yst_prominent_words","embeddable":true,"href":"https:\/\/www.andbank.com\/brasil\/wp-json\/wp\/v2\/yst_prominent_words?post=4868"}],"curies":[{"name":"wp","href":"https:\/\/api.w.org\/{rel}","templated":true}]}}