{"id":4921,"date":"2019-03-21T23:42:32","date_gmt":"2019-03-21T18:42:32","guid":{"rendered":"https:\/\/www.andbank.com\/brasil\/?page_id=4921"},"modified":"2019-03-21T23:56:15","modified_gmt":"2019-03-21T18:56:15","slug":"meus-graficos-preferidos-condicoes-monetarias-globais-ate-2021-as-implicacoes","status":"publish","type":"page","link":"https:\/\/www.andbank.com\/brasil\/meus-graficos-preferidos-condicoes-monetarias-globais-ate-2021-as-implicacoes\/","title":{"rendered":"Meus gr\u00e1ficos preferidos: Condi\u00e7\u00f5es monet\u00e1rias globais at\u00e9 2021: As implica\u00e7\u00f5es"},"content":{"rendered":"<h1>Condi\u00e7\u00f5es monet\u00e1rias globais at\u00e9 2021: as implica\u00e7\u00f5es<\/h1>\n<p>21 de Mar\u00e7o, 2019<\/p>\n<p>&nbsp;<\/p>\n<p>Eu acho que este \u00e9 o gr\u00e1fico mais comentado hoje, mas eu n\u00e3o pude deixar de inclu\u00ed-lo em nossa saga de &#8220;gr\u00e1ficos preferidos&#8221;, apenas para ver como as condi\u00e7\u00f5es monet\u00e1rias est\u00e3o, literalmente, desenhadas para os pr\u00f3ximos tr\u00eas anos.<\/p>\n<p>&nbsp;<\/p>\n<p>Em princ\u00edpio, isso \u00e9 especialmente bom para as economias emergentes no curto prazo (t\u00edtulos e a\u00e7\u00f5es), porque mant\u00e9m o USD sob controle, impedindo que as empresas de mercados emergentes com passivos em USD entrem em dificuldades, e tamb\u00e9m mant\u00e9m o rendimento de 10Y UST ancorado enquanto as expectativas de infla\u00e7\u00e3o se acumulam gradualmente (evitando que esse ativo atue nos pr\u00f3ximos meses como um sistema de v\u00e1cuo que atrai capitais dos mercados emergentes). Com uma vis\u00e3o de longo prazo, o risco \u00e9 que o Fed ca\u00edsse abaixo da curva e tivesse que subir agressivamente.Deve tamb\u00e9m ajudar a economia norte-americana, desde que permita um aumento gradual da curva de juros, o que geralmente desencadeia decis\u00f5es de tomada de risco pelos bancos.<\/p>\n<p>&nbsp;<\/p>\n<p>Vamos ver.<\/p>\n<p>&nbsp;<\/p>\n<p style=\"text-align: center\"><img loading=\"lazy\" decoding=\"async\" class=\"alignnone size-full wp-image-4922\" src=\"https:\/\/www.andbank.com\/brasil\/wp-content\/uploads\/sites\/11\/2019\/03\/FOMCII.jpg\" alt=\"\" width=\"640\" height=\"478\" \/><\/p>\n<p>&nbsp;<\/p>\n<p>Cumprimentos<\/p>\n<p>&nbsp;<\/p>\n<p><strong>ALEX FUSTE<\/strong><\/p>\n<p><strong>Chief Economist<\/strong><\/p>\n<p>ANDBANK<\/p>\n","protected":false},"excerpt":{"rendered":"<p>Condi\u00e7\u00f5es monet\u00e1rias globais at\u00e9 2021: as implica\u00e7\u00f5es 21 de Mar\u00e7o, 2019 &nbsp; Eu acho que este \u00e9 o gr\u00e1fico mais comentado hoje, mas eu n\u00e3o pude deixar de inclu\u00ed-lo em nossa saga de &#8220;gr\u00e1ficos preferidos&#8221;, apenas para ver como as condi\u00e7\u00f5es monet\u00e1rias est\u00e3o, literalmente, desenhadas para os pr\u00f3ximos tr\u00eas anos. &nbsp; Em princ\u00edpio, isso \u00e9 [&hellip;]<\/p>\n","protected":false},"author":14,"featured_media":4922,"parent":0,"menu_order":0,"comment_status":"closed","ping_status":"closed","template":"","meta":{"_acf_changed":false,"footnotes":""},"yst_prominent_words":[64,206,1403,1399,207,1401,208,1402,1275,1407,252,1400,1404,991,1406,1313,1408,98,1358,1405],"class_list":["post-4921","page","type-page","status-publish","has-post-thumbnail","hentry"],"acf":[],"_links":{"self":[{"href":"https:\/\/www.andbank.com\/brasil\/wp-json\/wp\/v2\/pages\/4921"}],"collection":[{"href":"https:\/\/www.andbank.com\/brasil\/wp-json\/wp\/v2\/pages"}],"about":[{"href":"https:\/\/www.andbank.com\/brasil\/wp-json\/wp\/v2\/types\/page"}],"author":[{"embeddable":true,"href":"https:\/\/www.andbank.com\/brasil\/wp-json\/wp\/v2\/users\/14"}],"replies":[{"embeddable":true,"href":"https:\/\/www.andbank.com\/brasil\/wp-json\/wp\/v2\/comments?post=4921"}],"version-history":[{"count":0,"href":"https:\/\/www.andbank.com\/brasil\/wp-json\/wp\/v2\/pages\/4921\/revisions"}],"wp:featuredmedia":[{"embeddable":true,"href":"https:\/\/www.andbank.com\/brasil\/wp-json\/wp\/v2\/media\/4922"}],"wp:attachment":[{"href":"https:\/\/www.andbank.com\/brasil\/wp-json\/wp\/v2\/media?parent=4921"}],"wp:term":[{"taxonomy":"yst_prominent_words","embeddable":true,"href":"https:\/\/www.andbank.com\/brasil\/wp-json\/wp\/v2\/yst_prominent_words?post=4921"}],"curies":[{"name":"wp","href":"https:\/\/api.w.org\/{rel}","templated":true}]}}