{"id":4937,"date":"2019-03-22T20:34:08","date_gmt":"2019-03-22T15:34:08","guid":{"rendered":"https:\/\/www.andbank.com\/brasil\/?page_id=4937"},"modified":"2019-03-22T20:41:31","modified_gmt":"2019-03-22T15:41:31","slug":"flash-note-titulos-mexicanos-seria-uma-oportunidade-la-fora","status":"publish","type":"page","link":"https:\/\/www.andbank.com\/brasil\/flash-note-titulos-mexicanos-seria-uma-oportunidade-la-fora\/","title":{"rendered":"Flash Note: T\u00edtulos mexicanos?"},"content":{"rendered":"<h1>T\u00edtulos mexicanos?<\/h1>\n<p>22 de Mar\u00e7o, 2019<\/p>\n<p>&nbsp;<\/p>\n<p>As pessoas dizem que uma imagem vale mais do que mil palavras. Bem, esta imagem n\u00e3o \u00e9 uma exce\u00e7\u00e3o. Ela busca a ideia de que as autoridades monet\u00e1rias mexicanas (em um exemplo claro de autonomia total, que \u00e9 bem-vinda) querem conter os riscos pol\u00edticos decorrentes de uma administra\u00e7\u00e3o da AMLO que ainda n\u00e3o \u00e9 percebida no exterior como uma administra\u00e7\u00e3o tranquilizadora.<\/p>\n<p>&nbsp;<\/p>\n<p>Enquanto o sr. AMLO sinalizar a execu\u00e7\u00e3o respons\u00e1vel do or\u00e7amento e das decis\u00f5es fiscais, o t\u00edtulo mexicano, atualmente negociado a 540 pb no UST, poderia facilmente atingir nossa meta de curto prazo de 475pb, o que significa que os t\u00edtulos mexicanos podem ser uma boa op\u00e7\u00e3o oportunidade de investimento, embora, dadas as poucas pistas sobre a ideologia fiscal da AMLO, eu preferiria esperar e ver como a execu\u00e7\u00e3o or\u00e7ament\u00e1ria se desenvolve at\u00e9 junho. Para o t\u00edtulo denominado em USD, esperamos tamb\u00e9m uma redu\u00e7\u00e3o no spread (cerca de 25bps).<\/p>\n<p>&nbsp;<\/p>\n<p>Nossa meta para o MXN \u00e9 20 contra o d\u00f3lar e 22,5 contra o euro.<\/p>\n<p>&nbsp;<\/p>\n<p><img loading=\"lazy\" decoding=\"async\" class=\"alignnone size-full wp-image-4938\" src=\"https:\/\/www.andbank.com\/brasil\/wp-content\/uploads\/sites\/11\/2019\/03\/MXN.jpg\" alt=\"\" width=\"878\" height=\"659\" srcset=\"https:\/\/www.andbank.com\/brasil\/wp-content\/uploads\/sites\/11\/2019\/03\/MXN.jpg 878w, https:\/\/www.andbank.com\/brasil\/wp-content\/uploads\/sites\/11\/2019\/03\/MXN-768x576.jpg 768w\" sizes=\"(max-width: 878px) 100vw, 878px\" \/><\/p>\n<p>&nbsp;<\/p>\n<p><strong>ALEX FUSTE<\/strong><\/p>\n<p><strong>Chief Economist<\/strong><\/p>\n<p>ANDBANK<\/p>\n","protected":false},"excerpt":{"rendered":"<p>T\u00edtulos mexicanos? 22 de Mar\u00e7o, 2019 &nbsp; As pessoas dizem que uma imagem vale mais do que mil palavras. Bem, esta imagem n\u00e3o \u00e9 uma exce\u00e7\u00e3o. Ela busca a ideia de que as autoridades monet\u00e1rias mexicanas (em um exemplo claro de autonomia total, que \u00e9 bem-vinda) querem conter os riscos pol\u00edticos decorrentes de uma administra\u00e7\u00e3o [&hellip;]<\/p>\n","protected":false},"author":14,"featured_media":4938,"parent":0,"menu_order":0,"comment_status":"closed","ping_status":"closed","template":"","meta":{"_acf_changed":false,"footnotes":""},"yst_prominent_words":[980,1423,64,207,1421,63,208,1427,1426,1435,1424,425,1419,1429,1422,1428,165,1418,200,1420],"class_list":["post-4937","page","type-page","status-publish","has-post-thumbnail","hentry"],"acf":[],"_links":{"self":[{"href":"https:\/\/www.andbank.com\/brasil\/wp-json\/wp\/v2\/pages\/4937"}],"collection":[{"href":"https:\/\/www.andbank.com\/brasil\/wp-json\/wp\/v2\/pages"}],"about":[{"href":"https:\/\/www.andbank.com\/brasil\/wp-json\/wp\/v2\/types\/page"}],"author":[{"embeddable":true,"href":"https:\/\/www.andbank.com\/brasil\/wp-json\/wp\/v2\/users\/14"}],"replies":[{"embeddable":true,"href":"https:\/\/www.andbank.com\/brasil\/wp-json\/wp\/v2\/comments?post=4937"}],"version-history":[{"count":0,"href":"https:\/\/www.andbank.com\/brasil\/wp-json\/wp\/v2\/pages\/4937\/revisions"}],"wp:featuredmedia":[{"embeddable":true,"href":"https:\/\/www.andbank.com\/brasil\/wp-json\/wp\/v2\/media\/4938"}],"wp:attachment":[{"href":"https:\/\/www.andbank.com\/brasil\/wp-json\/wp\/v2\/media?parent=4937"}],"wp:term":[{"taxonomy":"yst_prominent_words","embeddable":true,"href":"https:\/\/www.andbank.com\/brasil\/wp-json\/wp\/v2\/yst_prominent_words?post=4937"}],"curies":[{"name":"wp","href":"https:\/\/api.w.org\/{rel}","templated":true}]}}