{"id":4995,"date":"2019-03-29T19:09:37","date_gmt":"2019-03-29T14:09:37","guid":{"rendered":"https:\/\/www.andbank.com\/brasil\/?page_id=4995"},"modified":"2019-03-29T19:09:37","modified_gmt":"2019-03-29T14:09:37","slug":"flash-note-brexit-ato-final","status":"publish","type":"page","link":"https:\/\/www.andbank.com\/brasil\/flash-note-brexit-ato-final\/","title":{"rendered":"Flash Note: Brexit \u2013 o ato final!"},"content":{"rendered":"<h1>Brexit \u2013 o ato final!<\/h1>\n<p>29 de Mar\u00e7o, 2019<\/p>\n<p>&nbsp;<\/p>\n<p><strong>O que ser\u00e1 votado hoje?<\/strong><\/p>\n<ul>\n<li>Os legisladores votar\u00e3o hoje no \u201cAcordo de Retirada\u201d entregue por May, mas n\u00e3o na \u201cDeclara\u00e7\u00e3o Pol\u00edtica para futuras rela\u00e7\u00f5es\u201d, de 26 p\u00e1ginas, que ela negociou posteriormente, levando confus\u00e3o entre os legisladores.<\/li>\n<\/ul>\n<p>&nbsp;<\/p>\n<p><strong> Por que a Primeira Ministra do Reino Unido quer votar apenas uma parte de seu plano? <\/strong><\/p>\n<ul>\n<li>Ao separar os dois elementos, May acredita que pode ganhar o voto de pelo menos uma parte do acordo.<\/li>\n<li>Sua aposta \u00e9 que, passando o primeiro elemento do pacote de sa\u00edda, ela ter\u00e1 satisfeito as condi\u00e7\u00f5es estabelecidas pela UE a fim de adiar a sa\u00edda da Gr\u00e3-Bretanha do bloco at\u00e9 22 de maio, sem prorroga\u00e7\u00e3o do artigo 50 ou necessidade de convocar elei\u00e7\u00f5es europeias.<\/li>\n<\/ul>\n<p>&nbsp;<\/p>\n<p><strong> Ent\u00e3o, \u00e9 tudo sobre tentar ganhar mais algum tempo. Por qu\u00ea?<\/strong><\/p>\n<ul>\n<li>Porque ela pode estar pensando que pode haver mais &#8220;baixas&#8221; dos \u201clinha-dura\u201d, ou mesmo do pr\u00f3prio Partido Trabalhista. Voc\u00eas n\u00e3o acham que n\u00e3o \u00e9 poss\u00edvel?<\/li>\n<li>Bem, sem d\u00favida, a vit\u00f3ria de May hoje a colocaria mais perto de uma demiss\u00e3o volunt\u00e1ria. Claramente, a sa\u00edda de May (depois de uma vit\u00f3ria hoje), e considerando o enfraquecimento acentuado dos conservadores (depois do lament\u00e1vel espet\u00e1culo que ofereceram nos \u00faltimos dois anos) abriria a porta ao poder para o \u201cTrabalhismo\u201d(Laborism). Esse golpe nos \u201crebeldes de Torie\u201d seria a mais fria vit\u00f3ria (e vingan\u00e7a) que j\u00e1 se viu.<\/li>\n<\/ul>\n<p>&nbsp;<\/p>\n<p><strong>E se o governo ganhar a vota\u00e7\u00e3o de hoje?<\/strong><\/p>\n<ul>\n<li>O prazo final do Brexit ser\u00e1 adiado at\u00e9 22 de maio.<\/li>\n<li>O resultado de hoje n\u00e3o ser\u00e1 vinculativo, uma vez que n\u00e3o cumprir\u00e1 os crit\u00e9rios da lei brit\u00e2nica para o pacote de sa\u00edda ser formalmente ratificado. \u00c9 necess\u00e1rio ter aprova\u00e7\u00e3o parlamentar para ambos os documentos. Isso significa que outra vota\u00e7\u00e3o ser\u00e1 necess\u00e1ria.<\/li>\n<\/ul>\n<p>&nbsp;<\/p>\n<p><strong>E se o governo perder a vota\u00e7\u00e3o novamente?<\/strong><\/p>\n<ul>\n<li>Os legisladores dever\u00e3o assumir o controle do processo novamente na segunda-feira, 1\u00ba de abril. Eles ter\u00e3o de votar novamente em uma lista restrita de planos alternativos para o Brexit apenas para descobrir se existe um consenso para o pr\u00f3ximo passo. Eles presumivelmente n\u00e3o alcan\u00e7ar\u00e3o consenso.<\/li>\n<\/ul>\n<p><strong>O que vem depois? <\/strong><\/p>\n<ul>\n<li>Um dos dois:\n<ul>\n<li>Cen\u00e1rio ruim (20% de probabilidade): sa\u00edda sem acordo<\/li>\n<li>Cen\u00e1rio bom(80% de probabilidade): elei\u00e7\u00f5es de fim de ano, segundo plebiscito, pedido oficial para abrir um debate interno (esses cen\u00e1rios levariam a uma longa prorroga\u00e7\u00e3o do prazo) ou a revoga\u00e7\u00e3o direta do artigo 50.<\/li>\n<\/ul>\n<\/li>\n<\/ul>\n<p>&nbsp;<\/p>\n<p>Eu sinceramente espero que este seja meu \u00faltimo artigo sobre esta saga intermin\u00e1vel de Brexit<\/p>\n<p>&nbsp;<\/p>\n<p>Meus cumprimentos,<\/p>\n<p>&nbsp;<\/p>\n<p><strong>ALEX FUSTE <\/strong><\/p>\n<p><strong>Chief Economist<\/strong><\/p>\n<p>ANDBANK<\/p>\n","protected":false},"excerpt":{"rendered":"<p>Brexit \u2013 o ato final! 29 de Mar\u00e7o, 2019 &nbsp; O que ser\u00e1 votado hoje? Os legisladores votar\u00e3o hoje no \u201cAcordo de Retirada\u201d entregue por May, mas n\u00e3o na \u201cDeclara\u00e7\u00e3o Pol\u00edtica para futuras rela\u00e7\u00f5es\u201d, de 26 p\u00e1ginas, que ela negociou posteriormente, levando confus\u00e3o entre os legisladores. &nbsp; Por que a Primeira Ministra do Reino Unido [&hellip;]<\/p>\n","protected":false},"author":14,"featured_media":680,"parent":0,"menu_order":0,"comment_status":"closed","ping_status":"closed","template":"","meta":{"_acf_changed":false,"footnotes":""},"yst_prominent_words":[1513,555,1505,1502,1512,1508,63,1504,1465,1510,1506,1509,247,1277,425,1501,1503,1507,263,200],"class_list":["post-4995","page","type-page","status-publish","has-post-thumbnail","hentry"],"acf":[],"_links":{"self":[{"href":"https:\/\/www.andbank.com\/brasil\/wp-json\/wp\/v2\/pages\/4995"}],"collection":[{"href":"https:\/\/www.andbank.com\/brasil\/wp-json\/wp\/v2\/pages"}],"about":[{"href":"https:\/\/www.andbank.com\/brasil\/wp-json\/wp\/v2\/types\/page"}],"author":[{"embeddable":true,"href":"https:\/\/www.andbank.com\/brasil\/wp-json\/wp\/v2\/users\/14"}],"replies":[{"embeddable":true,"href":"https:\/\/www.andbank.com\/brasil\/wp-json\/wp\/v2\/comments?post=4995"}],"version-history":[{"count":0,"href":"https:\/\/www.andbank.com\/brasil\/wp-json\/wp\/v2\/pages\/4995\/revisions"}],"wp:featuredmedia":[{"embeddable":true,"href":"https:\/\/www.andbank.com\/brasil\/wp-json\/wp\/v2\/media\/680"}],"wp:attachment":[{"href":"https:\/\/www.andbank.com\/brasil\/wp-json\/wp\/v2\/media?parent=4995"}],"wp:term":[{"taxonomy":"yst_prominent_words","embeddable":true,"href":"https:\/\/www.andbank.com\/brasil\/wp-json\/wp\/v2\/yst_prominent_words?post=4995"}],"curies":[{"name":"wp","href":"https:\/\/api.w.org\/{rel}","templated":true}]}}