{"id":5017,"date":"2019-04-02T18:50:54","date_gmt":"2019-04-02T13:50:54","guid":{"rendered":"https:\/\/www.andbank.com\/brasil\/?page_id=5017"},"modified":"2019-04-03T19:29:04","modified_gmt":"2019-04-03T14:29:04","slug":"eua-flash-note-novos-pedidos-bens-capital-nos-eua-cairam-inesperadamente-em-fevereiro","status":"publish","type":"page","link":"https:\/\/www.andbank.com\/brasil\/eua-flash-note-novos-pedidos-bens-capital-nos-eua-cairam-inesperadamente-em-fevereiro\/","title":{"rendered":"EUA Flash Note: Novos pedidos de bens de capital nos EUA ca\u00edram inesperadamente em fevereiro"},"content":{"rendered":"<h1>Novos pedidos de bens de capital nos EUA ca\u00edram inesperadamente em fevereiro<\/h1>\n<p>02 de Abril, 2019<\/p>\n<p>&nbsp;<\/p>\n<p><strong>Novos pedidos de bens de capital produzidos nos EUA ca\u00edram inesperadamente em fevereiro<\/strong> e as remessas ficaram inalteradas, mas os dados de janeiro foram revisados \u200b\u200bum pouco para cima. O Departamento de Com\u00e9rcio informou nesta ter\u00e7a-feira que as encomendas de bens de capital n\u00e3o relacionados \u00e0 defesa, excluindo aeronaves, um fator observado de perto relativo a planos de neg\u00f3cios, ca\u00edram 0,1%, puxadas pela queda na demanda por maquin\u00e1rio, computadores e produtos eletr\u00f4nicos.<\/p>\n<p>&nbsp;<\/p>\n<p><strong>Os dados de janeiro foram revisados \u200b\u200blevemente para cima<\/strong>, para mostrar que as chamadas ordens de bens de capital aumentaram 0,9% em vez de aumentarem 0,8%, como publicado anteriormente. Economistas consultados pela Reuters previam que os principais pedidos de bens de capital continuariam inalterados em fevereiro. Os principais pedidos de bens de capital aumentaram 2,6% em uma base ano a ano.<\/p>\n<p>&nbsp;<\/p>\n<p><strong>As remessas de bens de capital essenciais<\/strong> ficaram inalteradas em fevereiro, ap\u00f3s um aumento de 1,0 por cento revisado para cima no m\u00eas anterior. As principais remessas de bens de capital s\u00e3o usadas para calcular os gastos com equipamentos na medi\u00e7\u00e3o do produto interno bruto (PIB)do governo. Elas foram relatadas anteriormente com ganho de 0,8 por cento em janeiro. O relat\u00f3rio de fevereiro foi adiado por uma paralisa\u00e7\u00e3o parcial de 35 dias do governo federal, que terminou em 25 de janeiro. E o relat\u00f3rio de mar\u00e7o ser\u00e1 publicado em 25 de abril, conforme programado.<\/p>\n<p>&nbsp;<\/p>\n<p><strong>O relat\u00f3rio divulgado na ter\u00e7a-feira<\/strong> veio na cola dos relat\u00f3rios mistos de vendas de varejo e gastos com constru\u00e7\u00e3o de fevereiro, bem como dos dados de invent\u00e1rio de janeiro, que impulsionaram as previs\u00f5es do PIB para o primeiro trimestre. As estimativas de crescimento para o primeiro trimestre variam de uma taxa anualizada de 1,2% para at\u00e9 2,1%. A economia cresceu a um ritmo de 2,2 por cento no quarto trimestre, com o crescimento nos gastos das empresas em equipamentos acelerando. A economia est\u00e1 perdendo for\u00e7a com o enfraquecimento do est\u00edmulo do corte de impostos de US $ 1,5 trilh\u00e3o. Uma guerra comercial entre os Estados Unidos e a China, a desacelera\u00e7\u00e3o das economias globais e a incerteza sobre a sa\u00edda da Gr\u00e3-Bretanha da Uni\u00e3o Europ\u00e9ia s\u00e3o outros fatores que tamb\u00e9m prejudicam a atividade.<\/p>\n<p>&nbsp;<\/p>\n<p><strong>Em fevereiro, os pedidos de m\u00e1quinas ca\u00edram 0,3 por cento<\/strong>, ap\u00f3s subir 2,0 por cento em janeiro. As empresas de energia t\u00eam reduzido as plataformas petrol\u00edferas que operam, apesar de uma recupera\u00e7\u00e3o nos pre\u00e7os do petr\u00f3leo, para se concentrarem nos ganhos crescentes. Pedidos de computadores e produtos eletr\u00f4nicos ca\u00edram 0,3 por cento. As encomendas de equipamentos el\u00e9tricos, eletrodom\u00e9sticos e componentes subiram 1,0 por cento em fevereiro, ap\u00f3s o aumento de 1,3 por cento no m\u00eas anterior. Houve tamb\u00e9m aumentos nas encomendas de metais prim\u00e1rios e de produtos de metal fabricados em fevereiro.<\/p>\n<p>&nbsp;<\/p>\n<p><strong>No panorama geral<\/strong>, as encomendas de bens dur\u00e1veis, itens que variam de torradeiras a aeronaves com dura\u00e7\u00e3o de tr\u00eas anos ou mais, ca\u00edram 1,6% em fevereiro. Isso refletiu uma queda de 4,8% na demanda por equipamentos de transporte. Os pedidos de bens dur\u00e1veis \u200b\u200bganharam 0,1% em janeiro. As encomendas de ve\u00edculos motorizados e pe\u00e7as ca\u00edram 0,1 por cento em fevereiro. As encomendas de aeronaves \u201cn\u00e3o-defesa\u201d despencaram 31,1%, ap\u00f3s subirem 9,2% em janeiro. A Boeing informou em seu site que recebeu apenas cinco pedidos de aeronaves em fevereiro, contra 46 em janeiro. O menor n\u00famero de pedidos provavelmente n\u00e3o est\u00e1 relacionado ao acidente da Ethiopian Airlines no in\u00edcio de mar\u00e7o, o que levou \u00e0 aterrissagem do avi\u00e3o 737 MAX da Boeing.<\/p>\n<p>&nbsp;<\/p>\n<p>Fiquem ligados,<\/p>\n<p>&nbsp;<\/p>\n<p>Giuseppe Mazzeo<\/p>\n<p><strong>Chief Investment Officer<\/strong><\/p>\n<p><strong>Andbank Advisory LLC<\/strong><\/p>\n<p>&nbsp;<\/p>\n","protected":false},"excerpt":{"rendered":"<p>Novos pedidos de bens de capital nos EUA ca\u00edram inesperadamente em fevereiro 02 de Abril, 2019 &nbsp; Novos pedidos de bens de capital produzidos nos EUA ca\u00edram inesperadamente em fevereiro e as remessas ficaram inalteradas, mas os dados de janeiro foram revisados \u200b\u200bum pouco para cima. O Departamento de Com\u00e9rcio informou nesta ter\u00e7a-feira que as [&hellip;]<\/p>\n","protected":false},"author":14,"featured_media":2390,"parent":0,"menu_order":0,"comment_status":"closed","ping_status":"closed","template":"","meta":{"_acf_changed":false,"footnotes":""},"yst_prominent_words":[1532,1528,1518,1530,1535,1524,1529,1527,1521,1519,1533,1534,1523,1520,1536,1526,1522,1517,1531,1525],"class_list":["post-5017","page","type-page","status-publish","has-post-thumbnail","hentry"],"acf":[],"_links":{"self":[{"href":"https:\/\/www.andbank.com\/brasil\/wp-json\/wp\/v2\/pages\/5017"}],"collection":[{"href":"https:\/\/www.andbank.com\/brasil\/wp-json\/wp\/v2\/pages"}],"about":[{"href":"https:\/\/www.andbank.com\/brasil\/wp-json\/wp\/v2\/types\/page"}],"author":[{"embeddable":true,"href":"https:\/\/www.andbank.com\/brasil\/wp-json\/wp\/v2\/users\/14"}],"replies":[{"embeddable":true,"href":"https:\/\/www.andbank.com\/brasil\/wp-json\/wp\/v2\/comments?post=5017"}],"version-history":[{"count":0,"href":"https:\/\/www.andbank.com\/brasil\/wp-json\/wp\/v2\/pages\/5017\/revisions"}],"wp:featuredmedia":[{"embeddable":true,"href":"https:\/\/www.andbank.com\/brasil\/wp-json\/wp\/v2\/media\/2390"}],"wp:attachment":[{"href":"https:\/\/www.andbank.com\/brasil\/wp-json\/wp\/v2\/media?parent=5017"}],"wp:term":[{"taxonomy":"yst_prominent_words","embeddable":true,"href":"https:\/\/www.andbank.com\/brasil\/wp-json\/wp\/v2\/yst_prominent_words?post=5017"}],"curies":[{"name":"wp","href":"https:\/\/api.w.org\/{rel}","templated":true}]}}