{"id":5155,"date":"2019-04-30T01:40:41","date_gmt":"2019-04-29T20:40:41","guid":{"rendered":"https:\/\/www.andbank.com\/brasil\/?page_id=5155"},"modified":"2019-04-30T01:40:41","modified_gmt":"2019-04-29T20:40:41","slug":"flash-note-eleicoes-na-espanha-uma-leitura-preliminar","status":"publish","type":"page","link":"https:\/\/www.andbank.com\/brasil\/flash-note-eleicoes-na-espanha-uma-leitura-preliminar\/","title":{"rendered":"Flash Note: Elei\u00e7\u00f5es na Espanha. Uma leitura preliminar"},"content":{"rendered":"<h1>Elei\u00e7\u00f5es na Espanha. Uma leitura preliminar<\/h1>\n<p>29 de Abril, 2019<\/p>\n<p>&nbsp;<\/p>\n<p>Principais conclus\u00f5es (depois de discutir os resultados com os membros do Comit\u00ea de Investimento respons\u00e1vel pelo mercado espanhol)<\/p>\n<p>&nbsp;<\/p>\n<p>1 &#8211; O Partido Socialista pode escolher entre v\u00e1rias op\u00e7\u00f5es para formar um governo est\u00e1vel =&gt; Acreditamos que o pior cen\u00e1rio est\u00e1 muito distante (ingovernabilidade)<\/p>\n<p>2 &#8211; Esta possibilidade de elei\u00e7\u00f5es diminui a capacidade de influencia dos dois partidos com ambito nacional (Podemos e Ciudadanos), em nome do PSOE (grande vencedor do dia)<\/p>\n<p>3 &#8211; Sobre as op\u00e7\u00f5es de coaliz\u00e3o, acreditamos que o mais prov\u00e1vel neste momento \u00e9:<\/p>\n<p>&nbsp;<\/p>\n<p style=\"padding-left: 30px\">1 &#8211; Coaliz\u00e3o da Esquerda: PSOE + Podemos + Comprom\u00eds + PNV (atingindo maioria simples na segunda rodada, com absten\u00e7\u00f5es de Bildu e algum outro minorit\u00e1rio, CC, Asturias &#8230;)<\/p>\n<p style=\"padding-left: 30px\">2 &#8211; Coliga\u00e7\u00e3o da Esquerda e Centro Direita: PSOE + C&#8217;s (\u00e9 claramente uma op\u00e7\u00e3o, mas o poder de negocia\u00e7\u00e3o dos C&#8217;s est\u00e1 mais dilu\u00eddo agora)<\/p>\n<p>&nbsp;<\/p>\n<p>4 &#8211; Leitura do ponto de vista do mercado:<\/p>\n<p>&nbsp;<\/p>\n<p style=\"padding-left: 30px\">1 &#8211; Teremos um governo est\u00e1vel (algo que n\u00e3o tinhamos).<\/p>\n<p style=\"padding-left: 30px\">2 &#8211; No caso da Coaliz\u00e3o da Esquerda, embora os investidores possam ficar nervosos vendo o Podemos no governo, o fato \u00e9 que o programa econ\u00f4mico que teremos ser\u00e1 o do PSOE =&gt; Ergo, em princ\u00edpio, n\u00e3o necessariamente precisasria ficar nervoso, mas se o mercado cair, seria um &#8220;buy the dips&#8221;.<\/p>\n<p style=\"padding-left: 30px\">3 &#8211; No caso da Coaliz\u00e3o PSOE + C\u2019s, o programa tamb\u00e9m seria o do PSOE, mas provavelmente algo mais favor\u00e1vel ao mercado. Um bom pano de fundo para o mercado<\/p>\n<p>&nbsp;<\/p>\n<p>Sauda\u00e7\u00f5es,<\/p>\n<p>&nbsp;<\/p>\n<p>ALEX FUSTE<br \/>\nChief Economist<br \/>\nANDBANK<\/p>\n<p>&nbsp;<\/p>\n","protected":false},"excerpt":{"rendered":"<p>Elei\u00e7\u00f5es na Espanha. Uma leitura preliminar 29 de Abril, 2019 &nbsp; Principais conclus\u00f5es (depois de discutir os resultados com os membros do Comit\u00ea de Investimento respons\u00e1vel pelo mercado espanhol) &nbsp; 1 &#8211; O Partido Socialista pode escolher entre v\u00e1rias op\u00e7\u00f5es para formar um governo est\u00e1vel =&gt; Acreditamos que o pior cen\u00e1rio est\u00e1 muito distante (ingovernabilidade) [&hellip;]<\/p>\n","protected":false},"author":14,"featured_media":1195,"parent":0,"menu_order":0,"comment_status":"closed","ping_status":"closed","template":"","meta":{"_acf_changed":false,"footnotes":""},"yst_prominent_words":[1744,1741,1737,1731,206,207,1739,1733,63,1732,1743,1742,1736,247,161,1740,1738,98,1735,1730],"class_list":["post-5155","page","type-page","status-publish","has-post-thumbnail","hentry"],"acf":[],"_links":{"self":[{"href":"https:\/\/www.andbank.com\/brasil\/wp-json\/wp\/v2\/pages\/5155"}],"collection":[{"href":"https:\/\/www.andbank.com\/brasil\/wp-json\/wp\/v2\/pages"}],"about":[{"href":"https:\/\/www.andbank.com\/brasil\/wp-json\/wp\/v2\/types\/page"}],"author":[{"embeddable":true,"href":"https:\/\/www.andbank.com\/brasil\/wp-json\/wp\/v2\/users\/14"}],"replies":[{"embeddable":true,"href":"https:\/\/www.andbank.com\/brasil\/wp-json\/wp\/v2\/comments?post=5155"}],"version-history":[{"count":0,"href":"https:\/\/www.andbank.com\/brasil\/wp-json\/wp\/v2\/pages\/5155\/revisions"}],"wp:featuredmedia":[{"embeddable":true,"href":"https:\/\/www.andbank.com\/brasil\/wp-json\/wp\/v2\/media\/1195"}],"wp:attachment":[{"href":"https:\/\/www.andbank.com\/brasil\/wp-json\/wp\/v2\/media?parent=5155"}],"wp:term":[{"taxonomy":"yst_prominent_words","embeddable":true,"href":"https:\/\/www.andbank.com\/brasil\/wp-json\/wp\/v2\/yst_prominent_words?post=5155"}],"curies":[{"name":"wp","href":"https:\/\/api.w.org\/{rel}","templated":true}]}}