{"id":5225,"date":"2019-05-11T01:53:28","date_gmt":"2019-05-10T20:53:28","guid":{"rendered":"https:\/\/www.andbank.com\/brasil\/?page_id=5225"},"modified":"2019-05-11T01:57:07","modified_gmt":"2019-05-10T20:57:07","slug":"flash-note-as-maos-fortes-do-mercado-estao-se-posicionando-um-rebote","status":"publish","type":"page","link":"https:\/\/www.andbank.com\/brasil\/flash-note-as-maos-fortes-do-mercado-estao-se-posicionando-um-rebote\/","title":{"rendered":"Flash Note: As m\u00e3os fortes do mercado est\u00e3o se posicionando para um rebote?"},"content":{"rendered":"<h1>As m\u00e3os fortes do mercado est\u00e3o se posicionando para um rebote?<\/h1>\n<p>10 de Maio, 2019<\/p>\n<p>&nbsp;<\/p>\n<p>Como investidor que baseia suas decis\u00f5es em regras de investimento, devo seguir as mesmas, e, sem d\u00favida, uma delas \u00e9 o CBOE Skew Index (\u00edndice derivado do pre\u00e7o do risco do S&amp;P 500), \u00fatil para avaliar o humor de grandes operadores do mercado de a\u00e7\u00f5es.<\/p>\n<p>&nbsp;<\/p>\n<p>Esse \u00edndice permite observar o volume de atividade no mercado de op\u00e7\u00f5es que n\u00e3o \u00e9 caixa (OTM). Naturalmente, este tipo de op\u00e7\u00f5es OTM \u00e9 usado mais freq\u00fcentemente por investidores sofisticados (que eu chamo de as m\u00e3os fortes do mercado), e, geralmente, t\u00eam uma vis\u00e3o\/informa\u00e7\u00e3o mais detalhada do que os investidor comuns.<\/p>\n<p>&nbsp;<\/p>\n<p>Bom. Este indicador est\u00e1 atualmente em n\u00edveis de 117 (veja gr\u00e1fico abaixo). E cotiza mais de um desvio padr\u00e3o abaixo da m\u00e9dia de cinco anos. Isso significa duas coisas:<\/p>\n<p>&nbsp;<\/p>\n<p>1. Os \u201cm\u00e3os fortes\u201d est\u00e3o sendo muito ativos no mercado de op\u00e7\u00f5es n\u00e3o monet\u00e1rias. O que sugere que eles v\u00eaem grandes movimentos de mercado e est\u00e3o se posicionando.<\/p>\n<p>&nbsp;<\/p>\n<p>2. \u00cdndice de inclina\u00e7\u00e3o de 117 significa que a volatilidade impl\u00edcita de um OTM CALL \u00e9 muito menor do que a volatilidade impl\u00edcita de um OTM PUT sim\u00e9trica, o que significa que voc\u00ea est\u00e1 pagando muito mais por essa CALL, logo h\u00e1 muitos mais compradores OTM CALL.<\/p>\n<p>&nbsp;<\/p>\n<p>3. Em linguagem simples. Os \u201cm\u00e3os fortes\u201d est\u00e3o se posicionando para um forte rebote.<\/p>\n<p>&nbsp;<\/p>\n<p>Isso, como j\u00e1 disse em diversas ocasi\u00f5es, n\u00e3o \u00e9 uma condi\u00e7\u00e3o suficiente para causar um rebote, mas \u00e9 indicativo de como os grandes investidores est\u00e3o se posicionando. Aqueles (apenas) que costumam ganhar com grandes quedas e grandes aumentos. Esta \u00e9, hoje, informa\u00e7\u00e3o interessante.<\/p>\n<p>&nbsp;<\/p>\n<p>Cordiais sauda\u00e7\u00f5es,<\/p>\n<p>&nbsp;<\/p>\n<p>Alex Fuste<br \/>\nGlobal Chief Economist<br \/>\nAndbank<\/p>\n","protected":false},"excerpt":{"rendered":"<p>As m\u00e3os fortes do mercado est\u00e3o se posicionando para um rebote? 10 de Maio, 2019 &nbsp; Como investidor que baseia suas decis\u00f5es em regras de investimento, devo seguir as mesmas, e, sem d\u00favida, uma delas \u00e9 o CBOE Skew Index (\u00edndice derivado do pre\u00e7o do risco do S&amp;P 500), \u00fatil para avaliar o humor de [&hellip;]<\/p>\n","protected":false},"author":14,"featured_media":4862,"parent":0,"menu_order":0,"comment_status":"closed","ping_status":"closed","template":"","meta":{"_acf_changed":false,"footnotes":""},"yst_prominent_words":[1843,1837,1833,1829,1413,1844,1839,1846,1842,1836,1841,1838,1834,1840,1436,1419,1452,1845,1835,1832],"class_list":["post-5225","page","type-page","status-publish","has-post-thumbnail","hentry"],"acf":[],"_links":{"self":[{"href":"https:\/\/www.andbank.com\/brasil\/wp-json\/wp\/v2\/pages\/5225"}],"collection":[{"href":"https:\/\/www.andbank.com\/brasil\/wp-json\/wp\/v2\/pages"}],"about":[{"href":"https:\/\/www.andbank.com\/brasil\/wp-json\/wp\/v2\/types\/page"}],"author":[{"embeddable":true,"href":"https:\/\/www.andbank.com\/brasil\/wp-json\/wp\/v2\/users\/14"}],"replies":[{"embeddable":true,"href":"https:\/\/www.andbank.com\/brasil\/wp-json\/wp\/v2\/comments?post=5225"}],"version-history":[{"count":0,"href":"https:\/\/www.andbank.com\/brasil\/wp-json\/wp\/v2\/pages\/5225\/revisions"}],"wp:featuredmedia":[{"embeddable":true,"href":"https:\/\/www.andbank.com\/brasil\/wp-json\/wp\/v2\/media\/4862"}],"wp:attachment":[{"href":"https:\/\/www.andbank.com\/brasil\/wp-json\/wp\/v2\/media?parent=5225"}],"wp:term":[{"taxonomy":"yst_prominent_words","embeddable":true,"href":"https:\/\/www.andbank.com\/brasil\/wp-json\/wp\/v2\/yst_prominent_words?post=5225"}],"curies":[{"name":"wp","href":"https:\/\/api.w.org\/{rel}","templated":true}]}}