{"id":5289,"date":"2019-05-21T18:14:09","date_gmt":"2019-05-21T13:14:09","guid":{"rendered":"https:\/\/www.andbank.com\/brasil\/?page_id=5289"},"modified":"2019-05-21T18:14:09","modified_gmt":"2019-05-21T13:14:09","slug":"flash-note-huawei-os-eua-facilitaram-algumas-restricoes-impostas-empresa","status":"publish","type":"page","link":"https:\/\/www.andbank.com\/brasil\/flash-note-huawei-os-eua-facilitaram-algumas-restricoes-impostas-empresa\/","title":{"rendered":"Flash Note:  Huawei &#8211; Porqu\u00ea os EUA facilitaram algumas restri\u00e7\u00f5es impostas \u00e0 empresa"},"content":{"rendered":"<h1>Porqu\u00ea os EUA facilitaram algumas restri\u00e7\u00f5es impostas \u00e0 empresa<\/h1>\n<p>21 de Maio, 2019<\/p>\n<p>&nbsp;<\/p>\n<ul>\n<li>O Secret\u00e1rio de Com\u00e9rcio dos EUA, Wilbur Ross, disse que o governo dos EUA amenizou temporariamente algumas restri\u00e7\u00f5es comerciais impostas recentemente \u00e0 chinesa Huawei. Isto se deve \u00e0 duas raz\u00f5es:\n<ul>\n<li>Esta decis\u00e3o procurou minimizar a interrup\u00e7\u00e3o dos servi\u00e7os da Huawei para os clientes ao redor do mundo.<\/li>\n<li>A atenua\u00e7\u00e3o das restri\u00e7\u00f5es ter\u00e1 dura\u00e7\u00e3o de 90 dias e destina-se a dar tempo de adapta\u00e7\u00e3o aos provedores de telecomunica\u00e7\u00f5es que dependem dos equipamentos da Huawei.<\/li>\n<\/ul>\n<\/li>\n<\/ul>\n<p>&nbsp;<\/p>\n<ul>\n<li>O que vem em seguida?\n<ul>\n<li>Pequim alerta para uma retalia\u00e7\u00e3o contra a a\u00e7\u00e3o dos EUA contra a Huawei, conforme sugerido pelo embaixador chin\u00eas na Uni\u00e3o Europ\u00e9ia (Zhang Ming), que disse em uma entrevista \u00e0 Bloomberg que &#8220;a China poderia retaliar depois que o presidente Donald Trump colocasse a Huawei Technologies na lista negra&#8221;. \u201cOs direitos e interesses leg\u00edtimos das empresas chinesas est\u00e3o sendo minados, ent\u00e3o o governo chin\u00eas n\u00e3o dever\u00e1 ficar parado\u201d.<\/li>\n<li>Enquanto isso, o porta-voz do Minist\u00e9rio das Rela\u00e7\u00f5es Exteriores da China, Lu Kang, reiterou que &#8220;as negocia\u00e7\u00f5es comerciais entre a China e os EUA s\u00f3 podem ter esperan\u00e7a de sucesso seguindo o caminho certo de respeito m\u00fatuo, igualdade e benef\u00edcio m\u00fatuo&#8221;.<\/li>\n<\/ul>\n<\/li>\n<\/ul>\n<p>&nbsp;<\/p>\n<p>Esta \u00faltima senten\u00e7a est\u00e1 carregada de sinais importantes. Por um lado, parece sugerir o desejo de retornar ao caminho das negocia\u00e7\u00f5es e, por outro lado, sugere que a China continuar\u00e1 firme na din\u00e2mica da retalia\u00e7\u00e3o. Algo que era previs\u00edvel porque Xi ligou a legitimidade do Partido Comunista para se manter firme contra os Estados Unidos, por isso se auto-imp\u00f4s uma margem estreita para manobra.<\/p>\n<p>&nbsp;<\/p>\n<p>Em poucas palavras. Isso significa que as coisas podem piorar antes de seguirem o caminho certo.<\/p>\n<p>&nbsp;<\/p>\n<p>Sauda\u00e7\u00f5es,<\/p>\n<p>&nbsp;<\/p>\n<p>Alex Fust\u00e9<br \/>\nGlobal Chief Economist<br \/>\nAndbank<\/p>\n","protected":false},"excerpt":{"rendered":"<p>Porqu\u00ea os EUA facilitaram algumas restri\u00e7\u00f5es impostas \u00e0 empresa 21 de Maio, 2019 &nbsp; O Secret\u00e1rio de Com\u00e9rcio dos EUA, Wilbur Ross, disse que o governo dos EUA amenizou temporariamente algumas restri\u00e7\u00f5es comerciais impostas recentemente \u00e0 chinesa Huawei. Isto se deve \u00e0 duas raz\u00f5es: Esta decis\u00e3o procurou minimizar a interrup\u00e7\u00e3o dos servi\u00e7os da Huawei para [&hellip;]<\/p>\n","protected":false},"author":14,"featured_media":2560,"parent":0,"menu_order":0,"comment_status":"closed","ping_status":"closed","template":"","meta":{"_acf_changed":false,"footnotes":""},"yst_prominent_words":[],"class_list":["post-5289","page","type-page","status-publish","has-post-thumbnail","hentry"],"acf":[],"_links":{"self":[{"href":"https:\/\/www.andbank.com\/brasil\/wp-json\/wp\/v2\/pages\/5289"}],"collection":[{"href":"https:\/\/www.andbank.com\/brasil\/wp-json\/wp\/v2\/pages"}],"about":[{"href":"https:\/\/www.andbank.com\/brasil\/wp-json\/wp\/v2\/types\/page"}],"author":[{"embeddable":true,"href":"https:\/\/www.andbank.com\/brasil\/wp-json\/wp\/v2\/users\/14"}],"replies":[{"embeddable":true,"href":"https:\/\/www.andbank.com\/brasil\/wp-json\/wp\/v2\/comments?post=5289"}],"version-history":[{"count":0,"href":"https:\/\/www.andbank.com\/brasil\/wp-json\/wp\/v2\/pages\/5289\/revisions"}],"wp:featuredmedia":[{"embeddable":true,"href":"https:\/\/www.andbank.com\/brasil\/wp-json\/wp\/v2\/media\/2560"}],"wp:attachment":[{"href":"https:\/\/www.andbank.com\/brasil\/wp-json\/wp\/v2\/media?parent=5289"}],"wp:term":[{"taxonomy":"yst_prominent_words","embeddable":true,"href":"https:\/\/www.andbank.com\/brasil\/wp-json\/wp\/v2\/yst_prominent_words?post=5289"}],"curies":[{"name":"wp","href":"https:\/\/api.w.org\/{rel}","templated":true}]}}