{"id":5337,"date":"2019-05-24T01:58:16","date_gmt":"2019-05-23T20:58:16","guid":{"rendered":"https:\/\/www.andbank.com\/brasil\/?page_id=5337"},"modified":"2019-05-24T02:00:45","modified_gmt":"2019-05-23T21:00:45","slug":"alemanha-um-mix-mais-robusto-crescimento","status":"publish","type":"page","link":"https:\/\/www.andbank.com\/brasil\/alemanha-um-mix-mais-robusto-crescimento\/","title":{"rendered":"Alemanha &#8211; Um mix mais robusto de crescimento"},"content":{"rendered":"<h1>Alemanha &#8211; Um mix mais robusto de crescimento<\/h1>\n<p>23 de Maio, 2019<\/p>\n<p>&nbsp;<\/p>\n<ul>\n<li>Dados econ\u00f4micos europeus mostraram algum al\u00edvio em maio. Principalmente surpresas positivas nas taxas de crescimento do PIB e melhores PMIs de manufatura (\u00cdndice Industrial de Atividade dos Gerentes de Compras no Setor de Manufatura).<\/li>\n<li>Ainda nos resta observar se seria uma recupera\u00e7\u00e3o de curta dura\u00e7\u00e3o, uma vez que alguns riscos externos se agravaram recentemente. Por enquanto, as revis\u00f5es para baixo do crescimento europeu pararam.<\/li>\n<li>Gostaria de fazer uma men\u00e7\u00e3o especial \u00e0 recupera\u00e7\u00e3o observada na Alemanha, onde (e mais importante) o mix de crescimento parece agora mais saud\u00e1vel (sem ser impulsionado pelos gastos p\u00fablicos). Esse mix em que investimento, com\u00e9rcio e consumo impulsionam o crescimento parece mais robusto.<\/li>\n<\/ul>\n<p>&nbsp;<\/p>\n<p><img loading=\"lazy\" decoding=\"async\" class=\"size-full wp-image-5338 aligncenter\" src=\"https:\/\/www.andbank.com\/brasil\/wp-content\/uploads\/sites\/11\/2019\/05\/Alemanha.jpg\" alt=\"\" width=\"960\" height=\"720\" srcset=\"https:\/\/www.andbank.com\/brasil\/wp-content\/uploads\/sites\/11\/2019\/05\/Alemanha.jpg 960w, https:\/\/www.andbank.com\/brasil\/wp-content\/uploads\/sites\/11\/2019\/05\/Alemanha-768x576.jpg 768w\" sizes=\"(max-width: 960px) 100vw, 960px\" \/><\/p>\n<p>&nbsp;<\/p>\n<p>Bons press\u00e1gios,<\/p>\n<p>&nbsp;<\/p>\n<p>Alex Fust\u00e9<br \/>\nGlobal Chief Economist<br \/>\nAndbank<\/p>\n","protected":false},"excerpt":{"rendered":"<p>Alemanha &#8211; Um mix mais robusto de crescimento 23 de Maio, 2019 &nbsp; Dados econ\u00f4micos europeus mostraram algum al\u00edvio em maio. Principalmente surpresas positivas nas taxas de crescimento do PIB e melhores PMIs de manufatura (\u00cdndice Industrial de Atividade dos Gerentes de Compras no Setor de Manufatura). Ainda nos resta observar se seria uma recupera\u00e7\u00e3o [&hellip;]<\/p>\n","protected":false},"author":14,"featured_media":5338,"parent":0,"menu_order":0,"comment_status":"closed","ping_status":"closed","template":"","meta":{"_acf_changed":false,"footnotes":""},"yst_prominent_words":[2009,1380,63,208,1771,247,2007,2011,2008,2012,2010,200],"class_list":["post-5337","page","type-page","status-publish","has-post-thumbnail","hentry"],"acf":[],"_links":{"self":[{"href":"https:\/\/www.andbank.com\/brasil\/wp-json\/wp\/v2\/pages\/5337"}],"collection":[{"href":"https:\/\/www.andbank.com\/brasil\/wp-json\/wp\/v2\/pages"}],"about":[{"href":"https:\/\/www.andbank.com\/brasil\/wp-json\/wp\/v2\/types\/page"}],"author":[{"embeddable":true,"href":"https:\/\/www.andbank.com\/brasil\/wp-json\/wp\/v2\/users\/14"}],"replies":[{"embeddable":true,"href":"https:\/\/www.andbank.com\/brasil\/wp-json\/wp\/v2\/comments?post=5337"}],"version-history":[{"count":0,"href":"https:\/\/www.andbank.com\/brasil\/wp-json\/wp\/v2\/pages\/5337\/revisions"}],"wp:featuredmedia":[{"embeddable":true,"href":"https:\/\/www.andbank.com\/brasil\/wp-json\/wp\/v2\/media\/5338"}],"wp:attachment":[{"href":"https:\/\/www.andbank.com\/brasil\/wp-json\/wp\/v2\/media?parent=5337"}],"wp:term":[{"taxonomy":"yst_prominent_words","embeddable":true,"href":"https:\/\/www.andbank.com\/brasil\/wp-json\/wp\/v2\/yst_prominent_words?post=5337"}],"curies":[{"name":"wp","href":"https:\/\/api.w.org\/{rel}","templated":true}]}}