{"id":5373,"date":"2019-05-27T22:35:01","date_gmt":"2019-05-27T17:35:01","guid":{"rendered":"https:\/\/www.andbank.com\/brasil\/?page_id=5373"},"modified":"2019-05-27T22:50:53","modified_gmt":"2019-05-27T17:50:53","slug":"flash-note-pedidos-bens-duraveis-ou-longa-duracao-cairam-em-abril-no-eua","status":"publish","type":"page","link":"https:\/\/www.andbank.com\/brasil\/flash-note-pedidos-bens-duraveis-ou-longa-duracao-cairam-em-abril-no-eua\/","title":{"rendered":"Flash Note: Pedidos de bens dur\u00e1veis ou de longa dura\u00e7\u00e3o ca\u00edram em abril nos EUA"},"content":{"rendered":"<h1>Pedidos de bens dur\u00e1veis ou de longa dura\u00e7\u00e3o ca\u00edram em abril nos EUA<\/h1>\n<p>27 de Maio, 2019<\/p>\n<p>&nbsp;<\/p>\n<p>As encomendas de bens dur\u00e1veis ou de longa dura\u00e7\u00e3o ca\u00edram acentuadamente em abril, principalmente devido \u00e0 queda na demanda por jatos da Boeing e novos carros e caminh\u00f5es. O investimento empresarial tamb\u00e9m continuou a enfraquecer, refletindo preocupa\u00e7\u00f5es sobre a luta comercial da China e uma economia mais lenta dos EUA. Ao pedidos de compra de bens dur\u00e1veis &#8211; produtos que devem durar pelo menos tr\u00eas anos &#8211; ca\u00edram 2,1% em abril, disse o governo na sexta-feira. O aumento de pedidos em mar\u00e7o tamb\u00e9m foi reduzido. Economistas pesquisados pelo MarketWatch previam uma queda de 2,4% em novos pedidos. Se carros e avi\u00f5es s\u00e3o retirados, as encomendas eram flat. O transporte frequentemente exagera os altos e baixos dos pedidos de compra devido \u00e0 demanda irregular de um m\u00eas para o outro.<\/p>\n<p>&nbsp;<\/p>\n<p><strong>O que aconteceu:<\/strong> A grande queda nos pedidos no m\u00eas passado est\u00e1 principalmente ligada a uma queda nos pedidos de compra de jatos da Boeing. O fabricante norte-americano recebeu apenas quatro pedidos em abril, ap\u00f3s a suspens\u00e3o mundial dos v\u00f4os para seus avi\u00f5es 737 MAX, depois de duas quedas de aeronaves. No entanto, uma medida importante do investimento empresarial, conhecida como ordens principais, tamb\u00e9m diminuiu. Elas ca\u00edram 0,9% &#8211; o primeiro tombo em quatro meses. Esses pedidos eliminam gastos com aeronaves e defesa para ter uma ideia melhor do quanto o setor privado est\u00e1 investindo. O ritmo anual de investimento das empresas desacelerou em abril para 1,3%, de 3,8%, marcando o menor aumento de 12 meses desde o \u00faltimo m\u00eas da presid\u00eancia de Barack Obama, em janeiro de 2017.<\/p>\n<p>&nbsp;<\/p>\n<p><img loading=\"lazy\" decoding=\"async\" class=\"alignnone size-full wp-image-5374\" src=\"https:\/\/www.andbank.com\/brasil\/wp-content\/uploads\/sites\/11\/2019\/05\/Grafico.png\" alt=\"\" width=\"749\" height=\"516\" \/><\/p>\n<p>&nbsp;<\/p>\n<p>O aumento originalmente registrado de 2,6% nos pedidos de bens dur\u00e1veis em mar\u00e7o foi reduzido para 1,7%.<\/p>\n<p>&nbsp;<\/p>\n<p><strong>Vis\u00e3o geral:<\/strong> O lado manufatureiro da economia dos EUA come\u00e7ou a desacelerar no final do ano passado, uma desacelera\u00e7\u00e3o exacerbada pela guerra comercial com a China. Uma economia global ainda fraca \u00e9 outro obst\u00e1culo. \u00c9 improv\u00e1vel que as empresas aumentem os gastos e os investimentos at\u00e9 que a disputa entre os EUA e a China seja resolvida e a economia global se fortale\u00e7a.<\/p>\n<p>&nbsp;<\/p>\n<p>A boa not\u00edcia \u00e9 que os fabricantes ainda est\u00e3o se expandindo, mesmo que a um passo de tartaruga, e a maioria n\u00e3o est\u00e1 disposta a reduzir sua for\u00e7a de trabalho em meio a uma escassez generalizada de m\u00e3o-de-obra qualificada. Enquanto a grande maioria dos americanos continuar trabalhando e as demiss\u00f5es em massa forem evitadas, \u00e9 improv\u00e1vel que a economia trope\u00e7a.<\/p>\n<p>&nbsp;<\/p>\n<p>Fiquem ligados.<\/p>\n<p>&nbsp;<\/p>\n<p>Giuseppe Mazzeo<br \/>\nChief Investment Officer<br \/>\nAndbank Miami<\/p>\n","protected":false},"excerpt":{"rendered":"<p>Pedidos de bens dur\u00e1veis ou de longa dura\u00e7\u00e3o ca\u00edram em abril nos EUA 27 de Maio, 2019 &nbsp; As encomendas de bens dur\u00e1veis ou de longa dura\u00e7\u00e3o ca\u00edram acentuadamente em abril, principalmente devido \u00e0 queda na demanda por jatos da Boeing e novos carros e caminh\u00f5es. O investimento empresarial tamb\u00e9m continuou a enfraquecer, refletindo preocupa\u00e7\u00f5es [&hellip;]<\/p>\n","protected":false},"author":14,"featured_media":5374,"parent":0,"menu_order":0,"comment_status":"closed","ping_status":"closed","template":"","meta":{"_acf_changed":false,"footnotes":""},"yst_prominent_words":[1532,1658,2066,2060,2072,2070,2063,2061,208,1762,2068,2071,2067,2069,2064,2062,2078,1522,2077,2065],"class_list":["post-5373","page","type-page","status-publish","has-post-thumbnail","hentry"],"acf":[],"_links":{"self":[{"href":"https:\/\/www.andbank.com\/brasil\/wp-json\/wp\/v2\/pages\/5373"}],"collection":[{"href":"https:\/\/www.andbank.com\/brasil\/wp-json\/wp\/v2\/pages"}],"about":[{"href":"https:\/\/www.andbank.com\/brasil\/wp-json\/wp\/v2\/types\/page"}],"author":[{"embeddable":true,"href":"https:\/\/www.andbank.com\/brasil\/wp-json\/wp\/v2\/users\/14"}],"replies":[{"embeddable":true,"href":"https:\/\/www.andbank.com\/brasil\/wp-json\/wp\/v2\/comments?post=5373"}],"version-history":[{"count":0,"href":"https:\/\/www.andbank.com\/brasil\/wp-json\/wp\/v2\/pages\/5373\/revisions"}],"wp:featuredmedia":[{"embeddable":true,"href":"https:\/\/www.andbank.com\/brasil\/wp-json\/wp\/v2\/media\/5374"}],"wp:attachment":[{"href":"https:\/\/www.andbank.com\/brasil\/wp-json\/wp\/v2\/media?parent=5373"}],"wp:term":[{"taxonomy":"yst_prominent_words","embeddable":true,"href":"https:\/\/www.andbank.com\/brasil\/wp-json\/wp\/v2\/yst_prominent_words?post=5373"}],"curies":[{"name":"wp","href":"https:\/\/api.w.org\/{rel}","templated":true}]}}