{"id":570,"date":"2017-04-20T18:09:15","date_gmt":"2017-04-20T16:09:15","guid":{"rendered":"https:\/\/www.andbank.com\/brasil\/?page_id=570\/"},"modified":"2018-03-22T15:06:34","modified_gmt":"2018-03-22T10:06:34","slug":"rentabilidades-fundos-e-relatorios","status":"publish","type":"page","link":"https:\/\/www.andbank.com\/brasil\/sobre-o-andbank\/rentabilidades-fundos-e-relatorios\/","title":{"rendered":"Rentabilidades de Fundos e Relat\u00f3rios"},"content":{"rendered":"<p>Todos os dias, a aloca\u00e7\u00e3o de ativos realizada pela equipe de estrat\u00e9gia de investimentos do Andbank decorre de uma profunda an\u00e1lise macroecon\u00f4mica e pol\u00edtica dos cen\u00e1rios brasileiro e global.\u00a0Como produtos destas an\u00e1lises, s\u00e3o produzidos relat\u00f3rios mensais sobre os fatos mais relevantes ocorridos no per\u00edodo e a leitura sobre as incertezas que est\u00e3o por vir no futuro pr\u00f3ximo, refletindo nos movimentos t\u00e1ticos aplicados nos portf\u00f3lios sob gest\u00e3o do Andbank para lidar com as mesmas.<\/p>\n<p>Acompanhando os relat\u00f3rios, as rentabilidades das principais solu\u00e7\u00f5es financeiras do mercado ser\u00e3o compartilhadas diariamente.<\/p>\n","protected":false},"excerpt":{"rendered":"<p>Entenda seus investimentos no contexto do mercado e acompanhe os resultados por suas rentabilidades.<\/p>\n","protected":false},"author":1,"featured_media":675,"parent":600,"menu_order":11,"comment_status":"closed","ping_status":"closed","template":"template-distributor.php","meta":{"_acf_changed":false,"footnotes":""},"yst_prominent_words":[65,64,63,62,66],"class_list":["post-570","page","type-page","status-publish","has-post-thumbnail","hentry"],"acf":[],"_links":{"self":[{"href":"https:\/\/www.andbank.com\/brasil\/wp-json\/wp\/v2\/pages\/570"}],"collection":[{"href":"https:\/\/www.andbank.com\/brasil\/wp-json\/wp\/v2\/pages"}],"about":[{"href":"https:\/\/www.andbank.com\/brasil\/wp-json\/wp\/v2\/types\/page"}],"author":[{"embeddable":true,"href":"https:\/\/www.andbank.com\/brasil\/wp-json\/wp\/v2\/users\/1"}],"replies":[{"embeddable":true,"href":"https:\/\/www.andbank.com\/brasil\/wp-json\/wp\/v2\/comments?post=570"}],"version-history":[{"count":0,"href":"https:\/\/www.andbank.com\/brasil\/wp-json\/wp\/v2\/pages\/570\/revisions"}],"up":[{"embeddable":true,"href":"https:\/\/www.andbank.com\/brasil\/wp-json\/wp\/v2\/pages\/600"}],"wp:featuredmedia":[{"embeddable":true,"href":"https:\/\/www.andbank.com\/brasil\/wp-json\/wp\/v2\/media\/675"}],"wp:attachment":[{"href":"https:\/\/www.andbank.com\/brasil\/wp-json\/wp\/v2\/media?parent=570"}],"wp:term":[{"taxonomy":"yst_prominent_words","embeddable":true,"href":"https:\/\/www.andbank.com\/brasil\/wp-json\/wp\/v2\/yst_prominent_words?post=570"}],"curies":[{"name":"wp","href":"https:\/\/api.w.org\/{rel}","templated":true}]}}