{"id":573,"date":"2017-04-20T18:10:51","date_gmt":"2017-04-20T16:10:51","guid":{"rendered":"https:\/\/www.andbank.com\/brasil\/?page_id=573\/"},"modified":"2018-03-22T20:53:46","modified_gmt":"2018-03-22T15:53:46","slug":"relatorios","status":"publish","type":"page","link":"https:\/\/www.andbank.com\/brasil\/solucoes-de-investimentos\/relatorios\/","title":{"rendered":"Relat\u00f3rios de Investimentos"},"content":{"rendered":"<p>&nbsp;<\/p>\n<ul>\n<li><a href=\"https:\/\/www.andbank.com\/brasil\/wp-content\/uploads\/sites\/11\/2018\/03\/Andbank-Perspectivas-Globais-Mar\u00e7o-1.pdf\">PERSPECTIVAS GLOBAIS &#8211; ECONOMIA E MERCADOS FINANCEIROS &#8211; MAR\u00c7O 2018\u00a0<img decoding=\"async\" src=\"\/wp-content\/uploads\/sites\/11\/2017\/11\/pdf.png\" alt=\"\" \/><\/a><\/li>\n<li><a href=\"https:\/\/www.andbank.com\/brasil\/wp-content\/uploads\/sites\/11\/2018\/02\/Fevereiro-Relatorio-Perspectivas-Globais.pdf\">PERSPECTIVAS GLOBAIS &#8211; ECONOMIA E MERCADOS FINANCEIROS &#8211; FEVEREIRO 2018<\/a><a href=\"https:\/\/www.andbank.com\/brasil\/wp-content\/uploads\/sites\/11\/2018\/02\/Fevereiro-Relatorio-Perspectivas-Globais.pdf\" target=\"_blank\" rel=\"noopener noreferrer\"><img decoding=\"async\" src=\"\/wp-content\/uploads\/sites\/11\/2017\/11\/pdf.png\" alt=\"\" \/><\/a><\/li>\n<li><a href=\"https:\/\/www.andbank.com\/brasil\/wp-content\/uploads\/sites\/11\/2018\/02\/Andbank-Carta-Mensal_201802.pdf\">ALOCA\u00c7\u00c3O ESTRAT\u00c9GICA DE ATIVOS &#8211; FEVEREIRO 2018<\/a><a href=\"\/wp-content\/uploads\/sites\/11\/2017\/11\/Andbank_Carta_Mensal_201710.pdf\" target=\"_blank\" rel=\"noopener noreferrer\"><img decoding=\"async\" src=\"\/wp-content\/uploads\/sites\/11\/2017\/11\/pdf.png\" alt=\"\" \/><\/a><\/li>\n<li><a href=\"https:\/\/www.andbank.com\/brasil\/wp-content\/uploads\/sites\/11\/2018\/01\/Janeiro-Relatorio-Aloca\u00e7\u00e3o-Estrat\u00e9gica-de-Ativos.pdf\">ALOCA\u00c7\u00c3O ESTRAT\u00c9GICA DE ATIVOS \u2013 JANEIRO 2018<\/a><a href=\"\/wp-content\/uploads\/sites\/11\/2017\/11\/Andbank_Carta_Mensal_201710.pdf\" target=\"_blank\" rel=\"noopener noreferrer\"><img decoding=\"async\" src=\"\/wp-content\/uploads\/sites\/11\/2017\/11\/pdf.png\" alt=\"\" \/><\/a><\/li>\n<li><a href=\"https:\/\/www.andbank.com\/wp-content\/uploads\/2017\/12\/Dezembro-Relatorio-Visao-Corporativa-Andbank.pdf\">PERSPECTIVAS GLOBAIS &#8211; ECONOMIA E MERCADOS FINANCEIROS &#8211; DEZEMBRO 2017<\/a><a href=\"\/wp-content\/uploads\/sites\/11\/2017\/11\/Andbank_Carta_Mensal_201710.pdf\" target=\"_blank\" rel=\"noopener noreferrer\"><img decoding=\"async\" src=\"\/wp-content\/uploads\/sites\/11\/2017\/11\/pdf.png\" alt=\"\" \/><\/a><\/li>\n<li><a href=\"https:\/\/www.andbank.com\/wp-content\/uploads\/2017\/12\/Dezembro-Relatorio-Aloca\u00e7\u00e3o-Estrat\u00e9gica-de-Ativos.pdf\" target=\"_blank\" rel=\"noopener\">ALOCA\u00c7\u00c3O ESTRAT\u00c9GICA DE ATIVOS \u2013 DEZEMBRO 2017<\/a><a href=\"\/wp-content\/uploads\/sites\/11\/2017\/11\/Andbank_Carta_Mensal_201710.pdf\" target=\"_blank\" rel=\"noopener noreferrer\"><img decoding=\"async\" src=\"\/wp-content\/uploads\/sites\/11\/2017\/11\/pdf.png\" alt=\"\" \/><\/a><\/li>\n<li><a href=\"https:\/\/www.andbank.com\/brasil\/wp-content\/uploads\/sites\/11\/2018\/01\/Novembro-Relatorio-Visao-Corporativa-Andbank.pdf\">PERSPECTIVAS GLOBAIS &#8211; ECONOMIA E MERCADOS FINANCEIROS &#8211; NOVEMBRO 2017<\/a><a href=\"https:\/\/www.andbank.com\/brasil\/wp-content\/uploads\/sites\/11\/2018\/01\/Novembro-Relatorio-Visao-Corporativa-Andbank.pdf\" target=\"_blank\" rel=\"noopener noreferrer\"><img decoding=\"async\" src=\"\/wp-content\/uploads\/sites\/11\/2017\/11\/pdf.png\" alt=\"\" \/><\/a><\/li>\n<li><a href=\"https:\/\/www.andbank.com\/brasil\/wp-content\/uploads\/sites\/11\/2018\/01\/Outubro-Relatorio-Visao-Corporativa-Andbank.pdf\">PERSPECTIVAS GLOBAIS &#8211; ECONOMIA E MERCADOS FINANCEIRO &#8211; OUTUBRO 2017<\/a><a href=\"https:\/\/www.andbank.com\/brasil\/wp-content\/uploads\/sites\/11\/2018\/01\/Outubro-Relatorio-Visao-Corporativa-Andbank.pdf\" target=\"_blank\" rel=\"noopener noreferrer\"><img decoding=\"async\" src=\"\/wp-content\/uploads\/sites\/11\/2017\/11\/pdf.png\" alt=\"\" \/><\/a><\/li>\n<li><a href=\"\/wp-content\/uploads\/sites\/11\/2017\/11\/Andbank_Carta_Mensal_201710.pdf\" target=\"_blank\" rel=\"noopener noreferrer\">ALOCA\u00c7\u00c3O ESTRAT\u00c9GICA DE ATIVOS \u2013 OUTUBRO 2017 <img decoding=\"async\" src=\"\/wp-content\/uploads\/sites\/11\/2017\/11\/pdf.png\" alt=\"\" \/><\/a><\/li>\n<li><a href=\"\/wp-content\/uploads\/sites\/11\/2017\/11\/Andbank_Carta_Mensal_201709.pdf\" target=\"_blank\" rel=\"noopener noreferrer\">ALOCA\u00c7\u00c3O ESTRAT\u00c9GICA DE ATIVOS \u2013 SETEMBRO 2017 <img decoding=\"async\" src=\"\/wp-content\/uploads\/sites\/11\/2017\/11\/pdf.png\" alt=\"\" \/><\/a><\/li>\n<li><a href=\"\/wp-content\/uploads\/sites\/11\/2017\/11\/Agosto_Relatorio_Visao_Corporativa_Andbank.pdf\" target=\"_blank\" rel=\"noopener noreferrer\">PERSPECTIVAS GLOBAIS \u2013 ECONOMIA E MERCADOS FINANCEIROS \u2013 AGOSTO 2017 <img decoding=\"async\" src=\"\/wp-content\/uploads\/sites\/11\/2017\/11\/pdf.png\" alt=\"\" \/><\/a><\/li>\n<li><a href=\"\/wp-content\/uploads\/sites\/11\/2017\/11\/Andbank_Carta_Mensal_201708_imp.pdf\" target=\"_blank\" rel=\"noopener noreferrer\">ALOCA\u00c7\u00c3O ESTRAT\u00c9GICA DE ATIVOS \u2013 AGOSTO 2017 <img decoding=\"async\" src=\"\/wp-content\/uploads\/sites\/11\/2017\/11\/pdf.png\" alt=\"\" \/><\/a><\/li>\n<li><a href=\"\/wp-content\/uploads\/sites\/11\/2017\/11\/Julho_Relatorio_Visao_Corporativa_Andbank.pdf\" target=\"_blank\" rel=\"noopener noreferrer\">PERSPECTIVAS GLOBAIS \u2013 ECONOMIAS E MERCADOS FINANCEIROS \u2013 JULHO 2017 <img decoding=\"async\" src=\"\/wp-content\/uploads\/sites\/11\/2017\/11\/pdf.png\" alt=\"\" \/><\/a><\/li>\n<li><a href=\"\/wp-content\/uploads\/sites\/11\/2017\/11\/Andbank_Carta_Mensal_201707.pdf\" target=\"_blank\" rel=\"noopener noreferrer\">ALOCA\u00c7\u00c3O ESTRAT\u00c9GICA DE ATIVOS \u2013 JULHO 2017 <img decoding=\"async\" src=\"\/wp-content\/uploads\/sites\/11\/2017\/11\/pdf.png\" alt=\"\" \/><\/a><\/li>\n<li><a href=\"\/wp-content\/uploads\/sites\/11\/2017\/11\/Junho_Visao_Corporativa_Andbank.pdf\" target=\"_blank\" rel=\"noopener noreferrer\">PERSPECTIVAS GLOBAIS \u2013 ECONOMIA E MERCADOS FINANCEIROS \u2013 JUNHO 2017 <img decoding=\"async\" src=\"\/wp-content\/uploads\/sites\/11\/2017\/11\/pdf.png\" alt=\"\" \/><\/a><\/li>\n<li><a href=\"\/wp-content\/uploads\/sites\/11\/2017\/11\/Andbank_Carta_Mensal_201706.pdf\" target=\"_blank\" rel=\"noopener noreferrer\">ALOCA\u00c7\u00c3O ESTRAT\u00c9GICA DE ATIVOS \u2013 JUNHO 2017 <img decoding=\"async\" src=\"\/wp-content\/uploads\/sites\/11\/2017\/11\/pdf.png\" alt=\"\" \/><\/a><\/li>\n<li><a href=\"\/wp-content\/uploads\/sites\/11\/2017\/11\/relatorio_201705.pdf\" target=\"_blank\" rel=\"alternate noopener noreferrer\">PERSPECTIVAS GLOBAIS \u2013 ECONOMIA E MERCADOS FINANCEIROS &#8211; MAIO 2017 <img decoding=\"async\" src=\"\/wp-content\/uploads\/sites\/11\/2017\/11\/pdf.png\" alt=\"\" \/><\/a><\/li>\n<li><a href=\"\/wp-content\/uploads\/sites\/11\/2017\/11\/alocacao_estrategica_de_ativos_maio_2017.pdf\" target=\"_blank\" rel=\"alternate noopener noreferrer\">ALOCA\u00c7\u00c3O ESTRAT\u00c9GICA DE ATIVOS \u2013 MAIO 2017 <img decoding=\"async\" src=\"\/wp-content\/uploads\/sites\/11\/2017\/11\/pdf.png\" alt=\"\" \/><\/a><\/li>\n<li><a href=\"\/wp-content\/uploads\/sites\/11\/2017\/11\/relatorio_201704.pdf\" target=\"_blank\" rel=\"alternate noopener noreferrer\">PERSPECTIVAS GLOBAIS \u2013 ECONOMIA E MERCADOS FINANCEIROS &#8211; ABRIL 2017 <img decoding=\"async\" src=\"\/wp-content\/uploads\/sites\/11\/2017\/11\/pdf.png\" alt=\"\" \/><\/a><\/li>\n<\/ul>\n<p>&nbsp;<\/p>\n<p>&nbsp;<\/p>\n","protected":false},"excerpt":{"rendered":"<p>Entenda seus investimentos no contexto do mercado e acompanhe os resultados por suas rentabilidades.<\/p>\n","protected":false},"author":1,"featured_media":633,"parent":542,"menu_order":13,"comment_status":"closed","ping_status":"closed","template":"template-detail.php","meta":{"_acf_changed":false,"footnotes":""},"yst_prominent_words":[52,57,47,42,59,371,48,44,45,372,251,51,43,41,252,50,250,49,46,40],"class_list":["post-573","page","type-page","status-publish","has-post-thumbnail","hentry"],"acf":[],"_links":{"self":[{"href":"https:\/\/www.andbank.com\/brasil\/wp-json\/wp\/v2\/pages\/573"}],"collection":[{"href":"https:\/\/www.andbank.com\/brasil\/wp-json\/wp\/v2\/pages"}],"about":[{"href":"https:\/\/www.andbank.com\/brasil\/wp-json\/wp\/v2\/types\/page"}],"author":[{"embeddable":true,"href":"https:\/\/www.andbank.com\/brasil\/wp-json\/wp\/v2\/users\/1"}],"replies":[{"embeddable":true,"href":"https:\/\/www.andbank.com\/brasil\/wp-json\/wp\/v2\/comments?post=573"}],"version-history":[{"count":0,"href":"https:\/\/www.andbank.com\/brasil\/wp-json\/wp\/v2\/pages\/573\/revisions"}],"up":[{"embeddable":true,"href":"https:\/\/www.andbank.com\/brasil\/wp-json\/wp\/v2\/pages\/542"}],"wp:featuredmedia":[{"embeddable":true,"href":"https:\/\/www.andbank.com\/brasil\/wp-json\/wp\/v2\/media\/633"}],"wp:attachment":[{"href":"https:\/\/www.andbank.com\/brasil\/wp-json\/wp\/v2\/media?parent=573"}],"wp:term":[{"taxonomy":"yst_prominent_words","embeddable":true,"href":"https:\/\/www.andbank.com\/brasil\/wp-json\/wp\/v2\/yst_prominent_words?post=573"}],"curies":[{"name":"wp","href":"https:\/\/api.w.org\/{rel}","templated":true}]}}