{"id":600,"date":"2017-04-20T18:44:09","date_gmt":"2017-04-20T13:44:09","guid":{"rendered":"https:\/\/www.andbank.com\/brasil\/?page_id=600\/"},"modified":"2018-03-29T20:48:07","modified_gmt":"2018-03-29T15:48:07","slug":"sobre-o-andbank","status":"publish","type":"page","link":"https:\/\/www.andbank.com\/brasil\/sobre-o-andbank\/","title":{"rendered":"Sobre o Andbank"},"content":{"rendered":"<div class=\"page-header\">\n<h2>1930<\/h2>\n<p>Em 30 de dezembro de 1930, Manuel Cerqueda i Escaler, da fam\u00edlia Cerqueda, fundou o Banc Agr\u00edcol Comercial d&#8217;Andorra, mais conhecido como Banc Agr\u00edcol, no Principado de Andorra.<\/p>\n<p>Uma institui\u00e7\u00e3o criada para facilitar as transa\u00e7\u00f5es comerciais voltadas para a agricultura e a pecu\u00e1ria da regi\u00e3o, que foi a respons\u00e1vel pela gest\u00e3o da folha de pagamento dos primeiros imigrantes que chegariam para trabalhar na constru\u00e7\u00e3o das estradas de acesso ao pa\u00eds h\u00e1 86 anos.<\/p>\n<h2>1956<\/h2>\n<p>Pouco mais de 2 d\u00e9cadas depois, a fam\u00edlia Reig, por meio de Juli\u00e0 Reig Rib\u00f3, uma lider pol\u00edtica na vida de Andorra do s\u00e9culo XX, solicitou permiss\u00e3o para exercer atividade banc\u00e1ria sob o nome comercial de Banca Reig S.A.<\/p>\n<h2>2002<\/h2>\n<p>A fus\u00e3o das duas institui\u00e7\u00f5es foi an\u00fanciada em 2001, mas apenas um ano depois, no dia 10 de maio de 2002, foi aprovada a modifica\u00e7\u00e3o do nome da empresa para Andorra Banc Agr\u00edcol Reig S.A., o Andbank.<\/p>\n<h2>2011<\/h2>\n<p>Em 2011 o Andbank adquire participa\u00e7\u00e3o na LLA Gest\u00e3o de Patrim\u00f4nio Financeiro.<\/p>\n<p>A LLA j\u00e1 era pioneira na sele\u00e7\u00e3o, avalia\u00e7\u00e3o e distribui\u00e7\u00e3o de produtos financeiros de terceiros desde 1991, trabalhando com o conceito de arquitetura aberta ao oferecer aos seus clientes de forma imparcial \u00e0s melhores alternativas de investimentos do mercado nacional.<\/p>\n<h2>2015<\/h2>\n<p>Foi em 2015, ap\u00f3s a compra do Banco Bracce, que a organiza\u00e7\u00e3o conseguiu a licen\u00e7a banc\u00e1ria para operar no pa\u00eds e passou a se chamar, oficialmente, Banco Andbank Brasil S.A.<\/p>\n<\/div>\n<div><\/div>\n","protected":false},"excerpt":{"rendered":"<p>1930 Em 30 de dezembro de 1930, Manuel Cerqueda i Escaler, da fam\u00edlia Cerqueda, fundou o Banc Agr\u00edcol Comercial d&#8217;Andorra, mais conhecido como Banc Agr\u00edcol, no Principado de Andorra. Uma institui\u00e7\u00e3o criada para facilitar as transa\u00e7\u00f5es comerciais voltadas para a agricultura e a pecu\u00e1ria da regi\u00e3o, que foi a respons\u00e1vel pela gest\u00e3o da folha de [&hellip;]<\/p>\n","protected":false},"author":1,"featured_media":687,"parent":0,"menu_order":16,"comment_status":"closed","ping_status":"closed","template":"template-detail.php","meta":{"_acf_changed":false,"footnotes":""},"yst_prominent_words":[417,416,414,65,412,163,413,102,207,418,63,208,384,549,247,415,411,410,222,200],"class_list":["post-600","page","type-page","status-publish","has-post-thumbnail","hentry"],"acf":[],"_links":{"self":[{"href":"https:\/\/www.andbank.com\/brasil\/wp-json\/wp\/v2\/pages\/600"}],"collection":[{"href":"https:\/\/www.andbank.com\/brasil\/wp-json\/wp\/v2\/pages"}],"about":[{"href":"https:\/\/www.andbank.com\/brasil\/wp-json\/wp\/v2\/types\/page"}],"author":[{"embeddable":true,"href":"https:\/\/www.andbank.com\/brasil\/wp-json\/wp\/v2\/users\/1"}],"replies":[{"embeddable":true,"href":"https:\/\/www.andbank.com\/brasil\/wp-json\/wp\/v2\/comments?post=600"}],"version-history":[{"count":0,"href":"https:\/\/www.andbank.com\/brasil\/wp-json\/wp\/v2\/pages\/600\/revisions"}],"wp:featuredmedia":[{"embeddable":true,"href":"https:\/\/www.andbank.com\/brasil\/wp-json\/wp\/v2\/media\/687"}],"wp:attachment":[{"href":"https:\/\/www.andbank.com\/brasil\/wp-json\/wp\/v2\/media?parent=600"}],"wp:term":[{"taxonomy":"yst_prominent_words","embeddable":true,"href":"https:\/\/www.andbank.com\/brasil\/wp-json\/wp\/v2\/yst_prominent_words?post=600"}],"curies":[{"name":"wp","href":"https:\/\/api.w.org\/{rel}","templated":true}]}}