{"id":9872,"date":"2020-06-29T21:17:47","date_gmt":"2020-06-29T16:17:47","guid":{"rendered":"https:\/\/www.andbank.com\/brasil\/?page_id=9872"},"modified":"2025-12-11T19:56:00","modified_gmt":"2025-12-11T14:56:00","slug":"capital-servicos-de-agente-autonomo-investimentos-ltda","status":"publish","type":"page","link":"https:\/\/www.andbank.com\/brasil\/capital-servicos-de-agente-autonomo-investimentos-ltda\/","title":{"rendered":"CAPITAL SERVI\u00c7OS DE AGENTE AUT\u00d4NOMO INVESTIMENTOS LTDA"},"content":{"rendered":"<h3><strong>CAPITAL SERVI\u00c7OS DE AGENTE AUT\u00d4NOMO INVESTIMENTOS LTDA<\/strong><\/h3>\n<p>CNPJ 05.466.830.0001-22<\/p>\n<ul>\n<li>ANTONIO SERZEDELLO MACHADO CARNEIRO<\/li>\n<li>AUGUSTO CESAR REGO LINS<\/li>\n<li>C\u00c9SAR DA SILVA DAMI\u00c3O<\/li>\n<li>FERNANDO NAGIB GANME<\/li>\n<li>FRANCISCO CORREA DA COSTA NETO<\/li>\n<li>MIGUEL VIEGAS ELKIND<\/li>\n<li>RENATA NOGUEIRA DA GAMA SILBERT<\/li>\n<\/ul>\n","protected":false},"excerpt":{"rendered":"<p>CAPITAL SERVI\u00c7OS DE AGENTE AUT\u00d4NOMO INVESTIMENTOS LTDA CNPJ 05.466.830.0001-22 ANTONIO SERZEDELLO MACHADO CARNEIRO AUGUSTO CESAR REGO LINS C\u00c9SAR DA SILVA DAMI\u00c3O FERNANDO NAGIB GANME FRANCISCO CORREA DA COSTA NETO MIGUEL VIEGAS ELKIND RENATA NOGUEIRA DA GAMA SILBERT<\/p>\n","protected":false},"author":35,"featured_media":9869,"parent":0,"menu_order":0,"comment_status":"closed","ping_status":"closed","template":"","meta":{"_acf_changed":false,"footnotes":""},"yst_prominent_words":[207,2553],"class_list":["post-9872","page","type-page","status-publish","has-post-thumbnail","hentry"],"acf":[],"_links":{"self":[{"href":"https:\/\/www.andbank.com\/brasil\/wp-json\/wp\/v2\/pages\/9872"}],"collection":[{"href":"https:\/\/www.andbank.com\/brasil\/wp-json\/wp\/v2\/pages"}],"about":[{"href":"https:\/\/www.andbank.com\/brasil\/wp-json\/wp\/v2\/types\/page"}],"author":[{"embeddable":true,"href":"https:\/\/www.andbank.com\/brasil\/wp-json\/wp\/v2\/users\/35"}],"replies":[{"embeddable":true,"href":"https:\/\/www.andbank.com\/brasil\/wp-json\/wp\/v2\/comments?post=9872"}],"version-history":[{"count":1,"href":"https:\/\/www.andbank.com\/brasil\/wp-json\/wp\/v2\/pages\/9872\/revisions"}],"predecessor-version":[{"id":15091,"href":"https:\/\/www.andbank.com\/brasil\/wp-json\/wp\/v2\/pages\/9872\/revisions\/15091"}],"wp:featuredmedia":[{"embeddable":true,"href":"https:\/\/www.andbank.com\/brasil\/wp-json\/wp\/v2\/media\/9869"}],"wp:attachment":[{"href":"https:\/\/www.andbank.com\/brasil\/wp-json\/wp\/v2\/media?parent=9872"}],"wp:term":[{"taxonomy":"yst_prominent_words","embeddable":true,"href":"https:\/\/www.andbank.com\/brasil\/wp-json\/wp\/v2\/yst_prominent_words?post=9872"}],"curies":[{"name":"wp","href":"https:\/\/api.w.org\/{rel}","templated":true}]}}