{"id":2202,"date":"2017-04-04T13:19:25","date_gmt":"2017-04-04T11:19:25","guid":{"rendered":"https:\/\/www.andbank.com\/banca-privada\/"},"modified":"2019-04-10T10:39:54","modified_gmt":"2019-04-10T08:39:54","slug":"banca-privada","status":"publish","type":"page","link":"https:\/\/www.andbank.com\/ca\/banca-privada\/","title":{"rendered":"Banca Privada"},"content":{"rendered":"<p>Independ\u00e8ncia, experi\u00e8ncia i especialitzaci\u00f3 s\u00f3n els trets que ens defineixen. La clau de l&#8217;\u00e8xit rau en un m\u00e8tode perfeccionat al llarg dels m\u00e9s de 85 anys d&#8217;experi\u00e8ncia que permet un exhaustiu control del risc a trav\u00e9s de les eines m\u00e9s avan\u00e7ades.<\/p>\n","protected":false},"excerpt":{"rendered":"<p>Independ\u00e8ncia, experi\u00e8ncia i especialitzaci\u00f3 s\u00f3n els trets que ens defineixen. La clau de l&#8217;\u00e8xit rau en un m\u00e8tode perfeccionat al llarg dels m\u00e9s de 85 anys d&#8217;experi\u00e8ncia que permet un exhaustiu control del risc a trav\u00e9s de les eines m\u00e9s avan\u00e7ades.<\/p>\n","protected":false},"author":1,"featured_media":3895,"parent":0,"menu_order":15,"comment_status":"closed","ping_status":"closed","template":"template-distributor.php","meta":{"_acf_changed":false,"footnotes":""},"yst_prominent_words":[2286],"class_list":["post-2202","page","type-page","status-publish","has-post-thumbnail","hentry"],"acf":[],"_links":{"self":[{"href":"https:\/\/www.andbank.com\/ca\/wp-json\/wp\/v2\/pages\/2202"}],"collection":[{"href":"https:\/\/www.andbank.com\/ca\/wp-json\/wp\/v2\/pages"}],"about":[{"href":"https:\/\/www.andbank.com\/ca\/wp-json\/wp\/v2\/types\/page"}],"author":[{"embeddable":true,"href":"https:\/\/www.andbank.com\/ca\/wp-json\/wp\/v2\/users\/1"}],"replies":[{"embeddable":true,"href":"https:\/\/www.andbank.com\/ca\/wp-json\/wp\/v2\/comments?post=2202"}],"version-history":[{"count":0,"href":"https:\/\/www.andbank.com\/ca\/wp-json\/wp\/v2\/pages\/2202\/revisions"}],"wp:featuredmedia":[{"embeddable":true,"href":"https:\/\/www.andbank.com\/ca\/wp-json\/wp\/v2\/media\/3895"}],"wp:attachment":[{"href":"https:\/\/www.andbank.com\/ca\/wp-json\/wp\/v2\/media?parent=2202"}],"wp:term":[{"taxonomy":"yst_prominent_words","embeddable":true,"href":"https:\/\/www.andbank.com\/ca\/wp-json\/wp\/v2\/yst_prominent_words?post=2202"}],"curies":[{"name":"wp","href":"https:\/\/api.w.org\/{rel}","templated":true}]}}