{"id":2206,"date":"2017-04-03T13:31:46","date_gmt":"2017-04-03T11:31:46","guid":{"rendered":"https:\/\/www.andbank.com\/politica-de-galetes-cookies\/"},"modified":"2019-04-29T10:38:34","modified_gmt":"2019-04-29T08:38:34","slug":"politica-de-galetes-cookies","status":"publish","type":"page","link":"https:\/\/www.andbank.com\/ca\/avis-legal\/politica-de-galetes-cookies\/","title":{"rendered":"Pol\u00edtica de galetes (<i>cookies<\/i>)"},"content":{"rendered":"<p>Utilitzem galetes per facilitar l&#8217;\u00fas de la nostra p\u00e0gina web i optimitzar la vostra navegaci\u00f3, adaptant la informaci\u00f3 i els serveis oferts als vostres interessos, per proporcionar-vos una millor experi\u00e8ncia sempre que ens visiteu. La nostra web utilitza galetes per funcionar i per adaptar i facilitar al m\u00e0xim la navegaci\u00f3 de l&#8217;usuari.<\/p>\n<p>Les galetes s\u00f3n petits fitxers d&#8217;informaci\u00f3 que ens permeten comparar i entendre com naveguen els usuaris a trav\u00e9s de la nostra p\u00e0gina web i, d&#8217;aquesta manera, millorar-ne el proc\u00e9s de navegaci\u00f3. Les galetes que utilitzem no emmagatzemen cap dada personal ni cap tipus d&#8217;informaci\u00f3 que us pugui identificar.<\/p>\n<p>Si no voleu rebre galetes, podeu configurar el navegador d&#8217;Internet perqu\u00e8 les esborri del disc dur de l&#8217;ordinador, les bloquegi o us avisi en cas que s&#8217;instal\u00b7lin. En tot moment podreu accedir a la configuraci\u00f3 del navegador per modificar i\/o bloquejar la instal\u00b7laci\u00f3 de les galetes enviades pel nostre lloc web, sense que aix\u00f2 impedeixi l&#8217;acc\u00e9s als continguts. No obstant aix\u00f2, la qualitat del funcionament dels serveis pot resultar afectada. Per mantenir sense canvis la configuraci\u00f3 de les galetes, simplement continueu a la p\u00e0gina web.<\/p>\n<p>&nbsp;<\/p>\n<h2>Com la majoria dels llocs web a Internet, la nostra web utilitza galetes per a:<\/h2>\n<ul>\n<li>Assegurar que les p\u00e0gines web puguin funcionar correctament.<\/li>\n<li>Emmagatzemar les vostres prefer\u00e8ncies, com ara l&#8217;idioma que heu seleccionat.<\/li>\n<li>Con\u00e8ixer la vostra experi\u00e8ncia de navegaci\u00f3.<\/li>\n<li>Recopilar informaci\u00f3 estad\u00edstica an\u00f2nima, com ara quines p\u00e0gines heu vist o quant de temps heu estat al nostre web.<\/li>\n<\/ul>\n<p>&nbsp;<\/p>\n<h2>Per qu\u00e8 s\u00f3n importants?<\/h2>\n<ul>\n<li>Des d&#8217;un punt de vista t\u00e8cnic, permeten que els llocs web funcionin de forma m\u00e9s \u00e0gil i s&#8217;adaptin a les prefer\u00e8ncies dels usuaris, com ara l&#8217;idioma, la moneda del pa\u00eds o el dispositiu amb qu\u00e8 hagin accedit.<\/li>\n<li>Estableixen nivells de protecci\u00f3 i seguretat que impedeixen o dificulten els ciberatacs contra el lloc web o els seus usuaris.<\/li>\n<li>Permeten que els gestors dels mitjans puguin con\u00e8ixer dades estad\u00edstiques recopilades a les galetes per millorar la qualitat dels seus serveis i l&#8217;experi\u00e8ncia en utilitzar-los.<\/li>\n<li>Serveixen per optimitzar la publicitat que mostrem als usuaris, de manera que n&#8217;oferim la que m\u00e9s s&#8217;ajusti als seus interessos.<\/li>\n<li>Podeu obtenir m\u00e9s informaci\u00f3 sobre les galetes i el seu \u00fas a www.aboutcookies.org<\/li>\n<\/ul>\n<p>&nbsp;<\/p>\n<h2>Els tipus de galetes que utilitzem:<\/h2>\n<p>Aquestes galetes s\u00f3n necess\u00e0ries per al funcionament correcte de la p\u00e0gina web. A m\u00e9s, en milloren les funcions i l&#8217;experi\u00e8ncia de la vostra visita de manera notable.<\/p>\n<p><strong><\/p>\n<h3>Anal\u00edtica<\/strong><\/h3>\n<p>Google\u00a0Analytics \u00e9s una eina gratu\u00efta d&#8217;an\u00e0lisi web de Google que permet als propietaris de llocs web con\u00e8ixer com interactuen els usuaris amb el seu lloc web. Aix\u00ed mateix, habilita galetes al domini del lloc en qu\u00e8 es troba i utilitza un conjunt de galetes anomenades &#8220;__utma&#8221; i &#8220;__utmz&#8221; per recopilar informaci\u00f3 de manera an\u00f2nima i elaborar informes de tend\u00e8ncies de llocs web sense identificar usuaris individuals (no obt\u00e9 dades dels noms o cognoms dels usuaris ni de l&#8217;adre\u00e7a postal des d&#8217;on es connecten).<\/p>\n<p>La informaci\u00f3 que obt\u00e9 est\u00e0 relacionada per exemple amb el nombre de p\u00e0gines vistes, l&#8217;idioma, el nombre d&#8217;usuaris que ens visiten, la freq\u00fc\u00e8ncia i reincid\u00e8ncia de les visites, el temps de visita, el navegador que fan servir, etc. Aquesta informaci\u00f3 la fem servir per millorar la nostra p\u00e0gina, detectar necessitats noves i valorar les millores a introduir amb la finalitat de prestar un millor servei als usuaris que ens visiten.<\/p>\n<p>Podeu con\u00e8ixer aquests altres usos des dels enlla\u00e7os indicats:<\/p>\n<ul>\n<li>http:\/\/www.google.es\/intl\/es\/analytics\/privacyoverview.html<\/li>\n<li>http:\/\/www.google.com\/analytics\/<\/li>\n<\/ul>\n<p>En visitar el nostre lloc web, accepteu la instal\u00b7laci\u00f3 d&#8217;aquestes galetes al dispositiu.<\/p>\n<p><strong><\/p>\n<h3>Prefer\u00e8ncies<\/strong><\/h3>\n<p>Aquestes galetes ens permeten, per exemple, saber si heu visitat abans el nostre lloc web o si heu indicat alguna prefer\u00e8ncia. La p\u00e8rdua de la informaci\u00f3 emmagatzemada en una galeta de prefer\u00e8ncies pot fer que l&#8217;experi\u00e8ncia del lloc web sigui menys funcional, per\u00f2 no n&#8217;ha d&#8217;afectar el funcionament.<\/p>\n<p>En visitar el nostre lloc web, accepteu la instal\u00b7laci\u00f3 d&#8217;aquestes galetes al dispositiu.<\/p>\n<p><strong><\/p>\n<h3>Proc\u00e9s<\/strong><\/h3>\n<p>Les galetes de processos permeten el funcionament del lloc web i ofereixen serveis esperats per l&#8217;usuari que hi accedeix, com ara la navegaci\u00f3 per p\u00e0gines web o l&#8217;acc\u00e9s a \u00e0rees segures. Sense aquestes galetes, el lloc web no pot funcionar de manera adequada.<\/p>\n<p>En visitar la nostra p\u00e0gina web, accepteu la instal\u00b7laci\u00f3 d&#8217;aquestes galetes al dispositiu.<\/p>\n<p><strong><\/p>\n<h3>Navegaci\u00f3 o estat de la sessi\u00f3<\/strong><\/h3>\n<p>Aquestes galetes recullen informaci\u00f3 sobre l&#8217;\u00fas que les visites fan del lloc web, com ara les p\u00e0gines vistes, els errors de c\u00e0rrega&#8230; Desen la informaci\u00f3 necess\u00e0ria durant la sessi\u00f3 i els canvis relacionats amb ella, i tamb\u00e9 determinen si l&#8217;usuari est\u00e0 registrat o no al lloc web.<\/p>\n<p>\u00c9s informaci\u00f3 gen\u00e8rica i an\u00f2nima, on no s&#8217;inclouen dades personals, ni es recull informaci\u00f3 que identifiqui els visitants. El seu objectiu principal \u00e9s millorar el funcionament del lloc web.<\/p>\n<p>En visitar la nostra p\u00e0gina web, accepteu la instal\u00b7laci\u00f3 d&#8217;aquestes galetes al dispositiu.<\/p>\n<p>&nbsp;<\/p>\n<h2>Com administrar les galetes als ordinadors<\/h2>\n<p>En navegar i seguir al nostre lloc web consentiu l&#8217;\u00fas de les galetes segons les condicions que cont\u00e9 aquesta Pol\u00edtica de galetes. Andbank proporciona acc\u00e9s a aquesta Pol\u00edtica de galetes al moment del registre amb l&#8217;objectiu que l&#8217;usuari estigui informat, i sense perjudici que aquest pugui exercir el dret a bloquejar, eliminar i rebutjar l&#8217;\u00fas de galetes en tot moment.<\/p>\n<p>Per permetre, con\u00e8ixer, bloquejar o eliminar les galetes instal\u00b7lades al vostre equip, podeu fer-ho mitjan\u00e7ant la configuraci\u00f3 de les opcions del navegador al vostre ordinador. A continuaci\u00f3 us indiquem els enlla\u00e7os dels principals navegadors i dispositius perqu\u00e8 disposeu de tota la informaci\u00f3 per consultar com gestionar les galetes al vostre navegador.<\/p>\n<p><strong>Internet\u00a0Explorer\u2122:<\/strong><\/p>\n<ul>\n<li>Versi\u00f3\u00a05: http:\/\/support.microsoft.com\/kb\/196955\/es<\/li>\n<li>Versi\u00f3\u00a06: http:\/\/support.microsoft.com\/kb\/283185\/es<\/li>\n<li>Versi\u00f3\u00a07 i 8: http:\/\/windows.microsoft.com\/es-ES\/windows-vista\/Block-or-allow-Cookies<\/li>\n<li>Versi\u00f3\u00a09: http:\/\/windows.microsoft.com\/es-ES\/windows7\/How-to-manage-Cookies-in-Internet-Explorer-9<\/li>\n<\/ul>\n<p><strong>Safari\u2122:<\/strong><\/p>\n<ul>\n<li>http:\/\/support.apple.com\/kb\/PH5042?viewlocale=es_ES<\/li>\n<li>http:\/\/support.apple.com\/kb\/HT1677?viewlocale=es_ES<\/li>\n<\/ul>\n<p><strong>Google\u2122:<\/strong><\/p>\n<ul>\n<li>https:\/\/support.google.com\/chrome\/answer\/95647?hl=ca&amp;<\/li>\n<\/ul>\n<p><strong>Firefox\u2122:<\/strong><\/p>\n<ul>\n<li>https:\/\/support.mozilla.org\/es\/kb\/Cookies-informacion-que-los-sitios-web-guardan-en-?redirectlocale=en-US&amp;redirectslug=Cookies;<\/li>\n<\/ul>\n<p><strong>Opera\u2122:<\/strong><\/p>\n<ul>\n<li>http:\/\/help.opera.com\/Windows\/11.50\/es-ES\/Cookies.html<\/li>\n<\/ul>\n<p><strong>Android\u2122:<\/strong><\/p>\n<ul>\n<li>http:\/\/support.google.com\/android\/?hl=ca<\/li>\n<\/ul>\n<p>&nbsp;<\/p>\n<h2>Actualitzem la nostra Pol\u00edtica de galetes?<\/h2>\n<p>\u00c9s possible que actualitzem la Pol\u00edtica de galetes del nostre lloc web, per aix\u00f2 us recomanem revisar aquesta pol\u00edtica cada vegada que hi accediu, amb l&#8217;objectiu d&#8217;estar adequadament informat sobre com i per a qu\u00e8 fem servir les galetes.<\/p>\n","protected":false},"excerpt":{"rendered":"<p>Utilitzem galetes per facilitar l&#8217;\u00fas de la nostra p\u00e0gina web i optimitzar la vostra navegaci\u00f3, adaptant la informaci\u00f3 i els serveis oferts als vostres interessos, per proporcionar-vos una millor experi\u00e8ncia sempre que ens visiteu. La nostra web utilitza galetes per funcionar i per adaptar i facilitar al m\u00e0xim la navegaci\u00f3 de l&#8217;usuari. Les galetes s\u00f3n [&hellip;]<\/p>\n","protected":false},"author":1,"featured_media":1786,"parent":3206,"menu_order":217,"comment_status":"closed","ping_status":"closed","template":"template-info-detail.php","meta":{"_acf_changed":false,"footnotes":""},"yst_prominent_words":[2313,1536,2314,2317,1537,1538,2319,2316,2326,2322,2323,2315,1539,2325,3051,2321,2318,2320,1540,1535,2324],"class_list":["post-2206","page","type-page","status-publish","has-post-thumbnail","hentry"],"acf":[],"_links":{"self":[{"href":"https:\/\/www.andbank.com\/ca\/wp-json\/wp\/v2\/pages\/2206"}],"collection":[{"href":"https:\/\/www.andbank.com\/ca\/wp-json\/wp\/v2\/pages"}],"about":[{"href":"https:\/\/www.andbank.com\/ca\/wp-json\/wp\/v2\/types\/page"}],"author":[{"embeddable":true,"href":"https:\/\/www.andbank.com\/ca\/wp-json\/wp\/v2\/users\/1"}],"replies":[{"embeddable":true,"href":"https:\/\/www.andbank.com\/ca\/wp-json\/wp\/v2\/comments?post=2206"}],"version-history":[{"count":0,"href":"https:\/\/www.andbank.com\/ca\/wp-json\/wp\/v2\/pages\/2206\/revisions"}],"up":[{"embeddable":true,"href":"https:\/\/www.andbank.com\/ca\/wp-json\/wp\/v2\/pages\/3206"}],"wp:featuredmedia":[{"embeddable":true,"href":"https:\/\/www.andbank.com\/ca\/wp-json\/wp\/v2\/media\/1786"}],"wp:attachment":[{"href":"https:\/\/www.andbank.com\/ca\/wp-json\/wp\/v2\/media?parent=2206"}],"wp:term":[{"taxonomy":"yst_prominent_words","embeddable":true,"href":"https:\/\/www.andbank.com\/ca\/wp-json\/wp\/v2\/yst_prominent_words?post=2206"}],"curies":[{"name":"wp","href":"https:\/\/api.w.org\/{rel}","templated":true}]}}