{"id":2212,"date":"2017-04-05T12:14:05","date_gmt":"2017-04-05T10:14:05","guid":{"rendered":"https:\/\/www.andbank.com\/banca-privada\/els-nostres-serveis\/real-estate\/"},"modified":"2019-04-09T10:55:40","modified_gmt":"2019-04-09T08:55:40","slug":"real-estate","status":"publish","type":"page","link":"https:\/\/www.andbank.com\/ca\/banca-privada\/els-nostres-serveis\/real-estate\/","title":{"rendered":"Real Estate"},"content":{"rendered":"<h2>Fons immobiliaris per a inversors<\/h2>\n<p>Tenint sempre present el binomi risc-rendibilitat adequat per a cada client, a Andbank proposem una \u00e0mplia gamma de productes orientats espec\u00edficament a inversors interessats en <i>real estate<\/i>.<\/p>\n<p>&nbsp;<\/p>\n<h2>Suport i assessorament en la compravenda d&#8217;immobles<\/h2>\n<p>L&#8217;experi\u00e8ncia en el mercat immobiliari ens permet accedir a oportunitats d&#8217;inversi\u00f3 en tots els mercats i tipus d&#8217;actius d&#8217;una manera transparent i confidencial.<\/p>\n<p>El nostre equip us ofereix assessorament complet en tot el proc\u00e9s, des de l&#8217;an\u00e0lisi dels diferents mercats i actius o l&#8217;estudi de viabilitat fins a la gesti\u00f3 de la transacci\u00f3 (coordinant l&#8217;auditoria preventiva t\u00e8cnica, legal, fiscal i administrativa).<\/p>\n","protected":false},"excerpt":{"rendered":"<p>Una \u00e0mplia gamma de productes orientats espec\u00edficament a inversors interessats en l&#8217;\u00e0mbit immobiliari.<\/p>\n","protected":false},"author":1,"featured_media":1723,"parent":2209,"menu_order":162,"comment_status":"closed","ping_status":"closed","template":"template-detail.php","meta":{"_acf_changed":false,"footnotes":""},"yst_prominent_words":[],"class_list":["post-2212","page","type-page","status-publish","has-post-thumbnail","hentry"],"acf":[],"_links":{"self":[{"href":"https:\/\/www.andbank.com\/ca\/wp-json\/wp\/v2\/pages\/2212"}],"collection":[{"href":"https:\/\/www.andbank.com\/ca\/wp-json\/wp\/v2\/pages"}],"about":[{"href":"https:\/\/www.andbank.com\/ca\/wp-json\/wp\/v2\/types\/page"}],"author":[{"embeddable":true,"href":"https:\/\/www.andbank.com\/ca\/wp-json\/wp\/v2\/users\/1"}],"replies":[{"embeddable":true,"href":"https:\/\/www.andbank.com\/ca\/wp-json\/wp\/v2\/comments?post=2212"}],"version-history":[{"count":0,"href":"https:\/\/www.andbank.com\/ca\/wp-json\/wp\/v2\/pages\/2212\/revisions"}],"up":[{"embeddable":true,"href":"https:\/\/www.andbank.com\/ca\/wp-json\/wp\/v2\/pages\/2209"}],"wp:featuredmedia":[{"embeddable":true,"href":"https:\/\/www.andbank.com\/ca\/wp-json\/wp\/v2\/media\/1723"}],"wp:attachment":[{"href":"https:\/\/www.andbank.com\/ca\/wp-json\/wp\/v2\/media?parent=2212"}],"wp:term":[{"taxonomy":"yst_prominent_words","embeddable":true,"href":"https:\/\/www.andbank.com\/ca\/wp-json\/wp\/v2\/yst_prominent_words?post=2212"}],"curies":[{"name":"wp","href":"https:\/\/api.w.org\/{rel}","templated":true}]}}