{"id":2220,"date":"2017-04-11T13:07:42","date_gmt":"2017-04-11T11:07:42","guid":{"rendered":"https:\/\/www.andbank.com\/banca-privada\/family-office\/"},"modified":"2019-04-10T11:19:48","modified_gmt":"2019-04-10T09:19:48","slug":"family-office","status":"publish","type":"page","link":"https:\/\/www.andbank.com\/ca\/banca-privada\/family-office\/","title":{"rendered":"Family Office"},"content":{"rendered":"<p>Amb independ\u00e8ncia de la jurisdicci\u00f3, s&#8217;ofereix un servei integrat de cust\u00f2dia que permet, mitjan\u00e7ant un \u00fanic informe, obtenir de manera instant\u00e0nia estats financers consolidats, informes de rendibilitat detallats i an\u00e0lisis de riscos.<\/p>\n<p>La nostra plataforma de gesti\u00f3, oberta 24 hores al dia \/ 365 dies l&#8217;any, permet garantir l&#8217;acc\u00e9s directe i supervisat dels nostres inversors a qualsevol pla\u00e7a financera del mercat internacional.<\/p>\n<p>&nbsp;<\/p>\n<h2>Experi\u00e8ncia en Family Business<\/h2>\n<p>Conscients de les exig\u00e8ncies que planteja un patrimoni familiar, Andbank ofereix un servei de professionals altament qualificats i especialitzats.<\/p>\n<p>Articulats en una filosofia multidisciplin\u00e0ria, el nostre equip d&#8217;especialistes garanteix assist\u00e8ncia espec\u00edfica en mat\u00e8ria fiscal i jur\u00eddica, aix\u00ed com assessorament en economia real i mercats immobiliaris per als aspectes del vostre patrimoni que ho necessitin.<\/p>\n<p>La nostra gesti\u00f3 assegura l&#8217;her\u00e8ncia del vostre patrimoni a les seg\u00fcents generacions, i ofereix solucions globals, assessorament en temes financers i sinergies entre fam\u00edlies.<\/p>\n<p>&nbsp;<\/p>\n<h2>Assessorament no financer<\/h2>\n<p>Andbank ofereix als seus clients un servei d&#8217;assessorament personalitzat. Per a aquells que desitgin diversificar les seves inversions cap a altres carteres no financeres, els nostres experts ofereixen assessorament en filantropia, art i educaci\u00f3, entre d&#8217;altres, aix\u00ed com ajuda per trobar sempre un equilibri harm\u00f2nic entre l&#8217;estil de vida i el nivell de riquesa.<\/p>\n<p>&nbsp;<\/p>\n<h2>Sinergies entre fam\u00edlies \/ club deals<\/h2>\n<p>Andbank ofereix als clients privats la possibilitat de convertir amb nosaltres en operacions exclusives.<\/p>\n<p>Un club deal consisteix en l&#8217;adquisici\u00f3 total o de la part majorit\u00e0ria d&#8217;una societat, en la qual participen diversos inversors.<\/p>\n<p>Aquesta pr\u00e0ctica ha perm\u00e8s en nombroses ocasions als inversors compartir riscos i unir recursos per adquirir societats de dimensions m\u00e9s grans, que d&#8217;una altra manera no haurien pogut adquirir. Es tracta d&#8217;un servei que posa de manifest la nostra capacitat de compartir riscos d&#8217;inversi\u00f3 amb els nostres clients.<\/p>\n<p>Ser un banc de fam\u00edlies ens dona un avantatge competitiu clau i fa pal\u00e8s que compartim interessos amb els nostres clients.<\/p>\n<p>Andbank reuneix inversors provinents de diversos entorns: particulars, professionals, negocis familiars o empreses de capital privat.<\/p>\n","protected":false},"excerpt":{"rendered":"<p>El servei de cust\u00f2dia global que ofereix Andbank s&#8217;ha dissenyat per cobrir les necessitats de les institucions o fam\u00edlies que requereixen solucions personalitzades per a la rendibilitzaci\u00f3 dels actius.<\/p>\n","protected":false},"author":1,"featured_media":3633,"parent":2202,"menu_order":136,"comment_status":"closed","ping_status":"closed","template":"template-detail.php","meta":{"_acf_changed":false,"footnotes":""},"yst_prominent_words":[],"class_list":["post-2220","page","type-page","status-publish","has-post-thumbnail","hentry"],"acf":[],"_links":{"self":[{"href":"https:\/\/www.andbank.com\/ca\/wp-json\/wp\/v2\/pages\/2220"}],"collection":[{"href":"https:\/\/www.andbank.com\/ca\/wp-json\/wp\/v2\/pages"}],"about":[{"href":"https:\/\/www.andbank.com\/ca\/wp-json\/wp\/v2\/types\/page"}],"author":[{"embeddable":true,"href":"https:\/\/www.andbank.com\/ca\/wp-json\/wp\/v2\/users\/1"}],"replies":[{"embeddable":true,"href":"https:\/\/www.andbank.com\/ca\/wp-json\/wp\/v2\/comments?post=2220"}],"version-history":[{"count":0,"href":"https:\/\/www.andbank.com\/ca\/wp-json\/wp\/v2\/pages\/2220\/revisions"}],"up":[{"embeddable":true,"href":"https:\/\/www.andbank.com\/ca\/wp-json\/wp\/v2\/pages\/2202"}],"wp:featuredmedia":[{"embeddable":true,"href":"https:\/\/www.andbank.com\/ca\/wp-json\/wp\/v2\/media\/3633"}],"wp:attachment":[{"href":"https:\/\/www.andbank.com\/ca\/wp-json\/wp\/v2\/media?parent=2220"}],"wp:term":[{"taxonomy":"yst_prominent_words","embeddable":true,"href":"https:\/\/www.andbank.com\/ca\/wp-json\/wp\/v2\/yst_prominent_words?post=2220"}],"curies":[{"name":"wp","href":"https:\/\/api.w.org\/{rel}","templated":true}]}}