{"id":6130,"date":"2018-02-06T13:12:22","date_gmt":"2018-02-06T11:12:22","guid":{"rendered":"https:\/\/www.andbank.com\/?page_id=6130"},"modified":"2024-06-20T18:21:56","modified_gmt":"2024-06-20T16:21:56","slug":"publicacions","status":"publish","type":"page","link":"https:\/\/www.andbank.com\/ca\/sobre-nosaltres\/sala-de-premsa\/publicacions\/","title":{"rendered":"Investor Information"},"content":{"rendered":"<p>Un cop emesa l\u2019Emissi\u00f3 inaugural de C\u00e8dules Hipotec\u00e0ries Andbank al Juliol 2017 y la seva ampliaci\u00f3 al desembre 2017 sota el programa de Covered Bonds, i amb la garantia addicional de la cartera hipotec\u00e0ria publicada a (<a href=\"https:\/\/www.andbank.com\/form-investor-report\/\">https:\/\/www.andbank.com\/form-investor-report\/<\/a>), Andbank continua avaluant diferents possibilitats per a accedir al Mercat de Capitals a termini curt, mitj\u00e0 i llarg.<\/p>\n","protected":false},"excerpt":{"rendered":"<p>Un cop emesa l\u2019Emissi\u00f3 inaugural de C\u00e8dules Hipotec\u00e0ries Andbank al Juliol 2017 y la seva ampliaci\u00f3 al desembre 2017 sota el programa de Covered Bonds, i amb la garantia addicional de la cartera hipotec\u00e0ria publicada a (https:\/\/www.andbank.com\/form-investor-report\/), Andbank continua avaluant diferents possibilitats per a accedir al Mercat de Capitals a termini curt, mitj\u00e0 i llarg.<\/p>\n","protected":false},"author":13,"featured_media":6095,"parent":2233,"menu_order":0,"comment_status":"closed","ping_status":"closed","template":"template-detail.php","meta":{"_acf_changed":false,"footnotes":""},"yst_prominent_words":[2956,2979],"class_list":["post-6130","page","type-page","status-publish","has-post-thumbnail","hentry"],"acf":[],"_links":{"self":[{"href":"https:\/\/www.andbank.com\/ca\/wp-json\/wp\/v2\/pages\/6130"}],"collection":[{"href":"https:\/\/www.andbank.com\/ca\/wp-json\/wp\/v2\/pages"}],"about":[{"href":"https:\/\/www.andbank.com\/ca\/wp-json\/wp\/v2\/types\/page"}],"author":[{"embeddable":true,"href":"https:\/\/www.andbank.com\/ca\/wp-json\/wp\/v2\/users\/13"}],"replies":[{"embeddable":true,"href":"https:\/\/www.andbank.com\/ca\/wp-json\/wp\/v2\/comments?post=6130"}],"version-history":[{"count":2,"href":"https:\/\/www.andbank.com\/ca\/wp-json\/wp\/v2\/pages\/6130\/revisions"}],"predecessor-version":[{"id":38588,"href":"https:\/\/www.andbank.com\/ca\/wp-json\/wp\/v2\/pages\/6130\/revisions\/38588"}],"up":[{"embeddable":true,"href":"https:\/\/www.andbank.com\/ca\/wp-json\/wp\/v2\/pages\/2233"}],"wp:featuredmedia":[{"embeddable":true,"href":"https:\/\/www.andbank.com\/ca\/wp-json\/wp\/v2\/media\/6095"}],"wp:attachment":[{"href":"https:\/\/www.andbank.com\/ca\/wp-json\/wp\/v2\/media?parent=6130"}],"wp:term":[{"taxonomy":"yst_prominent_words","embeddable":true,"href":"https:\/\/www.andbank.com\/ca\/wp-json\/wp\/v2\/yst_prominent_words?post=6130"}],"curies":[{"name":"wp","href":"https:\/\/api.w.org\/{rel}","templated":true}]}}