{"id":2431,"date":"2017-04-04T13:19:25","date_gmt":"2017-04-04T11:19:25","guid":{"rendered":"https:\/\/www.andbank.com\/banque-privee\/"},"modified":"2019-04-10T10:43:57","modified_gmt":"2019-04-10T08:43:57","slug":"banque-privee","status":"publish","type":"page","link":"https:\/\/www.andbank.com\/fr\/banque-privee\/","title":{"rendered":"Banque priv\u00e9e"},"content":{"rendered":"<p>Ind\u00e9pendance, exp\u00e9rience et sp\u00e9cialisation sont les traits qui nous d\u00e9finissent. La cl\u00e9 du succ\u00e8s repose sur une m\u00e9thode perfectionn\u00e9e tout au long de 85 ans d&rsquo;exp\u00e9rience qui permet un contr\u00f4le exhaustif du risque gr\u00e2ce aux outils les plus performants.<\/p>\n","protected":false},"excerpt":{"rendered":"<p>Ind\u00e9pendance, exp\u00e9rience et sp\u00e9cialisation sont les traits qui nous d\u00e9finissent. La cl\u00e9 du succ\u00e8s repose sur une m\u00e9thode perfectionn\u00e9e tout au long de 85 ans d&rsquo;exp\u00e9rience qui permet un contr\u00f4le exhaustif du risque gr\u00e2ce aux outils les plus performants.<\/p>\n","protected":false},"author":1,"featured_media":3897,"parent":0,"menu_order":15,"comment_status":"closed","ping_status":"closed","template":"template-distributor.php","meta":{"_acf_changed":false,"footnotes":""},"yst_prominent_words":[480,479],"class_list":["post-2431","page","type-page","status-publish","has-post-thumbnail","hentry"],"acf":[],"_links":{"self":[{"href":"https:\/\/www.andbank.com\/fr\/wp-json\/wp\/v2\/pages\/2431"}],"collection":[{"href":"https:\/\/www.andbank.com\/fr\/wp-json\/wp\/v2\/pages"}],"about":[{"href":"https:\/\/www.andbank.com\/fr\/wp-json\/wp\/v2\/types\/page"}],"author":[{"embeddable":true,"href":"https:\/\/www.andbank.com\/fr\/wp-json\/wp\/v2\/users\/1"}],"replies":[{"embeddable":true,"href":"https:\/\/www.andbank.com\/fr\/wp-json\/wp\/v2\/comments?post=2431"}],"version-history":[{"count":0,"href":"https:\/\/www.andbank.com\/fr\/wp-json\/wp\/v2\/pages\/2431\/revisions"}],"wp:featuredmedia":[{"embeddable":true,"href":"https:\/\/www.andbank.com\/fr\/wp-json\/wp\/v2\/media\/3897"}],"wp:attachment":[{"href":"https:\/\/www.andbank.com\/fr\/wp-json\/wp\/v2\/media?parent=2431"}],"wp:term":[{"taxonomy":"yst_prominent_words","embeddable":true,"href":"https:\/\/www.andbank.com\/fr\/wp-json\/wp\/v2\/yst_prominent_words?post=2431"}],"curies":[{"name":"wp","href":"https:\/\/api.w.org\/{rel}","templated":true}]}}