{"id":2432,"date":"2017-04-04T13:20:11","date_gmt":"2017-04-04T11:20:11","guid":{"rendered":"https:\/\/www.andbank.com\/banque-privee\/gestion-de-patrimoine\/"},"modified":"2019-04-10T10:49:52","modified_gmt":"2019-04-10T08:49:52","slug":"gestion-de-patrimoine","status":"publish","type":"page","link":"https:\/\/www.andbank.com\/fr\/banque-privee\/gestion-de-patrimoine\/","title":{"rendered":"Gestion de patrimoine"},"content":{"rendered":"<p>Nous sommes conscients que le succ\u00e8s de notre gestion repose fondamentalement sur la connaissance du profil investisseur de nos clients et sur la proposition de solutions de placement innovantes et comp\u00e9titives.<\/p>\n<h2>Philosophie de l\u2019investissement<\/h2>\n<p>Depuis sa cr\u00e9ation en 1930, Andbank se consacre \u00e0 la gestion de patrimoines basant sa philosophie de placement sur la pr\u00e9servation du capital et l\u2019obtention de rentabilit\u00e9s durables et coh\u00e9rentes \u00e0 moyen et \u00e0 long terme.<\/p>\n<p><strong>Ces plus de 85 ans d\u2019exp\u00e9rience nous ont permis d\u2019am\u00e9liorer progressivement notre style de gestion, fond\u00e9 sur une m\u00e9thodologie propre qui comprend 5 phases d\u2019action\u00a0:<\/strong><\/p>\n<ul>\n<li>\u00c9tude minutieuse du profil de l\u2019investisseur et des besoins du client<\/li>\n<li>D\u00e9finition d&rsquo;objectifs de gestion<\/li>\n<li>\u00c9laboration et d\u00e9finition de la strat\u00e9gie de placement<\/li>\n<li>Ex\u00e9cution et mise en \u0153uvre des placements<\/li>\n<li>Suivi et contr\u00f4le des r\u00e9sultats<\/li>\n<\/ul>\n<p>Notre ambition est d\u2019atteindre l\u2019excellence du service. Nous sommes conscients que le succ\u00e8s de notre gestion repose fondamentalement sur la connaissance du profil investisseur de nos clients et sur la proposition de solutions de placement innovantes et comp\u00e9titives qui correspondent \u00e0 la strat\u00e9gie d\u00e9finie pour chacun de nos clients.<\/p>\n<h2>Planification patrimoniale<\/h2>\n<p>Chez Andbank, nous sommes convaincus que la cl\u00e9 de notre succ\u00e8s en tant que banquiers repose sur une bonne planification patrimoniale. Nous aidons nos clients \u00e0 concevoir la strat\u00e9gie de gestion qui convient le mieux \u00e0 leurs besoins.<\/p>\n<p><strong>La conception de ces strat\u00e9gies est d\u00e9termin\u00e9e par\u00a0:<\/strong><\/p>\n<ol>\n<li><strong>Optimisation du profil de portefeuille et diversit\u00e9 patrimoniale en tenant compte des caract\u00e9ristiques sp\u00e9cifiques de chaque client.<\/strong> Cette question est essentielle pour les professionnels se consacrant \u00e0 l\u2019art, au sport ou pour les clients ayant de fortes augmentations de patrimoine. Pour Andbank, chaque client est unique, par cons\u00e9quent, il est particuli\u00e8rement important pour nous de d\u00e9finir de mani\u00e8re singuli\u00e8re la planification patrimoniale de chaque client selon ses particularit\u00e9s.<\/li>\n<li><strong>Choix des produits financiers qui garantissent une rentabilit\u00e9 maximale compte tenu de la fiscalit\u00e9 applicable.\u00a0<\/strong> Le retour sur investissement est \u00e9galement d\u00e9termin\u00e9 par l\u2019imposition \u00e0 laquelle est soumis le rendement obtenu. Toutefois outre l\u2019impact fiscal (taux d\u2019imposition), il faut \u00e9galement tenir compte du moment auquel il est soumis \u00e0 l\u2019imp\u00f4t.<\/li>\n<li><strong>Planification successorale s\u2019adaptant aux v\u00e9ritables souhaits du client :<\/strong> aide \u00e0 la pr\u00e9paration de testaments qui garantissent des droits de retour ou pr\u00e9paration de mandats de protection future.<\/li>\n<\/ol>\n<p>Chez Andbank, nous savons que dans la d\u00e9finition d\u2019un plan successoral de nombreuses variables doivent \u00eatre prises en compte, telles que la forte charge \u00e9motionnelle qu\u2019elle implique ou sa relation directe avec le droit civil et la r\u00e9glementation fiscale. Ces deux questions ont un impact direct sur la voie que le client va d\u00e9finir pour cette succession. Par cons\u00e9quent, nous pensons que pour d\u00e9finir un plan de succession il est essentiel qu\u2019il soit dirig\u00e9 par des professionnels experts dans le domaine<\/p>\n","protected":false},"excerpt":{"rendered":"<p>Nous sommes conscients que le succ\u00e8s de notre gestion repose fondamentalement sur la connaissance du profil investisseur de nos clients et sur la proposition de solutions de placement innovantes et comp\u00e9titives. <\/p>\n","protected":false},"author":1,"featured_media":3029,"parent":2431,"menu_order":132,"comment_status":"closed","ping_status":"closed","template":"template-detail.php","meta":{"_acf_changed":false,"footnotes":""},"yst_prominent_words":[484,491,498,499,486,492,501,489,493,482,490,495,487,497,488,500,483,496,485,494],"class_list":["post-2432","page","type-page","status-publish","has-post-thumbnail","hentry"],"acf":[],"_links":{"self":[{"href":"https:\/\/www.andbank.com\/fr\/wp-json\/wp\/v2\/pages\/2432"}],"collection":[{"href":"https:\/\/www.andbank.com\/fr\/wp-json\/wp\/v2\/pages"}],"about":[{"href":"https:\/\/www.andbank.com\/fr\/wp-json\/wp\/v2\/types\/page"}],"author":[{"embeddable":true,"href":"https:\/\/www.andbank.com\/fr\/wp-json\/wp\/v2\/users\/1"}],"replies":[{"embeddable":true,"href":"https:\/\/www.andbank.com\/fr\/wp-json\/wp\/v2\/comments?post=2432"}],"version-history":[{"count":0,"href":"https:\/\/www.andbank.com\/fr\/wp-json\/wp\/v2\/pages\/2432\/revisions"}],"up":[{"embeddable":true,"href":"https:\/\/www.andbank.com\/fr\/wp-json\/wp\/v2\/pages\/2431"}],"wp:featuredmedia":[{"embeddable":true,"href":"https:\/\/www.andbank.com\/fr\/wp-json\/wp\/v2\/media\/3029"}],"wp:attachment":[{"href":"https:\/\/www.andbank.com\/fr\/wp-json\/wp\/v2\/media?parent=2432"}],"wp:term":[{"taxonomy":"yst_prominent_words","embeddable":true,"href":"https:\/\/www.andbank.com\/fr\/wp-json\/wp\/v2\/yst_prominent_words?post=2432"}],"curies":[{"name":"wp","href":"https:\/\/api.w.org\/{rel}","templated":true}]}}