{"id":2434,"date":"2017-04-05T12:14:04","date_gmt":"2017-04-05T10:14:04","guid":{"rendered":"https:\/\/www.andbank.com\/banque-privee\/nos-services\/gestion-discretionnaire\/"},"modified":"2019-04-10T10:53:44","modified_gmt":"2019-04-10T08:53:44","slug":"gestion-discretionnaire","status":"publish","type":"page","link":"https:\/\/www.andbank.com\/fr\/banque-privee\/nos-services\/gestion-discretionnaire\/","title":{"rendered":"Gestion Discr\u00e9tionnaire"},"content":{"rendered":"<h2>Gestion personnalis\u00e9e<\/h2>\n<ul>\n<li>Assistance et conseils professionnels, individuels et permanents.<\/li>\n<li>Nous mettons \u00e0 votre disposition notre \u00e9quipe d\u2019experts gestionnaires qui rechercheront les placements qui conviennent le mieux \u00e0 votre profil.<\/li>\n<li>Suivi continu du portefeuille et adaptation aux changements selon le profil d\u00e9fini pour chaque client.<\/li>\n<\/ul>\n<h2><\/h2>\n<h2>Gestion de retour absolu<\/h2>\n<p>C&rsquo;est une gestion \u00e0 volatilit\u00e9 mod\u00e9r\u00e9e, centr\u00e9e sur la pr\u00e9servation du capital et la recherche de rentabilit\u00e9 positive en toute condition du march\u00e9. La strat\u00e9gie de gestion de ce portefeuille favorise la flexibilit\u00e9 au moment d&rsquo;adapter le mix d&rsquo;investissements que nos analystes estiment n\u00e9cessaire en fonction de leur propre vision de march\u00e9.<\/p>\n<h2><\/h2>\n<h2>Gestion directionnelle ou traditionnelle<\/h2>\n<p>La gestion directionnelle est celle qui prend pour r\u00e9f\u00e9rence un ou plusieurs indices du march\u00e9.<\/p>\n<p>Les actifs qui constituent ce portefeuille sont sensibles aux tendances et, par cons\u00e9quent, la r\u00e9alisation de r\u00e9sultats est assujettie au comportement g\u00e9n\u00e9ral du march\u00e9.<\/p>\n<p>La strat\u00e9gie appliqu\u00e9e par nos gestionnaires vise \u00e0 maintenir un \u00e9quilibre stable dans chaque type d&rsquo;actif en fonction du profil de risque de l&rsquo;investisseur. Le bin\u00f4me rentabilit\u00e9 &#8211; risque est maximis\u00e9 \u00e0 long terme.<\/p>\n","protected":false},"excerpt":{"rendered":"<p>Nous g\u00e9rons de mani\u00e8re personnalis\u00e9e le patrimoine de nos clients avec une ind\u00e9pendance absolue, en mesurant et en contr\u00f4lant \u00e0 tout moment le niveau de risque et les attentes de rentabilit\u00e9 qui peuvent \u00eatre attendues.<\/p>\n","protected":false},"author":1,"featured_media":3737,"parent":2433,"menu_order":154,"comment_status":"closed","ping_status":"closed","template":"template-detail.php","meta":{"_acf_changed":false,"footnotes":""},"yst_prominent_words":[4324],"class_list":["post-2434","page","type-page","status-publish","has-post-thumbnail","hentry"],"acf":[],"_links":{"self":[{"href":"https:\/\/www.andbank.com\/fr\/wp-json\/wp\/v2\/pages\/2434"}],"collection":[{"href":"https:\/\/www.andbank.com\/fr\/wp-json\/wp\/v2\/pages"}],"about":[{"href":"https:\/\/www.andbank.com\/fr\/wp-json\/wp\/v2\/types\/page"}],"author":[{"embeddable":true,"href":"https:\/\/www.andbank.com\/fr\/wp-json\/wp\/v2\/users\/1"}],"replies":[{"embeddable":true,"href":"https:\/\/www.andbank.com\/fr\/wp-json\/wp\/v2\/comments?post=2434"}],"version-history":[{"count":0,"href":"https:\/\/www.andbank.com\/fr\/wp-json\/wp\/v2\/pages\/2434\/revisions"}],"up":[{"embeddable":true,"href":"https:\/\/www.andbank.com\/fr\/wp-json\/wp\/v2\/pages\/2433"}],"wp:featuredmedia":[{"embeddable":true,"href":"https:\/\/www.andbank.com\/fr\/wp-json\/wp\/v2\/media\/3737"}],"wp:attachment":[{"href":"https:\/\/www.andbank.com\/fr\/wp-json\/wp\/v2\/media?parent=2434"}],"wp:term":[{"taxonomy":"yst_prominent_words","embeddable":true,"href":"https:\/\/www.andbank.com\/fr\/wp-json\/wp\/v2\/yst_prominent_words?post=2434"}],"curies":[{"name":"wp","href":"https:\/\/api.w.org\/{rel}","templated":true}]}}