{"id":2436,"date":"2017-04-05T12:14:05","date_gmt":"2017-04-05T10:14:05","guid":{"rendered":"https:\/\/www.andbank.com\/banque-privee\/nos-services\/immobilier\/"},"modified":"2019-04-09T10:57:49","modified_gmt":"2019-04-09T08:57:49","slug":"immobilier","status":"publish","type":"page","link":"https:\/\/www.andbank.com\/fr\/banque-privee\/nos-services\/immobilier\/","title":{"rendered":"Immobilier"},"content":{"rendered":"<h2>Fonds immobiliers pour investisseurs<\/h2>\n<p>En tenant toujours compte du bin\u00f4me risque-rendement adapt\u00e9 \u00e0 chaque client, Andbank dispose d\u2019une vaste gamme de produits dirig\u00e9s sp\u00e9cifiquement aux investisseurs int\u00e9ress\u00e9s par l\u2019immobilier.<\/p>\n<p>&nbsp;<\/p>\n<h2>Soutien et conseils sur l\u2019achat et la vente de biens immobiliers<\/h2>\n<p>L\u2019exp\u00e9rience dans le march\u00e9 de l\u2019immobilier nous permet d\u2019acc\u00e9der \u00e0 des opportunit\u00e9s d\u2019investissement sur tous les march\u00e9s et types d\u2019actifs, de fa\u00e7on transparente et confidentielle.<\/p>\n<p>Notre \u00e9quipe vous offrira des conseils complets tout au long du processus, de l\u2019analyse des diff\u00e9rents march\u00e9s et actifs \u00e0 la gestion de la transaction (en coordonnant la due diligence technique, juridique, fiscale et administrative), en passant par l\u2019\u00e9tude de faisabilit\u00e9.<\/p>\n<p>&nbsp;<\/p>\n","protected":false},"excerpt":{"rendered":"<p>Une large gamme de produits sp\u00e9cifiquement destin\u00e9s aux investisseurs int\u00e9ress\u00e9s par le domaine de l\u2019immobilier.<\/p>\n","protected":false},"author":1,"featured_media":1725,"parent":2433,"menu_order":162,"comment_status":"closed","ping_status":"closed","template":"template-detail.php","meta":{"_acf_changed":false,"footnotes":""},"yst_prominent_words":[2338,506,480,276,2335,2336,2337,115,2334,507],"class_list":["post-2436","page","type-page","status-publish","has-post-thumbnail","hentry"],"acf":[],"_links":{"self":[{"href":"https:\/\/www.andbank.com\/fr\/wp-json\/wp\/v2\/pages\/2436"}],"collection":[{"href":"https:\/\/www.andbank.com\/fr\/wp-json\/wp\/v2\/pages"}],"about":[{"href":"https:\/\/www.andbank.com\/fr\/wp-json\/wp\/v2\/types\/page"}],"author":[{"embeddable":true,"href":"https:\/\/www.andbank.com\/fr\/wp-json\/wp\/v2\/users\/1"}],"replies":[{"embeddable":true,"href":"https:\/\/www.andbank.com\/fr\/wp-json\/wp\/v2\/comments?post=2436"}],"version-history":[{"count":0,"href":"https:\/\/www.andbank.com\/fr\/wp-json\/wp\/v2\/pages\/2436\/revisions"}],"up":[{"embeddable":true,"href":"https:\/\/www.andbank.com\/fr\/wp-json\/wp\/v2\/pages\/2433"}],"wp:featuredmedia":[{"embeddable":true,"href":"https:\/\/www.andbank.com\/fr\/wp-json\/wp\/v2\/media\/1725"}],"wp:attachment":[{"href":"https:\/\/www.andbank.com\/fr\/wp-json\/wp\/v2\/media?parent=2436"}],"wp:term":[{"taxonomy":"yst_prominent_words","embeddable":true,"href":"https:\/\/www.andbank.com\/fr\/wp-json\/wp\/v2\/yst_prominent_words?post=2436"}],"curies":[{"name":"wp","href":"https:\/\/api.w.org\/{rel}","templated":true}]}}