{"id":2443,"date":"2017-04-11T13:01:52","date_gmt":"2017-04-11T11:01:52","guid":{"rendered":"https:\/\/www.andbank.com\/banque-privee\/nos-services\/instruments-de-placement\/"},"modified":"2021-08-19T12:56:00","modified_gmt":"2021-08-19T10:56:00","slug":"instruments-de-placement","status":"publish","type":"page","link":"https:\/\/www.andbank.com\/fr\/banque-privee\/nos-services\/instruments-de-placement\/","title":{"rendered":"Instruments de placement"},"content":{"rendered":"<p>Chez Andbank, nous offrons \u00e0 nos clients des instruments de placement qui s\u2019adaptent \u00e0 leurs besoins, gr\u00e2ce \u00e0 un mod\u00e8le d\u2019architecture ouverte. Les conseils financiers ind\u00e9pendants sont un \u00e9l\u00e9ment fondamental de notre service. Nous nous adaptons aux besoins, pr\u00e9f\u00e9rences et structure patrimoniale de nos clients et proposons les meilleures recommandations sans conflit d\u2019int\u00e9r\u00eats. Notre objectif est d\u2019offrir un service int\u00e9gral, mondial et souple \u00e0 la client\u00e8le.<\/p>\n<p>&nbsp;<\/p>\n<h2>Fonds de placement<\/h2>\n<p>Andbank dispose d\u2019une \u00e9quipe sp\u00e9cialis\u00e9e dans les placements, qui est charg\u00e9e de s\u00e9lectionner les meilleurs fonds pour chaque client au niveau mondial. Nous offrons un large \u00e9ventail de fonds de placement\u00a0: des fonds propres, \u00e0 travers la gestionnaire Andbank Asset Management, ou appartenant aux gestionnaires internationales les plus importantes.<\/p>\n<p><a href=\"https:\/\/www.andbank.com\/fr\/gestion-dactifs\/\" target=\"_blank\" rel=\"noopener\">D\u00e9couvrez ici nos fonds<\/a><\/p>\n<p>&nbsp;<\/p>\n<h2>Sicav<\/h2>\n<p>Les Sicav sont des instruments qui permettent d\u2019investir dans des actifs financiers \u00e0 travers une soci\u00e9t\u00e9 d\u2019investissement collectif \u00e0 capital variable. Andbank g\u00e8re plus de 70 Sicav.<\/p>\n<p><a href=\"https:\/\/www.andbank.com\/fr\/gestion-dactifs\/\" target=\"_blank\" rel=\"noopener\">D\u00e9couvrez ici nos sicavs\u00a0<\/a><\/p>\n<p>&nbsp;<\/p>\n<h2>Co-investissement dans des op\u00e9rations exclusives\u00a0<strong><br \/>\n<\/strong><\/h2>\n<p>Andbank offre \u00e0 ses clients la possibilit\u00e9 de co-investir dans des op\u00e9rations exclusives. Cette pratique permet aux investisseurs de partager des risques et de mettre en commun des ressources afin d\u2019acqu\u00e9rir de plus grandes soci\u00e9t\u00e9s. Nous rassemblons des investisseurs provenant de divers milieux, particuliers, professionnels, entreprises familiales ou soci\u00e9t\u00e9s financi\u00e8res priv\u00e9es.<\/p>\n","protected":false},"excerpt":{"rendered":"<p>Nous sommes une banque familiale, ce qui nous conf\u00e8re un avantage concurrentiel cl\u00e9 qui prouve que nous partageons les m\u00eames int\u00e9r\u00eats que nos clients.<\/p>\n","protected":false},"author":1,"featured_media":3746,"parent":2433,"menu_order":166,"comment_status":"closed","ping_status":"closed","template":"template-detail.php","meta":{"_acf_changed":false,"footnotes":""},"yst_prominent_words":[8364,2980,8354,8352,8351,8353],"class_list":["post-2443","page","type-page","status-publish","has-post-thumbnail","hentry"],"acf":[],"_links":{"self":[{"href":"https:\/\/www.andbank.com\/fr\/wp-json\/wp\/v2\/pages\/2443"}],"collection":[{"href":"https:\/\/www.andbank.com\/fr\/wp-json\/wp\/v2\/pages"}],"about":[{"href":"https:\/\/www.andbank.com\/fr\/wp-json\/wp\/v2\/types\/page"}],"author":[{"embeddable":true,"href":"https:\/\/www.andbank.com\/fr\/wp-json\/wp\/v2\/users\/1"}],"replies":[{"embeddable":true,"href":"https:\/\/www.andbank.com\/fr\/wp-json\/wp\/v2\/comments?post=2443"}],"version-history":[{"count":0,"href":"https:\/\/www.andbank.com\/fr\/wp-json\/wp\/v2\/pages\/2443\/revisions"}],"up":[{"embeddable":true,"href":"https:\/\/www.andbank.com\/fr\/wp-json\/wp\/v2\/pages\/2433"}],"wp:featuredmedia":[{"embeddable":true,"href":"https:\/\/www.andbank.com\/fr\/wp-json\/wp\/v2\/media\/3746"}],"wp:attachment":[{"href":"https:\/\/www.andbank.com\/fr\/wp-json\/wp\/v2\/media?parent=2443"}],"wp:term":[{"taxonomy":"yst_prominent_words","embeddable":true,"href":"https:\/\/www.andbank.com\/fr\/wp-json\/wp\/v2\/yst_prominent_words?post=2443"}],"curies":[{"name":"wp","href":"https:\/\/api.w.org\/{rel}","templated":true}]}}