{"id":2455,"date":"2017-04-19T09:56:44","date_gmt":"2017-04-19T07:56:44","guid":{"rendered":"https:\/\/www.andbank.com\/conformite-reglementaire-2\/"},"modified":"2022-07-14T19:02:44","modified_gmt":"2022-07-14T17:02:44","slug":"conformite-reglementaire","status":"publish","type":"page","link":"https:\/\/www.andbank.com\/fr\/mentions-legales\/conformite-reglementaire\/","title":{"rendered":"Conformit\u00e9 r\u00e9glementaire"},"content":{"rendered":"<h2>Pr\u00e9vention contre le blanchiment de capitaux et lutte contre le terrorisme<\/h2>\n<p>D\u00e9claration g\u00e9n\u00e9rale sur les politiques de pr\u00e9vention du blanchiment de capitaux dans le groupe Andbank<\/p>\n<ul>\n<li><a href=\"https:\/\/www.andbank.com\/wp-content\/uploads\/2022\/01\/Declaracion_AML_Andbank_FR.pdf\" target=\"_blank\" rel=\"noopener noreferrer\">Acc\u00e9der au pdf<\/a><\/li>\n<\/ul>\n<p>&nbsp;<\/p>\n<h2>MIFID<\/h2>\n<p>La r\u00e9glementation MiFID vise \u00e0 r\u00e9glementer les conditions d\u2019autorisation et de fonctionnement des Entreprises de Services d\u2019Investissement, \u00e0 d\u00e9terminer les conditions d\u2019autorisation et de fonctionnement des march\u00e9s r\u00e9glement\u00e9s et des nouveaux centres de n\u00e9gociation, \u00e0 d\u00e9crire les codes de conduite et de protection de l\u2019investisseur que doivent respecter les Entreprises de services d\u2019investissement et \u00e0 \u00e9tablir les nouvelles exigences organisationnelles et comportementales pour les participants au march\u00e9 dans le but de renforcer la protection de l\u2019investisseur.<\/p>\n<p>Par ailleurs, le R\u00e8glement MiFIR r\u00e9glemente la transparence avant et apr\u00e8s la n\u00e9gociation \u00e0 l&rsquo;\u00e9gard des autorit\u00e9s comp\u00e9tentes et des investisseurs, en \u00e9tablissant une s\u00e9rie d\u2019exigences et d\u2019obligations concernant les informations \u00e0 transmettre aux march\u00e9s\/r\u00e9gulateurs en \u00e9tablissant l\u2019obligation de n\u00e9gocier dans des centres de n\u00e9gociation certains produits dont la n\u00e9gociation se faisait auparavant en dehors des march\u00e9s, en d\u00e9veloppant \u00e0 cet effet certaines actions de surveillance.<\/p>\n<p>\u00c0 ce titre, le Groupe Andbank respecte enti\u00e8rement les exigences \u00e9tablies dans ce cadre r\u00e9glementaire conform\u00e9ment aux dispositions locales des juridictions dans lesquelles il fournit des services d\u2019investissement.<\/p>\n<p>&nbsp;<\/p>\n<h2>CRS<\/h2>\n<p>Common Reporting Standards (CRS) est un syst\u00e8me d\u2019\u00e9change automatique de renseignements fiscaux entre les pays, qui permet aux administrations fiscales des pays qui y adh\u00e8rent d\u2019obtenir annuellement des renseignements fiscaux relatifs aux investissements ou aux positions que leurs r\u00e9sidents fiscaux poss\u00e8dent dans des \u00e9tablissements financiers situ\u00e9s \u00e0 l\u2019\u00e9tranger (hors du pays dans lequel ils sont r\u00e9sidents fiscaux).<\/p>\n<p>Dans ce sens, le 1er janvier 2017, entra en vigueur en Principaut\u00e9 d\u2019Andorre la Loi\u00a019\/2016, du 30 novembre, sur l\u2019\u00e9change automatique de renseignements \u00e0 des fins fiscales (ci-apr\u00e8s, Loi d\u2019\u00e9change automatique).<\/p>\n<p>La Loi d\u2019\u00e9change automatique implante en Principaut\u00e9 d\u2019Andorre le standard commun de l\u2019OCDE (Common Reporting Standards) des normes de communication et de diligence raisonnable, relative \u00e0 l\u2019information sur les comptes financiers, dans le but d\u2019am\u00e9liorer la conformit\u00e9 fiscale internationale \u00e0 partir de l\u2019\u00e9change automatique r\u00e9ciproque.<\/p>\n<p>La Loi qui r\u00e8glemente l\u2019\u00e9change automatique de renseignements sur les comptes financiers entre la Principaut\u00e9 d\u2019Andorre et d\u2019autres \u00c9tats conform\u00e9ment aux accords ou aux conventions internationales respectifs applicables, situe la Principaut\u00e9 d\u2019Andorre au niveau des standards les plus \u00e9lev\u00e9es quant \u00e0 la transparence en mati\u00e8re d\u2019\u00e9change de renseignement avec d\u2019autres pays OCDE.<\/p>\n<ul>\n<li><a href=\"https:\/\/www.andbank.com\/andorra\/ca\/particulars\/andbank-us-informa\/\" target=\"_blank\" rel=\"noopener noreferrer\">Plus d&rsquo;informations sur le CRS <\/a><\/li>\n<\/ul>\n","protected":false},"excerpt":{"rendered":"<p>Pr\u00e9vention contre le blanchiment de capitaux et lutte contre le terrorisme D\u00e9claration g\u00e9n\u00e9rale sur les politiques de pr\u00e9vention du blanchiment de capitaux dans le groupe Andbank Acc\u00e9der au pdf &nbsp; MIFID La r\u00e9glementation MiFID vise \u00e0 r\u00e9glementer les conditions d\u2019autorisation et de fonctionnement des Entreprises de Services d\u2019Investissement, \u00e0 d\u00e9terminer les conditions d\u2019autorisation et de [&hellip;]<\/p>\n","protected":false},"author":18,"featured_media":1788,"parent":3272,"menu_order":195,"comment_status":"closed","ping_status":"closed","template":"template-info-detail.php","meta":{"_acf_changed":false,"footnotes":""},"yst_prominent_words":[3219,3219,7785,7752,7755,7753,7786,7758,7757,3223,7787,3059],"class_list":["post-2455","page","type-page","status-publish","has-post-thumbnail","hentry"],"acf":[],"_links":{"self":[{"href":"https:\/\/www.andbank.com\/fr\/wp-json\/wp\/v2\/pages\/2455"}],"collection":[{"href":"https:\/\/www.andbank.com\/fr\/wp-json\/wp\/v2\/pages"}],"about":[{"href":"https:\/\/www.andbank.com\/fr\/wp-json\/wp\/v2\/types\/page"}],"author":[{"embeddable":true,"href":"https:\/\/www.andbank.com\/fr\/wp-json\/wp\/v2\/users\/18"}],"replies":[{"embeddable":true,"href":"https:\/\/www.andbank.com\/fr\/wp-json\/wp\/v2\/comments?post=2455"}],"version-history":[{"count":3,"href":"https:\/\/www.andbank.com\/fr\/wp-json\/wp\/v2\/pages\/2455\/revisions"}],"predecessor-version":[{"id":36541,"href":"https:\/\/www.andbank.com\/fr\/wp-json\/wp\/v2\/pages\/2455\/revisions\/36541"}],"up":[{"embeddable":true,"href":"https:\/\/www.andbank.com\/fr\/wp-json\/wp\/v2\/pages\/3272"}],"wp:featuredmedia":[{"embeddable":true,"href":"https:\/\/www.andbank.com\/fr\/wp-json\/wp\/v2\/media\/1788"}],"wp:attachment":[{"href":"https:\/\/www.andbank.com\/fr\/wp-json\/wp\/v2\/media?parent=2455"}],"wp:term":[{"taxonomy":"yst_prominent_words","embeddable":true,"href":"https:\/\/www.andbank.com\/fr\/wp-json\/wp\/v2\/yst_prominent_words?post=2455"}],"curies":[{"name":"wp","href":"https:\/\/api.w.org\/{rel}","templated":true}]}}