{"id":2497,"date":"2017-06-28T17:32:28","date_gmt":"2017-06-28T15:32:28","guid":{"rendered":"https:\/\/www.andbank.com\/analyse-de-marches\/notre-economiste-en-chef\/"},"modified":"2019-04-10T12:07:37","modified_gmt":"2019-04-10T10:07:37","slug":"notre-economiste-en-chef","status":"publish","type":"page","link":"https:\/\/www.andbank.com\/fr\/analyse-de-marches\/notre-economiste-en-chef\/","title":{"rendered":"Notre \u00e9conomiste en chef"},"content":{"rendered":"<h2>Faites la connaissance d\u2019\u00c0lex Fust\u00e9, \u00e9conomiste en chef<\/h2>\n<p>&nbsp;<\/p>\n<p>\u00c0lex Fust\u00e9 est titulaire d&rsquo;une licence en \u00e9conomie de l\u2019Universit\u00e9 de Barcelone et occupe actuellement le poste d\u2019\u00e9conomiste en chef chez Andbank. Son exp\u00e9rience se base sur le regroupement de connaissances et d\u2019informations \u00e9conomico-politiques \u00e0 travers une \u00e9quipe de professionnels de plus de 14 juridictions, sur le traitement de ces donn\u00e9es et la formulation d\u2019une vision globale \u00e0 partir de perspectives locales pour aider ses clients \u00e0 comprendre les m\u00e9canismes de l\u2019\u00e9conomie et les march\u00e9s mondiaux.<\/p>\n","protected":false},"excerpt":{"rendered":"<p>Faites la connaissance d\u2019\u00c0lex Fust\u00e9, \u00e9conomiste en chef &nbsp; \u00c0lex Fust\u00e9 est titulaire d&rsquo;une licence en \u00e9conomie de l\u2019Universit\u00e9 de Barcelone et occupe actuellement le poste d\u2019\u00e9conomiste en chef chez Andbank. Son exp\u00e9rience se base sur le regroupement de connaissances et d\u2019informations \u00e9conomico-politiques \u00e0 travers une \u00e9quipe de professionnels de plus de 14 juridictions, sur [&hellip;]<\/p>\n","protected":false},"author":1,"featured_media":0,"parent":2438,"menu_order":40,"comment_status":"closed","ping_status":"closed","template":"template-market-detail.php","meta":{"_acf_changed":false,"footnotes":""},"yst_prominent_words":[5055,569,570,276,2982,517,507,568],"class_list":["post-2497","page","type-page","status-publish","hentry"],"acf":[],"_links":{"self":[{"href":"https:\/\/www.andbank.com\/fr\/wp-json\/wp\/v2\/pages\/2497"}],"collection":[{"href":"https:\/\/www.andbank.com\/fr\/wp-json\/wp\/v2\/pages"}],"about":[{"href":"https:\/\/www.andbank.com\/fr\/wp-json\/wp\/v2\/types\/page"}],"author":[{"embeddable":true,"href":"https:\/\/www.andbank.com\/fr\/wp-json\/wp\/v2\/users\/1"}],"replies":[{"embeddable":true,"href":"https:\/\/www.andbank.com\/fr\/wp-json\/wp\/v2\/comments?post=2497"}],"version-history":[{"count":0,"href":"https:\/\/www.andbank.com\/fr\/wp-json\/wp\/v2\/pages\/2497\/revisions"}],"up":[{"embeddable":true,"href":"https:\/\/www.andbank.com\/fr\/wp-json\/wp\/v2\/pages\/2438"}],"wp:attachment":[{"href":"https:\/\/www.andbank.com\/fr\/wp-json\/wp\/v2\/media?parent=2497"}],"wp:term":[{"taxonomy":"yst_prominent_words","embeddable":true,"href":"https:\/\/www.andbank.com\/fr\/wp-json\/wp\/v2\/yst_prominent_words?post=2497"}],"curies":[{"name":"wp","href":"https:\/\/api.w.org\/{rel}","templated":true}]}}