{"id":3485,"date":"2017-09-15T09:32:17","date_gmt":"2017-09-15T07:32:17","guid":{"rendered":"https:\/\/www.andbank.com\/bureaux\/"},"modified":"2019-04-09T10:35:33","modified_gmt":"2019-04-09T08:35:33","slug":"andbank-dans-le-monde","status":"publish","type":"page","link":"https:\/\/www.andbank.com\/fr\/qui-sommes-nous\/andbank-dans-le-monde\/","title":{"rendered":"Andbank dans le monde"},"content":{"rendered":"","protected":false},"excerpt":{"rendered":"<p>Andbank est pr\u00e9sent dans 11 pays dans lesquels elle offre des services sp\u00e9cialis\u00e9s dans la gestion de grands patrimoines<\/p>\n","protected":false},"author":1,"featured_media":35401,"parent":2439,"menu_order":172,"comment_status":"closed","ping_status":"closed","template":"template-offices.php","meta":{"_acf_changed":false,"footnotes":""},"yst_prominent_words":[],"class_list":["post-3485","page","type-page","status-publish","has-post-thumbnail","hentry"],"acf":[],"_links":{"self":[{"href":"https:\/\/www.andbank.com\/fr\/wp-json\/wp\/v2\/pages\/3485"}],"collection":[{"href":"https:\/\/www.andbank.com\/fr\/wp-json\/wp\/v2\/pages"}],"about":[{"href":"https:\/\/www.andbank.com\/fr\/wp-json\/wp\/v2\/types\/page"}],"author":[{"embeddable":true,"href":"https:\/\/www.andbank.com\/fr\/wp-json\/wp\/v2\/users\/1"}],"replies":[{"embeddable":true,"href":"https:\/\/www.andbank.com\/fr\/wp-json\/wp\/v2\/comments?post=3485"}],"version-history":[{"count":0,"href":"https:\/\/www.andbank.com\/fr\/wp-json\/wp\/v2\/pages\/3485\/revisions"}],"up":[{"embeddable":true,"href":"https:\/\/www.andbank.com\/fr\/wp-json\/wp\/v2\/pages\/2439"}],"wp:featuredmedia":[{"embeddable":true,"href":"https:\/\/www.andbank.com\/fr\/wp-json\/wp\/v2\/media\/35401"}],"wp:attachment":[{"href":"https:\/\/www.andbank.com\/fr\/wp-json\/wp\/v2\/media?parent=3485"}],"wp:term":[{"taxonomy":"yst_prominent_words","embeddable":true,"href":"https:\/\/www.andbank.com\/fr\/wp-json\/wp\/v2\/yst_prominent_words?post=3485"}],"curies":[{"name":"wp","href":"https:\/\/api.w.org\/{rel}","templated":true}]}}