{"id":6137,"date":"2018-02-06T13:12:22","date_gmt":"2018-02-06T11:12:22","guid":{"rendered":"https:\/\/www.andbank.com\/?page_id=6137"},"modified":"2024-06-20T18:23:12","modified_gmt":"2024-06-20T16:23:12","slug":"publications","status":"publish","type":"page","link":"https:\/\/www.andbank.com\/fr\/qui-sommes-nous\/salle-de-presse\/publications\/","title":{"rendered":"Investor Information"},"content":{"rendered":"<p>Apr\u00e8s avoir lanc\u00e9 son \u00e9mission inaugurale d&rsquo;obligations hypoth\u00e9caires C\u00e9dulas Hipotecarias Andbank, en juillet 2017, et sa subs\u00e9quente extension en d\u00e9cembre 2017 sous le programme de Covered Bonds, et avec la garantie additionnelle du Portefeuille hypoth\u00e9caire publi\u00e9 sur <a href=\"https:\/\/www.andbank.com\/form-investor-report\/\">https:\/\/www.andbank.com\/form-investor-report\/<\/a>, Andbank continue \u00e0 \u00e9valuer diverses possibilit\u00e9s pour acc\u00e9der au march\u00e9 des capitaux dans des d\u00e9lais courts, moyens et longs.<\/p>\n","protected":false},"excerpt":{"rendered":"<p>Apr\u00e8s avoir lanc\u00e9 son \u00e9mission inaugurale d&rsquo;obligations hypoth\u00e9caires C\u00e9dulas Hipotecarias Andbank, en juillet 2017, et sa subs\u00e9quente extension en d\u00e9cembre 2017 sous le programme de Covered Bonds, et avec la garantie additionnelle du Portefeuille hypoth\u00e9caire publi\u00e9 sur https:\/\/www.andbank.com\/form-investor-report\/, Andbank continue \u00e0 \u00e9valuer diverses possibilit\u00e9s pour acc\u00e9der au march\u00e9 des capitaux dans des d\u00e9lais courts, moyens [&hellip;]<\/p>\n","protected":false},"author":13,"featured_media":6097,"parent":2457,"menu_order":0,"comment_status":"closed","ping_status":"closed","template":"template-detail.php","meta":{"_acf_changed":false,"footnotes":""},"yst_prominent_words":[2957,2980],"class_list":["post-6137","page","type-page","status-publish","has-post-thumbnail","hentry"],"acf":[],"_links":{"self":[{"href":"https:\/\/www.andbank.com\/fr\/wp-json\/wp\/v2\/pages\/6137"}],"collection":[{"href":"https:\/\/www.andbank.com\/fr\/wp-json\/wp\/v2\/pages"}],"about":[{"href":"https:\/\/www.andbank.com\/fr\/wp-json\/wp\/v2\/types\/page"}],"author":[{"embeddable":true,"href":"https:\/\/www.andbank.com\/fr\/wp-json\/wp\/v2\/users\/13"}],"replies":[{"embeddable":true,"href":"https:\/\/www.andbank.com\/fr\/wp-json\/wp\/v2\/comments?post=6137"}],"version-history":[{"count":2,"href":"https:\/\/www.andbank.com\/fr\/wp-json\/wp\/v2\/pages\/6137\/revisions"}],"predecessor-version":[{"id":38590,"href":"https:\/\/www.andbank.com\/fr\/wp-json\/wp\/v2\/pages\/6137\/revisions\/38590"}],"up":[{"embeddable":true,"href":"https:\/\/www.andbank.com\/fr\/wp-json\/wp\/v2\/pages\/2457"}],"wp:featuredmedia":[{"embeddable":true,"href":"https:\/\/www.andbank.com\/fr\/wp-json\/wp\/v2\/media\/6097"}],"wp:attachment":[{"href":"https:\/\/www.andbank.com\/fr\/wp-json\/wp\/v2\/media?parent=6137"}],"wp:term":[{"taxonomy":"yst_prominent_words","embeddable":true,"href":"https:\/\/www.andbank.com\/fr\/wp-json\/wp\/v2\/yst_prominent_words?post=6137"}],"curies":[{"name":"wp","href":"https:\/\/api.w.org\/{rel}","templated":true}]}}