{"id":3365,"date":"2018-01-17T11:49:16","date_gmt":"2018-01-17T09:49:16","guid":{"rendered":"https:\/\/www.andbank.com\/lxb\/qui-sommes-nous\/information-sur-societe\/"},"modified":"2025-01-07T19:58:30","modified_gmt":"2025-01-07T17:58:30","slug":"information-sur-societe","status":"publish","type":"page","link":"https:\/\/www.andbank.com\/luxembourg\/en\/qui-sommes-nous\/information-sur-societe\/","title":{"rendered":"Information about the company"},"content":{"rendered":"<h2>Andbank Luxembourg S.A<\/h2>\n<p>&nbsp;<\/p>\n<p><strong>Registered office<\/strong><\/p>\n<p>4,rue Jean Monnet, L-2180 Luxembourg, Grand-Duchy of Luxembourg<\/p>\n<p>&nbsp;<\/p>\n<p><strong>Board of Directors:<\/strong><\/p>\n<ul>\n<li>Pablo Garc\u00eda Monta\u00f1\u00e9s \u2013 President<\/li>\n<li>Ricard Rodr\u00edguez Fern\u00e1ndez \u2013 Managing Director<\/li>\n<li>Jos\u00e9 Manuel Mora-Figueroa \u2013 Independent Director<\/li>\n<li>Jos\u00e9 Luis Mu\u00f1oz Lasuen \u2013 Director<\/li>\n<li>Gerard Estrada Ventura \u2013 Director<\/li>\n<li>Josep Xavier Casanovas Arasa &#8211; Director<\/li>\n<li>Marta Bravo Pellise \u2013 Director<\/li>\n<\/ul>\n<p>&nbsp;<\/p>\n<p>Registered with the Luxembourg Corporate and Trade Register under number B150131.<\/p>\n<p>Credit institution authorised and supervised by the Financial Sector Supervisory Committee (CSSF), 283, route d\u2019Arlon, L-1150 Luxembourg.<\/p>\n<p>Swift\/BIC: BACALULL<\/p>\n","protected":false},"excerpt":{"rendered":"<p>Find out about Andbank Luxembourg&#8217;s governance structure<\/p>\n","protected":false},"author":13,"featured_media":2287,"parent":3324,"menu_order":4,"comment_status":"closed","ping_status":"closed","template":"template-detail.php","meta":{"_acf_changed":false,"footnotes":""},"yst_prominent_words":[137,62,184,131,1018,134],"class_list":["post-3365","page","type-page","status-publish","has-post-thumbnail","hentry"],"acf":[],"_links":{"self":[{"href":"https:\/\/www.andbank.com\/luxembourg\/en\/wp-json\/wp\/v2\/pages\/3365"}],"collection":[{"href":"https:\/\/www.andbank.com\/luxembourg\/en\/wp-json\/wp\/v2\/pages"}],"about":[{"href":"https:\/\/www.andbank.com\/luxembourg\/en\/wp-json\/wp\/v2\/types\/page"}],"author":[{"embeddable":true,"href":"https:\/\/www.andbank.com\/luxembourg\/en\/wp-json\/wp\/v2\/users\/13"}],"replies":[{"embeddable":true,"href":"https:\/\/www.andbank.com\/luxembourg\/en\/wp-json\/wp\/v2\/comments?post=3365"}],"version-history":[{"count":5,"href":"https:\/\/www.andbank.com\/luxembourg\/en\/wp-json\/wp\/v2\/pages\/3365\/revisions"}],"predecessor-version":[{"id":15355,"href":"https:\/\/www.andbank.com\/luxembourg\/en\/wp-json\/wp\/v2\/pages\/3365\/revisions\/15355"}],"up":[{"embeddable":true,"href":"https:\/\/www.andbank.com\/luxembourg\/en\/wp-json\/wp\/v2\/pages\/3324"}],"wp:featuredmedia":[{"embeddable":true,"href":"https:\/\/www.andbank.com\/luxembourg\/en\/wp-json\/wp\/v2\/media\/2287"}],"wp:attachment":[{"href":"https:\/\/www.andbank.com\/luxembourg\/en\/wp-json\/wp\/v2\/media?parent=3365"}],"wp:term":[{"taxonomy":"yst_prominent_words","embeddable":true,"href":"https:\/\/www.andbank.com\/luxembourg\/en\/wp-json\/wp\/v2\/yst_prominent_words?post=3365"}],"curies":[{"name":"wp","href":"https:\/\/api.w.org\/{rel}","templated":true}]}}