{"id":13406,"date":"2021-11-05T01:43:26","date_gmt":"2021-11-04T23:43:26","guid":{"rendered":"https:\/\/www.andbank.com\/luxembourg\/cadre-reglementaire\/psd2\/"},"modified":"2026-01-27T12:43:12","modified_gmt":"2026-01-27T10:43:12","slug":"psd2","status":"publish","type":"page","link":"https:\/\/www.andbank.com\/luxembourg\/es\/cadre-reglementaire\/psd2\/","title":{"rendered":"PSD2"},"content":{"rendered":"<h2>La interfaz de programaci\u00f3n de aplicaciones (API) ya est\u00e1 disponible<\/h2>\n<p>En el marco de los requisitos legales de la directiva europea PSD2, Andbank Luxembourg pone a su disposici\u00f3n la documentaci\u00f3n t\u00e9cnica de la interfaz de programaci\u00f3n de aplicaciones (API), basada en el est\u00e1ndar del Grupo de Berl\u00edn, as\u00ed como un entorno de pruebas accesible a trav\u00e9s de la plataforma LuxHub, que act\u00faa como intermediario entre el Banco y terceros proveedores (TPP).<\/p>\n<p>Para cualquier informaci\u00f3n sobre el proceso, los detalles t\u00e9cnicos, as\u00ed como el procedimiento de integraci\u00f3n, consulte la siguiente p\u00e1gina:\u00a0<a href=\"https:\/\/developer.luxhub.com\/\">https:\/\/developer.luxhub.com\/<\/a><\/p>\n<p>&nbsp;<\/p>\n<h2>Utilice las estad\u00edsticas<\/h2>\n<p>Descargue las estad\u00edsticas para ver, en detalle, la disponibilidad, el tiempo medio de respuesta y el porcentaje de funcionamiento \u00f3ptimo de nuestras API.<\/p>\n<p>&nbsp;<\/p>\n<div style=\"text-align: center\"><a class=\"main-button\" href=\"https:\/\/www.andbank.com\/luxembourg\/wp-content\/uploads\/sites\/24\/2026\/01\/Q12025-KPIs.pdf\" target=\"_blank\" rel=\"noopener\">Download 2025 Q1 <span class=\"fa fa-arrow-down\" aria-hidden=\"true\"><\/span><\/a><\/div>\n<p><\/br><\/p>\n<div style=\"text-align: center\"><a class=\"main-button\" href=\"https:\/\/www.andbank.com\/luxembourg\/wp-content\/uploads\/sites\/24\/2026\/01\/Q22025-KPI.pdf\" target=\"_blank\" rel=\"noopener\">Download 2025 Q2 <span class=\"fa fa-arrow-down\" aria-hidden=\"true\"><\/span><\/a><\/div>\n<p><\/br><\/p>\n<div style=\"text-align: center\"><a class=\"main-button\" href=\"https:\/\/www.andbank.com\/luxembourg\/wp-content\/uploads\/sites\/24\/2026\/01\/Q32025-KPI.pdf\" target=\"_blank\" rel=\"noopener\">Download 2025 Q3 <span class=\"fa fa-arrow-down\" aria-hidden=\"true\"><\/span><\/a><\/div>\n<p><\/br><\/p>\n<div style=\"text-align: center\"><a class=\"main-button\" href=\"https:\/\/www.andbank.com\/luxembourg\/wp-content\/uploads\/sites\/24\/2026\/01\/Q42025-KPI.pdf\" target=\"_blank\" rel=\"noopener\">Download 2025 Q4 <span class=\"fa fa-arrow-down\" aria-hidden=\"true\"><\/span><\/a><\/div>\n","protected":false},"excerpt":{"rendered":"<p>La interfaz de programaci\u00f3n de aplicaciones (API) ya est\u00e1 disponible En el marco de los requisitos legales de la directiva europea PSD2, Andbank Luxembourg pone a su disposici\u00f3n la documentaci\u00f3n t\u00e9cnica de la interfaz de programaci\u00f3n de aplicaciones (API), basada en el est\u00e1ndar del Grupo de Berl\u00edn, as\u00ed como un entorno de pruebas accesible a [&hellip;]<\/p>\n","protected":false},"author":18,"featured_media":0,"parent":3323,"menu_order":0,"comment_status":"closed","ping_status":"closed","template":"template-info-detail.php","meta":{"_acf_changed":false,"footnotes":""},"yst_prominent_words":[835,827,1539,829,1385],"class_list":["post-13406","page","type-page","status-publish","hentry"],"acf":[],"_links":{"self":[{"href":"https:\/\/www.andbank.com\/luxembourg\/es\/wp-json\/wp\/v2\/pages\/13406"}],"collection":[{"href":"https:\/\/www.andbank.com\/luxembourg\/es\/wp-json\/wp\/v2\/pages"}],"about":[{"href":"https:\/\/www.andbank.com\/luxembourg\/es\/wp-json\/wp\/v2\/types\/page"}],"author":[{"embeddable":true,"href":"https:\/\/www.andbank.com\/luxembourg\/es\/wp-json\/wp\/v2\/users\/18"}],"replies":[{"embeddable":true,"href":"https:\/\/www.andbank.com\/luxembourg\/es\/wp-json\/wp\/v2\/comments?post=13406"}],"version-history":[{"count":15,"href":"https:\/\/www.andbank.com\/luxembourg\/es\/wp-json\/wp\/v2\/pages\/13406\/revisions"}],"predecessor-version":[{"id":16162,"href":"https:\/\/www.andbank.com\/luxembourg\/es\/wp-json\/wp\/v2\/pages\/13406\/revisions\/16162"}],"up":[{"embeddable":true,"href":"https:\/\/www.andbank.com\/luxembourg\/es\/wp-json\/wp\/v2\/pages\/3323"}],"wp:attachment":[{"href":"https:\/\/www.andbank.com\/luxembourg\/es\/wp-json\/wp\/v2\/media?parent=13406"}],"wp:term":[{"taxonomy":"yst_prominent_words","embeddable":true,"href":"https:\/\/www.andbank.com\/luxembourg\/es\/wp-json\/wp\/v2\/yst_prominent_words?post=13406"}],"curies":[{"name":"wp","href":"https:\/\/api.w.org\/{rel}","templated":true}]}}