{"id":3358,"date":"2017-04-04T13:20:11","date_gmt":"2017-04-04T11:20:11","guid":{"rendered":"https:\/\/www.andbank.com\/lxb\/banque-privee\/services-investissement\/"},"modified":"2018-04-19T18:00:05","modified_gmt":"2018-04-19T16:00:05","slug":"services-investissement","status":"publish","type":"page","link":"https:\/\/www.andbank.com\/luxembourg\/es\/banque-privee\/services-investissement\/","title":{"rendered":"Servicios de inversi\u00f3n"},"content":{"rendered":"<p>Ofrecemos una gama completa de servicios de inversi\u00f3n adaptados a las necesidades espec\u00edficas de nuestros clientes. Nuestros servicios no son mutuamente excluyentes. Esto significa que nuestros clientes pueden dise\u00f1ar su estructura de cuenta combinando diferentes servicios y perfiles para que cada cuenta coincida con sus objetivos financieros.<\/p>\n<p><img loading=\"lazy\" decoding=\"async\" class=\"alignnone wp-image-2956\" src=\"https:\/\/www.andbank.com\/lxb\/wp-content\/uploads\/sites\/24\/2017\/04\/Services-dinvestissement-1.png\" alt=\"\" width=\"748\" height=\"488\" srcset=\"https:\/\/www.andbank.com\/luxembourg\/wp-content\/uploads\/sites\/24\/2017\/04\/Services-dinvestissement-1.png 1430w, https:\/\/www.andbank.com\/luxembourg\/wp-content\/uploads\/sites\/24\/2017\/04\/Services-dinvestissement-1-768x501.png 768w\" sizes=\"(max-width: 748px) 100vw, 748px\" \/><\/p>\n<p>Nuestra gama de productos financieros invertibles se basa en una pol\u00edtica de arquitectura abierta. Nuestros clientes tienen acceso a una amplia gama de productos financieros con diferentes perfiles de riesgo y recompensa y pueden beneficiarse de las ventajas de diversificaci\u00f3n de combinar diferentes clases de activos para lograr sus objetivos de rendimiento y riesgo.<\/p>\n<ul>\n<li>Acciones<\/li>\n<li>Renta fija<\/li>\n<li>Fondos de inversi\u00f3n<\/li>\n<li>Derivados<\/li>\n<li>Productos estructurados<\/li>\n<li>Mercado de divisas<\/li>\n<li>Dep\u00f3sitos a plazo<\/li>\n<\/ul>\n","protected":false},"excerpt":{"rendered":"<p>Ofrecemos una gama completa de servicios de inversi\u00f3n adaptados a las necesidades espec\u00edficas de nuestros clientes. Nuestros servicios no son mutuamente excluyentes.<\/p>\n","protected":false},"author":1,"featured_media":2185,"parent":3348,"menu_order":61,"comment_status":"closed","ping_status":"closed","template":"template-distributor.php","meta":{"_acf_changed":false,"footnotes":""},"yst_prominent_words":[230,229,139,222,235,186,225,226,236,224,231,228,232,223,227,234,140,233],"class_list":["post-3358","page","type-page","status-publish","has-post-thumbnail","hentry"],"acf":[],"_links":{"self":[{"href":"https:\/\/www.andbank.com\/luxembourg\/es\/wp-json\/wp\/v2\/pages\/3358"}],"collection":[{"href":"https:\/\/www.andbank.com\/luxembourg\/es\/wp-json\/wp\/v2\/pages"}],"about":[{"href":"https:\/\/www.andbank.com\/luxembourg\/es\/wp-json\/wp\/v2\/types\/page"}],"author":[{"embeddable":true,"href":"https:\/\/www.andbank.com\/luxembourg\/es\/wp-json\/wp\/v2\/users\/1"}],"replies":[{"embeddable":true,"href":"https:\/\/www.andbank.com\/luxembourg\/es\/wp-json\/wp\/v2\/comments?post=3358"}],"version-history":[{"count":0,"href":"https:\/\/www.andbank.com\/luxembourg\/es\/wp-json\/wp\/v2\/pages\/3358\/revisions"}],"up":[{"embeddable":true,"href":"https:\/\/www.andbank.com\/luxembourg\/es\/wp-json\/wp\/v2\/pages\/3348"}],"wp:featuredmedia":[{"embeddable":true,"href":"https:\/\/www.andbank.com\/luxembourg\/es\/wp-json\/wp\/v2\/media\/2185"}],"wp:attachment":[{"href":"https:\/\/www.andbank.com\/luxembourg\/es\/wp-json\/wp\/v2\/media?parent=3358"}],"wp:term":[{"taxonomy":"yst_prominent_words","embeddable":true,"href":"https:\/\/www.andbank.com\/luxembourg\/es\/wp-json\/wp\/v2\/yst_prominent_words?post=3358"}],"curies":[{"name":"wp","href":"https:\/\/api.w.org\/{rel}","templated":true}]}}