{"id":3383,"date":"2018-01-15T13:55:53","date_gmt":"2018-01-15T11:55:53","guid":{"rendered":"https:\/\/www.andbank.com\/lxb\/analyse-de-marches\/notre-economiste-chef\/"},"modified":"2018-04-19T18:01:11","modified_gmt":"2018-04-19T16:01:11","slug":"notre-economiste-chef","status":"publish","type":"page","link":"https:\/\/www.andbank.com\/luxembourg\/es\/analyse-de-marches\/notre-economiste-chef\/","title":{"rendered":"Nuestro economista jefe"},"content":{"rendered":"<h2>Conozca a \u00c0lex Fust\u00e9, Economista jefe<\/h2>\n<p>&nbsp;<\/p>\n<p>\u00c0lex Fust\u00e9 es licenciado en Econom\u00eda por la Universitat de Barcelona y actualmente ocupa el cargo de Economista jefe en Andbank. Su\u00a0experiencia se basa en aglutinar conocimientos e informaci\u00f3n econ\u00f3mico-pol\u00edtico a trav\u00e9s de un equipo de profesionales de mas de 14 jurisdicciones, procesar dichos datos y formular una visi\u00f3n global desde perspectivas locales para ayudar a sus clientes a entender los mecanismos de la econom\u00eda y los mercados globales.<\/p>\n","protected":false},"excerpt":{"rendered":"<p>\u00c0lex Fust\u00e9 es licenciado en Econom\u00eda por la Universitat de Barcelona y actualmente ocupa el cargo de Economista jefe en Andbank.<\/p>\n","protected":false},"author":13,"featured_media":0,"parent":3337,"menu_order":6,"comment_status":"closed","ping_status":"closed","template":"template-market-detail.php","meta":{"_acf_changed":false,"footnotes":""},"yst_prominent_words":[399,400,186,398,208,288,210],"class_list":["post-3383","page","type-page","status-publish","hentry"],"acf":[],"_links":{"self":[{"href":"https:\/\/www.andbank.com\/luxembourg\/es\/wp-json\/wp\/v2\/pages\/3383"}],"collection":[{"href":"https:\/\/www.andbank.com\/luxembourg\/es\/wp-json\/wp\/v2\/pages"}],"about":[{"href":"https:\/\/www.andbank.com\/luxembourg\/es\/wp-json\/wp\/v2\/types\/page"}],"author":[{"embeddable":true,"href":"https:\/\/www.andbank.com\/luxembourg\/es\/wp-json\/wp\/v2\/users\/13"}],"replies":[{"embeddable":true,"href":"https:\/\/www.andbank.com\/luxembourg\/es\/wp-json\/wp\/v2\/comments?post=3383"}],"version-history":[{"count":0,"href":"https:\/\/www.andbank.com\/luxembourg\/es\/wp-json\/wp\/v2\/pages\/3383\/revisions"}],"up":[{"embeddable":true,"href":"https:\/\/www.andbank.com\/luxembourg\/es\/wp-json\/wp\/v2\/pages\/3337"}],"wp:attachment":[{"href":"https:\/\/www.andbank.com\/luxembourg\/es\/wp-json\/wp\/v2\/media?parent=3383"}],"wp:term":[{"taxonomy":"yst_prominent_words","embeddable":true,"href":"https:\/\/www.andbank.com\/luxembourg\/es\/wp-json\/wp\/v2\/yst_prominent_words?post=3383"}],"curies":[{"name":"wp","href":"https:\/\/api.w.org\/{rel}","templated":true}]}}