{"id":3444,"date":"2017-06-28T17:32:28","date_gmt":"2017-06-28T15:32:28","guid":{"rendered":"https:\/\/www.andbank.com\/lxb\/analyse-de-marches\/avis-corporatif\/"},"modified":"2023-07-17T18:30:30","modified_gmt":"2023-07-17T16:30:30","slug":"opinion-corporativa","status":"publish","type":"page","link":"https:\/\/www.andbank.com\/luxembourg\/es\/analyse-de-marches\/opinion-corporativa\/","title":{"rendered":"Opini\u00f3n Corporativa"},"content":{"rendered":"<h2>Opini\u00f3n Corporativa<\/h2>\n<p class=\"subtitle title7\">Andbank publica mensualmente un informe en el\u00a0que se recoge la opini\u00f3n corporativa de la entidad\u00a0sobre las perspectivas de la econom\u00eda y los mercados financieros a nivel local y global. Conozca la opini\u00f3n corporativa de Andbank de la mano de nuestro economista jefe, \u00c0lex Fust\u00e9.<\/p>\n","protected":false},"excerpt":{"rendered":"<p>Andbank publica mensualmente un informe en el\u00a0que se recoge la opini\u00f3n corporativa de la entidad\u00a0sobre las perspectivas de la econom\u00eda y los mercados financieros a nivel local y global. Conozca la opini\u00f3n corporativa de Andbank de la mano de nuestro economista jefe, \u00c0lex Fust\u00e9.<\/p>\n","protected":false},"author":18,"featured_media":0,"parent":3337,"menu_order":0,"comment_status":"closed","ping_status":"closed","template":"template-market-blog.php","meta":{"_acf_changed":false,"footnotes":""},"yst_prominent_words":[19,18,17,16],"class_list":["post-3444","page","type-page","status-publish","hentry"],"acf":[],"_links":{"self":[{"href":"https:\/\/www.andbank.com\/luxembourg\/es\/wp-json\/wp\/v2\/pages\/3444"}],"collection":[{"href":"https:\/\/www.andbank.com\/luxembourg\/es\/wp-json\/wp\/v2\/pages"}],"about":[{"href":"https:\/\/www.andbank.com\/luxembourg\/es\/wp-json\/wp\/v2\/types\/page"}],"author":[{"embeddable":true,"href":"https:\/\/www.andbank.com\/luxembourg\/es\/wp-json\/wp\/v2\/users\/18"}],"replies":[{"embeddable":true,"href":"https:\/\/www.andbank.com\/luxembourg\/es\/wp-json\/wp\/v2\/comments?post=3444"}],"version-history":[{"count":5,"href":"https:\/\/www.andbank.com\/luxembourg\/es\/wp-json\/wp\/v2\/pages\/3444\/revisions"}],"predecessor-version":[{"id":14154,"href":"https:\/\/www.andbank.com\/luxembourg\/es\/wp-json\/wp\/v2\/pages\/3444\/revisions\/14154"}],"up":[{"embeddable":true,"href":"https:\/\/www.andbank.com\/luxembourg\/es\/wp-json\/wp\/v2\/pages\/3337"}],"wp:attachment":[{"href":"https:\/\/www.andbank.com\/luxembourg\/es\/wp-json\/wp\/v2\/media?parent=3444"}],"wp:term":[{"taxonomy":"yst_prominent_words","embeddable":true,"href":"https:\/\/www.andbank.com\/luxembourg\/es\/wp-json\/wp\/v2\/yst_prominent_words?post=3444"}],"curies":[{"name":"wp","href":"https:\/\/api.w.org\/{rel}","templated":true}]}}