{"id":3449,"date":"2017-05-09T18:30:19","date_gmt":"2017-05-09T16:30:19","guid":{"rendered":"https:\/\/www.andbank.com\/lxb\/banque-privee\/independent-financial-advisors\/"},"modified":"2018-04-19T18:00:04","modified_gmt":"2018-04-19T16:00:04","slug":"independent-financial-advisors","status":"publish","type":"page","link":"https:\/\/www.andbank.com\/luxembourg\/es\/banque-privee\/independent-financial-advisors\/","title":{"rendered":"Independent Financial Advisors"},"content":{"rendered":"<h2>Dedicaci\u00f3n confidencialidad<\/h2>\n<p>Nuestro equipo dedicado al servicio de gestores independientes posee una amplia formaci\u00f3n y una s\u00f3lida trayectoria profesional que permiten articular un servicio altamente competitivo.<\/p>\n<p>Valores como la prudencia, la discreci\u00f3n y la excelencia son los cimientos sobre los que nuestro equipo fundamenta su gesti\u00f3n.<\/p>\n<p>Cada IFA tiene un responsable de cuentas que puede cubrir todas sus necesidades y guiarle dentro del grupo.<\/p>\n<p>&nbsp;<\/p>\n<h2>Servicios para gestores independientes<\/h2>\n<p>Recomendaciones de inversi\u00f3n a medida para aquellos asesores independientes que buscan diferenciar la gesti\u00f3n del patrimonio de sus clientes.<\/p>\n<p>Nuestra estrategia de inversi\u00f3n est\u00e1 centrada en la preservaci\u00f3n del patrimonio y en la constante captaci\u00f3n de las tendencias m\u00e1s alcistas del mercado financiero.<\/p>\n","protected":false},"excerpt":{"rendered":"<p>Nuestro equipo dedicado al servicio de gestores independientes posee una amplia formaci\u00f3n y una s\u00f3lida trayectoria profesional que permiten articular un servicio altamente competitivo en cualquier jurisdicci\u00f3n.<\/p>\n","protected":false},"author":1,"featured_media":2226,"parent":3348,"menu_order":98,"comment_status":"closed","ping_status":"closed","template":"template-detail.php","meta":{"_acf_changed":false,"footnotes":""},"yst_prominent_words":[293,292,183,212,283,289,186,28,290,284,286,287,285,291,220,239,288],"class_list":["post-3449","page","type-page","status-publish","has-post-thumbnail","hentry"],"acf":[],"_links":{"self":[{"href":"https:\/\/www.andbank.com\/luxembourg\/es\/wp-json\/wp\/v2\/pages\/3449"}],"collection":[{"href":"https:\/\/www.andbank.com\/luxembourg\/es\/wp-json\/wp\/v2\/pages"}],"about":[{"href":"https:\/\/www.andbank.com\/luxembourg\/es\/wp-json\/wp\/v2\/types\/page"}],"author":[{"embeddable":true,"href":"https:\/\/www.andbank.com\/luxembourg\/es\/wp-json\/wp\/v2\/users\/1"}],"replies":[{"embeddable":true,"href":"https:\/\/www.andbank.com\/luxembourg\/es\/wp-json\/wp\/v2\/comments?post=3449"}],"version-history":[{"count":0,"href":"https:\/\/www.andbank.com\/luxembourg\/es\/wp-json\/wp\/v2\/pages\/3449\/revisions"}],"up":[{"embeddable":true,"href":"https:\/\/www.andbank.com\/luxembourg\/es\/wp-json\/wp\/v2\/pages\/3348"}],"wp:featuredmedia":[{"embeddable":true,"href":"https:\/\/www.andbank.com\/luxembourg\/es\/wp-json\/wp\/v2\/media\/2226"}],"wp:attachment":[{"href":"https:\/\/www.andbank.com\/luxembourg\/es\/wp-json\/wp\/v2\/media?parent=3449"}],"wp:term":[{"taxonomy":"yst_prominent_words","embeddable":true,"href":"https:\/\/www.andbank.com\/luxembourg\/es\/wp-json\/wp\/v2\/yst_prominent_words?post=3449"}],"curies":[{"name":"wp","href":"https:\/\/api.w.org\/{rel}","templated":true}]}}