{"id":3458,"date":"2017-04-19T10:22:16","date_gmt":"2017-04-19T08:22:16","guid":{"rendered":"https:\/\/www.andbank.com\/lxb\/cadre-reglementaire-la-banque\/"},"modified":"2026-03-02T20:19:27","modified_gmt":"2026-03-02T18:19:27","slug":"cadre-reglementaire-la-banque","status":"publish","type":"page","link":"https:\/\/www.andbank.com\/luxembourg\/es\/cadre-reglementaire-la-banque\/","title":{"rendered":"Marco normativo del Banco"},"content":{"rendered":"<h2>MIFID<\/h2>\n<ul>\n<li><a href=\"https:\/\/www.andbank.com\/luxembourg\/wp-content\/uploads\/sites\/24\/2026\/02\/EN_App-form-MiFID-classification-change-request-general_-v216042025.pdf\" target=\"_blank\" rel=\"noopener\">Solicitud de cambio de categor\u00eda MiFID<\/a><\/li>\n<li><a href=\"https:\/\/www.andbank.com\/luxembourg\/wp-content\/uploads\/sites\/24\/2025\/09\/LUX-POL-012-Best-Execution-Order-Management_v5.4.pdf\" target=\"_blank\" rel=\"noopener\">Pol\u00edtica de mejor ejecuci\u00f3n<\/a><\/li>\n<li><a href=\"https:\/\/www.andbank.com\/luxembourg\/wp-content\/uploads\/sites\/24\/2025\/09\/LUX-POL-004-Conflicts-of-Interest-Policy_v8.2.pdf\">Pol\u00edtica sobre conflictos de intereses<\/a><\/li>\n<li><a href=\"https:\/\/www.andbank.com\/luxembourg\/wp-content\/uploads\/sites\/24\/2017\/04\/POLICY-SAFEGUARDING-FIN-INSTRUMENTS-AND-FUNDS-word-website.pdf\" target=\"_blank\" rel=\"noopener\">Pol\u00edtica que rige la protecci\u00f3n de los activos y los instrumentos financieros de los clientes<\/a><\/li>\n<li><a href=\"https:\/\/www.andbank.com\/luxembourg\/wp-content\/uploads\/sites\/24\/2017\/04\/Overview-of-the-Main-Characteristics-and-risks.pdf\" target=\"_blank\" rel=\"noopener\">Gu\u00eda de los inversores<\/a><\/li>\n<li><a href=\"https:\/\/www.andbank.com\/luxembourg\/wp-content\/uploads\/sites\/24\/2025\/09\/LUX-POL-011-Inducements-Policy-v2.6.pdf\" target=\"_blank\" rel=\"noopener\">Pol\u00edtica de incentivos<\/a><\/li>\n<li><a href=\"https:\/\/www.andbank.com\/luxembourg\/wp-content\/uploads\/sites\/24\/2025\/10\/Top-5-Venues-2024.pdf\" target=\"_blank\" rel=\"noopener\">Top 5 Execution Venues<\/a><\/li>\n<\/ul>\n<p>&nbsp;<\/p>\n<h2>US Patriot Act Certificate<\/h2>\n<ul>\n<li><a href=\"https:\/\/www.andbank.com\/luxembourg\/wp-content\/uploads\/sites\/24\/2025\/09\/2025-09-19-Modelo-USA-Patriot-Act.pdf\" target=\"_blank\" rel=\"noopener\">Acceder al USA PATRIOT ACT CERTIFICATE<\/a><\/li>\n<\/ul>\n<p>&nbsp;<\/p>\n<h2>Reclamaciones<\/h2>\n<ul>\n<li><a href=\"https:\/\/www.andbank.com\/luxembourg\/wp-content\/uploads\/sites\/24\/2024\/03\/LUX-POL-051-Complaint-Handling-Policy-Website-version.pdf\" target=\"_blank\" rel=\"noopener\">C\u00f3mo tramitar una reclamaci\u00f3n<\/a><\/li>\n<\/ul>\n<p>&nbsp;<\/p>\n<h2>Condiciones generales<\/h2>\n<ul>\n<li><a href=\"https:\/\/www.andbank.com\/luxembourg\/wp-content\/uploads\/sites\/24\/2026\/02\/GTC-ANDBANK-_-EN-V11-13-02-2026.pdf\" target=\"_blank\" rel=\"noopener\">Informaci\u00f3n sobre t\u00e9rminos y condiciones generales<\/a><\/li>\n<\/ul>\n<p>&nbsp;<\/p>\n<h2>Protecci\u00f3n de los dep\u00f3sitos<\/h2>\n<ul>\n<li><a href=\"https:\/\/www.andbank.com\/lxb\/wp-content\/uploads\/sites\/24\/2018\/01\/information-about-the-protection-of-deposit.pdf\" target=\"_blank\" rel=\"noopener\">Informaci\u00f3n sobre la protecci\u00f3n de los dep\u00f3sitos <\/a><\/li>\n<li><a href=\"https:\/\/www.andbank.com\/luxembourg\/wp-content\/uploads\/sites\/24\/2025\/08\/SIIL-Notice-v0106082025-ENG.pdf\" target=\"_blank\" rel=\"noopener\">Informaci\u00f3n sobre la protecci\u00f3n del inversor <\/a><\/li>\n<\/ul>\n<p>&nbsp;<\/p>\n<h2>Pilar III<\/h2>\n<ul>\n<li><a href=\"https:\/\/www.andbank.com\/luxembourg\/wp-content\/uploads\/sites\/24\/2025\/10\/Andbank-Luxembourg-S.A.-Pillar-III-2024.pdf\" target=\"_blank\" rel=\"noopener\">Pillar III Disclosure<\/a><\/li>\n<\/ul>\n<p>&nbsp;<\/p>\n<h2>Personal Data Protection Notices<\/h2>\n<ul>\n<li><a href=\"https:\/\/www.andbank.com\/luxembourg\/wp-content\/uploads\/sites\/24\/2025\/06\/Video-Surveillance-Notice-v319052025-1.pdf\" target=\"_blank\" rel=\"noopener\">Vid\u00e9o vigilancia<\/a><\/li>\n<li><a href=\"https:\/\/www.andbank.com\/luxembourg\/wp-content\/uploads\/sites\/24\/2026\/03\/Client-Notice-v613022026.pdf\" target=\"_blank\" rel=\"noopener\">Client Notice<\/a><\/li>\n<li><a href=\"https:\/\/www.andbank.com\/luxembourg\/wp-content\/uploads\/sites\/24\/2024\/09\/Service-Provider-Notice-v131072024.pdf\" target=\"_blank\" rel=\"noopener\">Service Provider Notice<\/a><\/li>\n<li><a href=\"https:\/\/www.andbank.com\/luxembourg\/wp-content\/uploads\/sites\/24\/2024\/09\/Candidate-Notice-v231072024.pdf\" target=\"_blank\" rel=\"noopener\">Candidate Notice<\/a><\/li>\n<\/ul>\n<p>&nbsp;<\/p>\n<h2>Tarifas aplicables Banca Privada<\/h2>\n<ul>\n<li><a href=\"https:\/\/www.andbank.com\/andorra\/wp-content\/uploads\/sites\/10\/2025\/07\/andbank_tarifes_2025_LUX_ESP-1.pdf\" target=\"_blank\" rel=\"noopener\">Tarifas aplicables Banca Privada<\/a><\/li>\n<\/ul>\n<p>&nbsp;<\/p>\n<h2>Canal de Denuncias<\/h2>\n<ul>\n<li><a href=\"https:\/\/www.andbank.com\/luxembourg\/es\/canal-de-denuncias\/\">Canal de Denuncias<\/a><\/li>\n<\/ul>\n<p>&nbsp;<\/p>\n<h2>Politicas de gobernanza y remuneraci\u00f3n<\/h2>\n<ul>\n<li><a href=\"https:\/\/www.andbank.com\/luxembourg\/wp-content\/uploads\/sites\/24\/2025\/10\/LUX-POL-006-Remuneration-policy_v12.5-1.pdf\" target=\"_blank\" rel=\"noopener\">Pol\u00edtica de remuneraciones<\/a><\/li>\n<\/ul>\n<p>&nbsp;<\/p>\n","protected":false},"excerpt":{"rendered":"<p>MIFID Solicitud de cambio de categor\u00eda MiFID Pol\u00edtica de mejor ejecuci\u00f3n Pol\u00edtica sobre conflictos de intereses Pol\u00edtica que rige la protecci\u00f3n de los activos y los instrumentos financieros de los clientes Gu\u00eda de los inversores Pol\u00edtica de incentivos Top 5 Execution Venues &nbsp; US Patriot Act Certificate Acceder al USA PATRIOT ACT CERTIFICATE &nbsp; Reclamaciones [&hellip;]<\/p>\n","protected":false},"author":18,"featured_media":2338,"parent":0,"menu_order":1,"comment_status":"closed","ping_status":"closed","template":"","meta":{"_acf_changed":false,"footnotes":""},"yst_prominent_words":[2056,2054,2047,1208,1453,829,1589,91,1211,1584,1588,773,2055,2053,2052],"class_list":["post-3458","page","type-page","status-publish","has-post-thumbnail","hentry"],"acf":[],"_links":{"self":[{"href":"https:\/\/www.andbank.com\/luxembourg\/es\/wp-json\/wp\/v2\/pages\/3458"}],"collection":[{"href":"https:\/\/www.andbank.com\/luxembourg\/es\/wp-json\/wp\/v2\/pages"}],"about":[{"href":"https:\/\/www.andbank.com\/luxembourg\/es\/wp-json\/wp\/v2\/types\/page"}],"author":[{"embeddable":true,"href":"https:\/\/www.andbank.com\/luxembourg\/es\/wp-json\/wp\/v2\/users\/18"}],"replies":[{"embeddable":true,"href":"https:\/\/www.andbank.com\/luxembourg\/es\/wp-json\/wp\/v2\/comments?post=3458"}],"version-history":[{"count":54,"href":"https:\/\/www.andbank.com\/luxembourg\/es\/wp-json\/wp\/v2\/pages\/3458\/revisions"}],"predecessor-version":[{"id":16229,"href":"https:\/\/www.andbank.com\/luxembourg\/es\/wp-json\/wp\/v2\/pages\/3458\/revisions\/16229"}],"wp:featuredmedia":[{"embeddable":true,"href":"https:\/\/www.andbank.com\/luxembourg\/es\/wp-json\/wp\/v2\/media\/2338"}],"wp:attachment":[{"href":"https:\/\/www.andbank.com\/luxembourg\/es\/wp-json\/wp\/v2\/media?parent=3458"}],"wp:term":[{"taxonomy":"yst_prominent_words","embeddable":true,"href":"https:\/\/www.andbank.com\/luxembourg\/es\/wp-json\/wp\/v2\/yst_prominent_words?post=3458"}],"curies":[{"name":"wp","href":"https:\/\/api.w.org\/{rel}","templated":true}]}}