{"id":3481,"date":"2017-04-18T16:37:03","date_gmt":"2017-04-18T14:37:03","guid":{"rendered":"https:\/\/www.andbank.com\/lxb\/gestion-dactifs\/qui-sommes-nous\/"},"modified":"2021-08-10T10:58:22","modified_gmt":"2021-08-10T08:58:22","slug":"qui-sommes-nous","status":"publish","type":"page","link":"https:\/\/www.andbank.com\/luxembourg\/es\/gestion-dactifs\/qui-sommes-nous\/","title":{"rendered":"Sobre nosotros"},"content":{"rendered":"<p>Andbank Asset Management Luxembourg pone su experiencia a disposici\u00f3n de los inversores institucionales y privados, con el fin de aconsejarles sobre la mejor estructura de los fondos de inversi\u00f3n a adoptar, acompa\u00f1arles en la constituci\u00f3n del proyecto y seguir con ellos hasta el lanzamiento y durante el seguimiento de la vida del fondo:<\/p>\n<ul>\n<li>La conservaci\u00f3n de todos los documentos jur\u00eddicos<\/li>\n<li>El tratamiento de las comunicaciones relacionadas con el fondo<\/li>\n<li>El servicio de secretar\u00eda para la celebraci\u00f3n de las reuniones del Consejo de Administraci\u00f3n y de la Junta General<\/li>\n<li>El env\u00edo y la publicaci\u00f3n de los avisos legales del fondo<\/li>\n<li>La ejecuci\u00f3n de \u00f3rdenes<\/li>\n<li>El estudio y la implementaci\u00f3n de las normas relativas a las pol\u00edticas de inversi\u00f3n<\/li>\n<li>La aprobaci\u00f3n de \u00f3rdenes<\/li>\n<\/ul>\n<p>Adem\u00e1s, la sociedad de gesti\u00f3n propone a los asesores financieros independientes una herramienta eficiente, flexible y asegurada que les permite seguir y gestionar a distancia y, en tiempo real, sus fondos de inversi\u00f3n. La herramienta, basada en el principio \u00abplug\u00a0&amp;\u00a0play\u00bb brinda a cada gestor la oportunidad de controlar las \u00f3rdenes efectuadas y verificar los posibles excesos (activos o pasivos).<\/p>\n<p>Buscamos establecer una relaci\u00f3n a largo plazo. Este esfuerzo lo dedicamos a nuestros mejores gestores y a nuestros sistemas de control y gesti\u00f3n m\u00e1s sofisticados.<\/p>\n<p>Los miembros del equipo de Gesti\u00f3n de Activos de Andbank son su instrumento inversor; su dedicaci\u00f3n, experiencia y satisfacci\u00f3n son su carta de presentaci\u00f3n.<\/p>\n<p>Con centros de inversi\u00f3n e inversores expertos presentes en los 2 continentes, ofrecemos una gesti\u00f3n de activos global basada en los conocimientos locales de cada mercado.<\/p>\n","protected":false},"excerpt":{"rendered":"<p>Andbank Asset Management es una sociedad gestora de fondos de inversi\u00f3n comprometida con el servicio de personas, empresas e instituciones.<\/p>\n","protected":false},"author":1,"featured_media":2243,"parent":3332,"menu_order":31,"comment_status":"closed","ping_status":"closed","template":"template-detail.php","meta":{"_acf_changed":false,"footnotes":""},"yst_prominent_words":[1028,19,831,2138,1186,14,1030,1029,1534,28,1301,29,25,1539,1490,724,2051],"class_list":["post-3481","page","type-page","status-publish","has-post-thumbnail","hentry"],"acf":[],"_links":{"self":[{"href":"https:\/\/www.andbank.com\/luxembourg\/es\/wp-json\/wp\/v2\/pages\/3481"}],"collection":[{"href":"https:\/\/www.andbank.com\/luxembourg\/es\/wp-json\/wp\/v2\/pages"}],"about":[{"href":"https:\/\/www.andbank.com\/luxembourg\/es\/wp-json\/wp\/v2\/types\/page"}],"author":[{"embeddable":true,"href":"https:\/\/www.andbank.com\/luxembourg\/es\/wp-json\/wp\/v2\/users\/1"}],"replies":[{"embeddable":true,"href":"https:\/\/www.andbank.com\/luxembourg\/es\/wp-json\/wp\/v2\/comments?post=3481"}],"version-history":[{"count":0,"href":"https:\/\/www.andbank.com\/luxembourg\/es\/wp-json\/wp\/v2\/pages\/3481\/revisions"}],"up":[{"embeddable":true,"href":"https:\/\/www.andbank.com\/luxembourg\/es\/wp-json\/wp\/v2\/pages\/3332"}],"wp:featuredmedia":[{"embeddable":true,"href":"https:\/\/www.andbank.com\/luxembourg\/es\/wp-json\/wp\/v2\/media\/2243"}],"wp:attachment":[{"href":"https:\/\/www.andbank.com\/luxembourg\/es\/wp-json\/wp\/v2\/media?parent=3481"}],"wp:term":[{"taxonomy":"yst_prominent_words","embeddable":true,"href":"https:\/\/www.andbank.com\/luxembourg\/es\/wp-json\/wp\/v2\/yst_prominent_words?post=3481"}],"curies":[{"name":"wp","href":"https:\/\/api.w.org\/{rel}","templated":true}]}}