{"id":3495,"date":"2017-04-03T13:31:46","date_gmt":"2017-04-03T11:31:46","guid":{"rendered":"https:\/\/www.andbank.com\/lxb\/cadre-reglementaire\/politique-du-cookies\/"},"modified":"2019-05-28T17:43:31","modified_gmt":"2019-05-28T15:43:31","slug":"politique-du-cookies","status":"publish","type":"page","link":"https:\/\/www.andbank.com\/luxembourg\/es\/cadre-reglementaire\/politique-du-cookies\/","title":{"rendered":"Pol\u00edtica de cookies"},"content":{"rendered":"<h2>POL\u00cdTICA DE COOKIES<\/h2>\n<p>Andbank presta mucha atenci\u00f3n a sus expectativas y quiere contar con su confianza. Por esta raz\u00f3n, deseamos ofrecerle una informaci\u00f3n clara sobre nuestra pol\u00edtica de env\u00edo de cookies desde este sitio web a su ordenador, en lo que se refiere a sus datos personales.<\/p>\n<p>&nbsp;<\/p>\n<h2>\u00bfQu\u00e9 son las cookies?<\/h2>\n<p>Las cookies son peque\u00f1os archivos de texto, im\u00e1genes o software que se colocan y almacenan en el disco duro de su ordenador, tableta, tel\u00e9fono inteligente u otros dispositivos habilitados para internet (\u00abordenador\u00bb) cuando visita un sitio web. Son muy \u00fatiles porque permiten que un sitio web le reconozca a usted y a sus movimientos de p\u00e1gina en p\u00e1gina y, por lo tanto, prestan un servicio adicional para mejorar su experiencia de usuario. Esto se refiere a mejorar su comodidad de navegaci\u00f3n, proporcionar una conexi\u00f3n segura y adaptar el contenido de la p\u00e1gina a sus intereses.<\/p>\n<p>&nbsp;<\/p>\n<h2> \u00bfCu\u00e1l es su finalidad?<\/h2>\n<p>Las cookies permiten a los sitios web \u00abreconocer\u00bb su dispositivo, informar de que est\u00e1 viendo una p\u00e1gina determinada y personalizar la informaci\u00f3n que esta le muestra. Cuando usted visita nuestro sitio web, por ejemplo, se adaptan la informaci\u00f3n y los servicios ofrecidos a sus intereses, para proporcionarle una mejor experiencia y obtener informaci\u00f3n anal\u00edtica sobre la navegaci\u00f3n.<\/p>\n<p>&nbsp;<\/p>\n<h2>\u00bfQu\u00e9 tipos de cookies existen?<\/h2>\n<p>Una cookie puede ser clasificada por su finalidad, vida \u00fatil y el dominio al que pertenece. Las cookies pueden servir para diferentes finalidades, tales como:<\/p>\n<ul>\n<li>Cookies que permiten el buen funcionamiento de un sitio web o de una aplicaci\u00f3n.<\/li>\n<li>Cookies que permiten guardar determinadas preferencias o historiales para que pueda navegar f\u00e1cilmente por el sitio web sin tener que volver a introducir dicha informaci\u00f3n en una futura visita (al recordar el idioma elegido, los nombres de usuario, las contrase\u00f1as, etc.).\n<\/li>\n<li>Cookies que pueden analizar su comportamiento en el sitio web para comprender mejor sus necesidades, adaptar nuestro sitio web en consecuencia y proporcionarle una mejor experiencia de usuario (qu\u00e9 p\u00e1ginas ha consultado y durante cu\u00e1nto tiempo, n\u00famero de visitas del sitio web, desde qu\u00e9 lugar, etc.).\n<\/li>\n<p>&nbsp;<br \/>\n<strong>Seg\u00fan su vida \u00fatil, una cookie puede ser:<\/strong><\/p>\n<li><strong>Una cookie de sesi\u00f3n: <\/strong>que se borra cuando el usuario cierra el navegador; o bien<\/li>\n<li><strong>Una cookie permanente:\u00a0<\/strong>que se mantiene en el ordenador\/dispositivo del usuario durante un per\u00edodo de tiempo predefinido.\u2028En cuanto al dominio al que pertenece, existen:<\/li>\n<li><strong>Cookies propias:\u00a0<\/strong>que se establecen desde el servidor web de la p\u00e1gina visitada y que comparten el mismo dominio.<\/li>\n<li><strong>Cookies de terceros:\u00a0<\/strong>almacenadas por un dominio diferente del dominio de la p\u00e1gina visitada.<\/li>\n<\/ul>\n<p>&nbsp;<\/p>\n<h2>\u00bfQu\u00e9 tipo de cookies utiliza este sitio web?<\/h2>\n<p>Utilizamos cookies para personalizar la experiencia de nuestros clientes en nuestros sitios web. Nos indican qu\u00e9 p\u00e1ginas son las m\u00e1s visitadas, nos ayudan a medir la efectividad de la publicidad y las b\u00fasquedas en la web, y nos dan una idea de c\u00f3mo interact\u00faan los usuarios con nuestros sitios web.<\/p>\n<p>El sitio web de Andbank utiliza cookies para:<\/p>\n<ul>\n<li><strong>Asegurarse de que los sitios web funcionan correctamente.<\/strong><\/li>\n<li><strong>Almacenar\u00a0referencias, como el idioma seleccionado.<\/strong><\/li>\n<li><strong>Conocer su experiencia de navegaci\u00f3n.<\/strong><\/li>\n<li><strong>Recopilar informaci\u00f3n estad\u00edstica an\u00f3nima, como por ejemplo qu\u00e9 p\u00e1ginas han sido visitadas o cu\u00e1nto tiempo ha durado la navegaci\u00f3n en nuestro sitio web.<\/strong><\/li>\n<\/ul>\n<p>&nbsp;<\/p>\n<h2>Uso de cookies por parte de Andbank<\/h2>\n<p>Al visitar nuestro sitio web, recopilamos informaci\u00f3n est\u00e1ndar de internet, as\u00ed como detalles sobre los patrones de comportamiento de los visitantes. Esta informaci\u00f3n no contiene ning\u00fan dato personal y no est\u00e1 asociada a ninguna otra informaci\u00f3n que permita la identificaci\u00f3n del usuario. En\u00a0el\u00a0caso de que se necesiten datos personales, se le solicitar\u00e1n expl\u00edcitamente.<\/p>\n<p>&nbsp;<\/p>\n<h2>Control y administraci\u00f3n de cookies<\/h2>\n<p>Para permitir, conocer, bloquear o eliminar las cookies instaladas en su dispositivo, puede hacerlo a trav\u00e9s de la configuraci\u00f3n de opciones del navegador instalado en su ordenador. A continuaci\u00f3n, podr\u00e1 encontrar los enlaces de los principales navegadores y dispositivos con el fin de disponer de toda la informaci\u00f3n necesaria para consultar c\u00f3mo gestionar sus cookies en su navegador:<\/p>\n<ul>\n<li><strong>Firefox: <\/strong><a href=\"http:\/\/support.mozilla.org\/en-US\" target=\"_blank\" rel=\"noopener\">http:\/\/support.mozilla.org\/en-US<\/a><\/li>\n<li><strong>Internet Explorer: <\/strong><a href=\"http:\/\/support.microsoft.com\/en-gb\" target=\"_blank\" rel=\"noopener\">http:\/\/support.microsoft.com\/en-gb<\/a><\/li>\n<li><strong>Safari: <\/strong><a href=\"http:\/\/support.apple.com\/en-gb\/HT201265\" target=\"_blank\" rel=\"noopener\">http:\/\/support.apple.com\/en-gb\/HT201265<\/a><\/li>\n<li><strong>Opera: <\/strong><a>http:\/\/help.opera.com\/en\/latest\/web-preferences\/#cookies <\/a><\/li>\n<li><strong>Google Chrome: <\/strong><a href=\"https:\/\/support.google.com\/chrome\/answer\/95647?hl=en-GB\" target=\"_blank\" rel=\"noopener\">https:\/\/support.google.com\/chrome\/answer\/95647?hl=en-GB<\/a><\/li>\n<\/ul>\n<p>&nbsp;<\/p>\n<h2>C\u00f3mo desactivar las cookies<\/h2>\n<p>Los navegadores son las herramientas encargadas de almacenar las cookies y desde all\u00ed podr\u00e1 ejercer su derecho a eliminarlas o desactivarlas. El tratamiento correcto o incorrecto de las cookies por parte de los citados navegadores no puede garantizarse por este sitio web ni por sus representantes legales.<\/p>\n<p>Cualquier usuario puede configurar su navegador para que bloquee autom\u00e1ticamente las cookies. Es posible borrar las cookies almacenadas en el navegador o impedir que se almacenen otras nuevas. La informaci\u00f3n espec\u00edfica de cada navegador se encuentra en la secci\u00f3n \u00abAyuda\u00bb de dicho navegador. Los art\u00edculos informativos se pueden buscar escribiendo consultas como: \u00abC\u00f3mo desactivar las cookies en el navegador\u00bb<\/p>\n<p>&nbsp;<\/p>\n<h2>\u00bfNo quiere que se utilicen cookies?<\/h2>\n<p>Si prefiere que Andbank o nuestros socios no introduzcan (ciertas) cookies en su dispositivo, puede indicarlo cuando utilice por primera vez nuestro sitio web.\u2028Tenga en cuenta que al desactivar (ciertas) cookies, es posible que ciertas partes del sitio web no funcionen (completamente) y que no tenga acceso a todas las funcionalidades. Al seguir navegando por nuestro sitio web, acepta que guardemos cookies en su dispositivo.<\/p>\n<p>&nbsp;<\/p>\n<h2>Actualizaci\u00f3n de la pol\u00edtica de cookies<\/h2>\n<p>La pol\u00edtica de cookies de nuestro sitio web puede que se actualice; por lo tanto, le recomendamos que revise esta pol\u00edtica cada vez que acceda al mismo para informarse adecuadamente sobre el modo y el prop\u00f3sito del uso de las cookies.<\/p>\n<p>&nbsp;<\/p>\n<h2>Protecci\u00f3n de datos<\/h2>\n<p>Todos sus datos personales se procesan de acuerdo con la legislaci\u00f3n aplicable y el aviso de protecci\u00f3n de datos que est\u00e1 disponible en nuestro sitio web. Tiene varias opciones, dependiendo del tipo de navegador que est\u00e9 utilizando. Puede aceptar o bloquear todas las cookies o las que provienen de una fuente en particular.<br \/>\nAdem\u00e1s, puede programar el navegador para que muestre un mensaje en el que se le pida que autorice o bloquee una cookie que est\u00e1 a punto de instalarse en su ordenador. Para realizar o modificar una elecci\u00f3n, consulte el men\u00fa Ayuda o la secci\u00f3n correspondiente de su navegador.<\/p>\n<p>&nbsp;<\/p>\n<h2>Contacto<\/h2>\n<p><strong>Por \u00faltimo, si tiene alg\u00fan problema con el uso de cookies en este sitio web, podr\u00e1 ponerse en contacto con nosotros a trav\u00e9s de la siguiente direcci\u00f3n: [dpo@andbank.lu]<\/strong><\/p>\n<p>&nbsp;<\/p>\n<h2>Informaci\u00f3n del sitio web<\/h2>\n<p><a href=\"https:\/\/www.andbank.com\/luxembourg\/es\/cadre-reglementaire\/politique-du-cookies\/\" target=\"_blank\" rel=\"noopener\">(https:\/\/www.andbank.com\/luxembourg\/es\/cadre-reglementaire\/politique-du-cookies\/)<\/a><\/p>\n<p>Debe obtenerse el consentimiento informado del usuario para el uso de cookies cualquiera que sea su p\u00e1gina de destino.\u2028<br \/>\nNuestro sitio web utiliza cookies propias y de terceros, para el correcto funcionamiento de nuestro sitio web, con el fin de elaborar datos estad\u00edsticos y analizar sus h\u00e1bitos de navegaci\u00f3n. Al hacer clic en \u00abAceptar\u00bb, usted acepta su uso. Puede aceptar o rechazar la instalaci\u00f3n de cookies haciendo clic en \u00abM\u00e1s informaci\u00f3n\u00bb.<\/p>\n","protected":false},"excerpt":{"rendered":"<p>POL\u00cdTICA DE COOKIES Andbank presta mucha atenci\u00f3n a sus expectativas y quiere contar con su confianza. Por esta raz\u00f3n, deseamos ofrecerle una informaci\u00f3n clara sobre nuestra pol\u00edtica de env\u00edo de cookies desde este sitio web a su ordenador, en lo que se refiere a sus datos personales. &nbsp; \u00bfQu\u00e9 son las cookies? Las cookies son [&hellip;]<\/p>\n","protected":false},"author":1,"featured_media":2338,"parent":3323,"menu_order":8,"comment_status":"closed","ping_status":"closed","template":"template-info-detail.php","meta":{"_acf_changed":false,"footnotes":""},"yst_prominent_words":[1732,96,1740,827,1726,1741,1730,1539,1357,1735,1361,102,1723,115,78,724,1738,1727,1742,1199],"class_list":["post-3495","page","type-page","status-publish","has-post-thumbnail","hentry"],"acf":[],"_links":{"self":[{"href":"https:\/\/www.andbank.com\/luxembourg\/es\/wp-json\/wp\/v2\/pages\/3495"}],"collection":[{"href":"https:\/\/www.andbank.com\/luxembourg\/es\/wp-json\/wp\/v2\/pages"}],"about":[{"href":"https:\/\/www.andbank.com\/luxembourg\/es\/wp-json\/wp\/v2\/types\/page"}],"author":[{"embeddable":true,"href":"https:\/\/www.andbank.com\/luxembourg\/es\/wp-json\/wp\/v2\/users\/1"}],"replies":[{"embeddable":true,"href":"https:\/\/www.andbank.com\/luxembourg\/es\/wp-json\/wp\/v2\/comments?post=3495"}],"version-history":[{"count":0,"href":"https:\/\/www.andbank.com\/luxembourg\/es\/wp-json\/wp\/v2\/pages\/3495\/revisions"}],"up":[{"embeddable":true,"href":"https:\/\/www.andbank.com\/luxembourg\/es\/wp-json\/wp\/v2\/pages\/3323"}],"wp:featuredmedia":[{"embeddable":true,"href":"https:\/\/www.andbank.com\/luxembourg\/es\/wp-json\/wp\/v2\/media\/2338"}],"wp:attachment":[{"href":"https:\/\/www.andbank.com\/luxembourg\/es\/wp-json\/wp\/v2\/media?parent=3495"}],"wp:term":[{"taxonomy":"yst_prominent_words","embeddable":true,"href":"https:\/\/www.andbank.com\/luxembourg\/es\/wp-json\/wp\/v2\/yst_prominent_words?post=3495"}],"curies":[{"name":"wp","href":"https:\/\/api.w.org\/{rel}","templated":true}]}}