{"id":3355,"date":"2017-04-04T13:20:11","date_gmt":"2017-04-04T11:20:11","guid":{"rendered":"https:\/\/www.andbank.com\/lxb\/banque-privee\/services-investissement\/"},"modified":"2018-04-25T16:22:28","modified_gmt":"2018-04-25T14:22:28","slug":"services-investissement","status":"publish","type":"page","link":"https:\/\/www.andbank.com\/luxembourg\/pt-br\/banque-privee\/services-investissement\/","title":{"rendered":"Servi\u00e7os de investimento"},"content":{"rendered":"<p>Oferecemos uma gama completa de servi\u00e7os de investimento adaptados \u00e0s necessidades espec\u00edficas de nossos clientes. Nossos servi\u00e7os n\u00e3o s\u00e3o mutuamente excludentes. Isso significa que nossos clientes podem projetar sua estrutura de contas combinando diversos servi\u00e7os e perfis para que cada conta corresponda aos seus objetivos financeiros.<\/p>\n<p><img loading=\"lazy\" decoding=\"async\" class=\"alignnone wp-image-2956\" src=\"https:\/\/www.andbank.com\/lxb\/wp-content\/uploads\/sites\/24\/2017\/04\/Services-dinvestissement-1.png\" alt=\"\" width=\"748\" height=\"488\" srcset=\"https:\/\/www.andbank.com\/luxembourg\/wp-content\/uploads\/sites\/24\/2017\/04\/Services-dinvestissement-1.png 1430w, https:\/\/www.andbank.com\/luxembourg\/wp-content\/uploads\/sites\/24\/2017\/04\/Services-dinvestissement-1-768x501.png 768w\" sizes=\"(max-width: 748px) 100vw, 748px\" \/><\/p>\n<p>Nossa gama de produtos financeiros pass\u00edveis de investimento \u00e9 baseada em uma pol\u00edtica de arquitetura aberta. Nossos clientes t\u00eam acesso a uma ampla gama de produtos financeiros com diversos perfis de risco e retorno e podem se beneficiar das vantagens da diversifica\u00e7\u00e3o de combinar distintas categorias de ativos para atingir seus objetivos de rendimento e risco.<\/p>\n<ul>\n<li>A\u00e7\u00f5es<\/li>\n<li>Renda fixa<\/li>\n<li>Fundos de investimento<\/li>\n<li>Derivativos<\/li>\n<li>Produtos estruturados<\/li>\n<li>Mercado de C\u00e2mbio<\/li>\n<li>Dep\u00f3sitos a prazo<\/li>\n<\/ul>\n","protected":false},"excerpt":{"rendered":"<p>Oferecemos uma gama completa de servi\u00e7os de investimento adaptados \u00e0s necessidades espec\u00edficas de nossos clientes. Nossos servi\u00e7os n\u00e3o s\u00e3o mutuamente excludentes.<\/p>\n","protected":false},"author":1,"featured_media":3357,"parent":3345,"menu_order":61,"comment_status":"closed","ping_status":"closed","template":"template-distributor.php","meta":{"_acf_changed":false,"footnotes":""},"yst_prominent_words":[230,229,139,222,235,186,225,226,236,224,231,228,232,223,227,234,140,233],"class_list":["post-3355","page","type-page","status-publish","has-post-thumbnail","hentry"],"acf":[],"_links":{"self":[{"href":"https:\/\/www.andbank.com\/luxembourg\/pt-br\/wp-json\/wp\/v2\/pages\/3355"}],"collection":[{"href":"https:\/\/www.andbank.com\/luxembourg\/pt-br\/wp-json\/wp\/v2\/pages"}],"about":[{"href":"https:\/\/www.andbank.com\/luxembourg\/pt-br\/wp-json\/wp\/v2\/types\/page"}],"author":[{"embeddable":true,"href":"https:\/\/www.andbank.com\/luxembourg\/pt-br\/wp-json\/wp\/v2\/users\/1"}],"replies":[{"embeddable":true,"href":"https:\/\/www.andbank.com\/luxembourg\/pt-br\/wp-json\/wp\/v2\/comments?post=3355"}],"version-history":[{"count":0,"href":"https:\/\/www.andbank.com\/luxembourg\/pt-br\/wp-json\/wp\/v2\/pages\/3355\/revisions"}],"up":[{"embeddable":true,"href":"https:\/\/www.andbank.com\/luxembourg\/pt-br\/wp-json\/wp\/v2\/pages\/3345"}],"wp:featuredmedia":[{"embeddable":true,"href":"https:\/\/www.andbank.com\/luxembourg\/pt-br\/wp-json\/wp\/v2\/media\/3357"}],"wp:attachment":[{"href":"https:\/\/www.andbank.com\/luxembourg\/pt-br\/wp-json\/wp\/v2\/media?parent=3355"}],"wp:term":[{"taxonomy":"yst_prominent_words","embeddable":true,"href":"https:\/\/www.andbank.com\/luxembourg\/pt-br\/wp-json\/wp\/v2\/yst_prominent_words?post=3355"}],"curies":[{"name":"wp","href":"https:\/\/api.w.org\/{rel}","templated":true}]}}