{"id":3361,"date":"2018-01-17T12:16:24","date_gmt":"2018-01-17T10:16:24","guid":{"rendered":"https:\/\/www.andbank.com\/lxb\/qui-sommes-nous\/andbank-dans-le-monde\/"},"modified":"2021-09-14T16:36:39","modified_gmt":"2021-09-14T14:36:39","slug":"andbank-dans-le-monde","status":"publish","type":"page","link":"https:\/\/www.andbank.com\/luxembourg\/pt-br\/qui-sommes-nous\/andbank-dans-le-monde\/","title":{"rendered":"O Andbank no mundo"},"content":{"rendered":"","protected":false},"excerpt":{"rendered":"<p>O Andbank est\u00e1 presente em 11 pa\u00edses, onde oferece servi\u00e7os especializados na gest\u00e3o de grandes patrim\u00f4nios<\/p>\n","protected":false},"author":13,"featured_media":13226,"parent":3325,"menu_order":5,"comment_status":"closed","ping_status":"closed","template":"template-offices.php","meta":{"_acf_changed":false,"footnotes":""},"yst_prominent_words":[],"class_list":["post-3361","page","type-page","status-publish","has-post-thumbnail","hentry"],"acf":[],"_links":{"self":[{"href":"https:\/\/www.andbank.com\/luxembourg\/pt-br\/wp-json\/wp\/v2\/pages\/3361"}],"collection":[{"href":"https:\/\/www.andbank.com\/luxembourg\/pt-br\/wp-json\/wp\/v2\/pages"}],"about":[{"href":"https:\/\/www.andbank.com\/luxembourg\/pt-br\/wp-json\/wp\/v2\/types\/page"}],"author":[{"embeddable":true,"href":"https:\/\/www.andbank.com\/luxembourg\/pt-br\/wp-json\/wp\/v2\/users\/13"}],"replies":[{"embeddable":true,"href":"https:\/\/www.andbank.com\/luxembourg\/pt-br\/wp-json\/wp\/v2\/comments?post=3361"}],"version-history":[{"count":0,"href":"https:\/\/www.andbank.com\/luxembourg\/pt-br\/wp-json\/wp\/v2\/pages\/3361\/revisions"}],"up":[{"embeddable":true,"href":"https:\/\/www.andbank.com\/luxembourg\/pt-br\/wp-json\/wp\/v2\/pages\/3325"}],"wp:featuredmedia":[{"embeddable":true,"href":"https:\/\/www.andbank.com\/luxembourg\/pt-br\/wp-json\/wp\/v2\/media\/13226"}],"wp:attachment":[{"href":"https:\/\/www.andbank.com\/luxembourg\/pt-br\/wp-json\/wp\/v2\/media?parent=3361"}],"wp:term":[{"taxonomy":"yst_prominent_words","embeddable":true,"href":"https:\/\/www.andbank.com\/luxembourg\/pt-br\/wp-json\/wp\/v2\/yst_prominent_words?post=3361"}],"curies":[{"name":"wp","href":"https:\/\/api.w.org\/{rel}","templated":true}]}}