{"id":3389,"date":"2018-01-15T13:54:44","date_gmt":"2018-01-15T11:54:44","guid":{"rendered":"https:\/\/www.andbank.com\/lxb\/analyse-de-marches\/flash-notes\/"},"modified":"2025-11-04T19:21:19","modified_gmt":"2025-11-04T17:21:19","slug":"flash-notes","status":"publish","type":"page","link":"https:\/\/www.andbank.com\/luxembourg\/pt-br\/analyse-de-marches\/flash-notes\/","title":{"rendered":"Flash Notes"},"content":{"rendered":"<h2>Flash notes<\/h2>\n<p>Nosso economista-chefe, \u00c0lex Fust\u00e9, analisa a situa\u00e7\u00e3o global dos mercados financeiros e avalia as perspectivas da economia em Flash Notes, que n\u00f3s compartilhamos com os nossos clientes quando ocorre algo relevante para os mercados.<\/p>\n","protected":false},"excerpt":{"rendered":"<p>Nosso economista-chefe, \u00c0lex Fust\u00e9, analisa a situa\u00e7\u00e3o global dos mercados financeiros e avalia as perspectivas da economia em Flash Notes, que n\u00f3s compartilhamos com os nossos clientes quando ocorre algo relevante para os mercados.<\/p>\n","protected":false},"author":13,"featured_media":0,"parent":3339,"menu_order":6,"comment_status":"closed","ping_status":"closed","template":"template-market-blog.php","meta":{"_acf_changed":false,"footnotes":""},"yst_prominent_words":[406,405,1130,407,1692],"class_list":["post-3389","page","type-page","status-publish","hentry"],"acf":[],"_links":{"self":[{"href":"https:\/\/www.andbank.com\/luxembourg\/pt-br\/wp-json\/wp\/v2\/pages\/3389"}],"collection":[{"href":"https:\/\/www.andbank.com\/luxembourg\/pt-br\/wp-json\/wp\/v2\/pages"}],"about":[{"href":"https:\/\/www.andbank.com\/luxembourg\/pt-br\/wp-json\/wp\/v2\/types\/page"}],"author":[{"embeddable":true,"href":"https:\/\/www.andbank.com\/luxembourg\/pt-br\/wp-json\/wp\/v2\/users\/13"}],"replies":[{"embeddable":true,"href":"https:\/\/www.andbank.com\/luxembourg\/pt-br\/wp-json\/wp\/v2\/comments?post=3389"}],"version-history":[{"count":13,"href":"https:\/\/www.andbank.com\/luxembourg\/pt-br\/wp-json\/wp\/v2\/pages\/3389\/revisions"}],"predecessor-version":[{"id":15964,"href":"https:\/\/www.andbank.com\/luxembourg\/pt-br\/wp-json\/wp\/v2\/pages\/3389\/revisions\/15964"}],"up":[{"embeddable":true,"href":"https:\/\/www.andbank.com\/luxembourg\/pt-br\/wp-json\/wp\/v2\/pages\/3339"}],"wp:attachment":[{"href":"https:\/\/www.andbank.com\/luxembourg\/pt-br\/wp-json\/wp\/v2\/media?parent=3389"}],"wp:term":[{"taxonomy":"yst_prominent_words","embeddable":true,"href":"https:\/\/www.andbank.com\/luxembourg\/pt-br\/wp-json\/wp\/v2\/yst_prominent_words?post=3389"}],"curies":[{"name":"wp","href":"https:\/\/api.w.org\/{rel}","templated":true}]}}