{"id":3418,"date":"2017-07-13T13:04:59","date_gmt":"2017-07-13T11:04:59","guid":{"rendered":"https:\/\/www.andbank.com\/lxb\/banque-privee\/services-investissement\/gestion-de-patrimonie\/"},"modified":"2019-04-08T12:44:58","modified_gmt":"2019-04-08T10:44:58","slug":"gestion-de-patrimonie","status":"publish","type":"page","link":"https:\/\/www.andbank.com\/luxembourg\/pt-br\/banque-privee\/services-investissement\/gestion-de-patrimonie\/","title":{"rendered":"Gest\u00e3o de patrim\u00f4nios"},"content":{"rendered":"<h2>O que \u00e9 Consultoria de Investimentos?<\/h2>\n<p>\u00c9 a recomenda\u00e7\u00e3o <strong>personalizada<\/strong> de produtos financeiros.<\/p>\n<p>O prestador de servi\u00e7os prop\u00f5e ideias de investimento e o cliente toma a <strong>decis\u00e3o<\/strong> final de seguir ou n\u00e3o a recomenda\u00e7\u00e3o.<\/p>\n<p>&nbsp;<\/p>\n<h2>O que oferecemos?<\/h2>\n<p>Nossa abordagem para consultoria de investimento \u00e9 baseada em tr\u00eas camadas:<\/p>\n<ul>\n<li>Recomenda\u00e7\u00f5es que se ajustam ao perfil de risco, objetivos e conhecimento de nossos clientes.<\/li>\n<li>Baseado na vis\u00e3o estrat\u00e9gica da equipe de economistas especialistas do Grupo Andbank.<\/li>\n<li>Ativos selecionados por cada uma das nossas equipes especializadas na classe de ativos.<\/li>\n<li><strong>Contato<\/strong><span style=\"background-color: #ffffff\"> regular com seu private banker para acompanhar e avaliar sua carteira.<\/span><\/li>\n<li><strong>Acesso direto<\/strong><span style=\"background-color: #ffffff\"> \u00e0 nossa equipe de investimento.<\/span><\/li>\n<li><strong>Informa\u00e7\u00f5es<\/strong><span style=\"background-color: #ffffff\"> detalhadas e transparentes sobre as carteiras do cliente por meio do nosso servi\u00e7o on-line.<\/span><\/li>\n<\/ul>\n","protected":false},"excerpt":{"rendered":"<p>Somos um banco de fam\u00edlias, o que nos proporciona uma vantagem competitiva essencial, pois evidencia que compartilhamos os mesmos interesses dos nossos clientes.<\/p>\n","protected":false},"author":1,"featured_media":3420,"parent":3355,"menu_order":21,"comment_status":"closed","ping_status":"closed","template":"template-detail.php","meta":{"_acf_changed":false,"footnotes":""},"yst_prominent_words":[936,47,1494,803,289,1493,822,823,1385,819,1495],"class_list":["post-3418","page","type-page","status-publish","has-post-thumbnail","hentry"],"acf":[],"_links":{"self":[{"href":"https:\/\/www.andbank.com\/luxembourg\/pt-br\/wp-json\/wp\/v2\/pages\/3418"}],"collection":[{"href":"https:\/\/www.andbank.com\/luxembourg\/pt-br\/wp-json\/wp\/v2\/pages"}],"about":[{"href":"https:\/\/www.andbank.com\/luxembourg\/pt-br\/wp-json\/wp\/v2\/types\/page"}],"author":[{"embeddable":true,"href":"https:\/\/www.andbank.com\/luxembourg\/pt-br\/wp-json\/wp\/v2\/users\/1"}],"replies":[{"embeddable":true,"href":"https:\/\/www.andbank.com\/luxembourg\/pt-br\/wp-json\/wp\/v2\/comments?post=3418"}],"version-history":[{"count":0,"href":"https:\/\/www.andbank.com\/luxembourg\/pt-br\/wp-json\/wp\/v2\/pages\/3418\/revisions"}],"up":[{"embeddable":true,"href":"https:\/\/www.andbank.com\/luxembourg\/pt-br\/wp-json\/wp\/v2\/pages\/3355"}],"wp:featuredmedia":[{"embeddable":true,"href":"https:\/\/www.andbank.com\/luxembourg\/pt-br\/wp-json\/wp\/v2\/media\/3420"}],"wp:attachment":[{"href":"https:\/\/www.andbank.com\/luxembourg\/pt-br\/wp-json\/wp\/v2\/media?parent=3418"}],"wp:term":[{"taxonomy":"yst_prominent_words","embeddable":true,"href":"https:\/\/www.andbank.com\/luxembourg\/pt-br\/wp-json\/wp\/v2\/yst_prominent_words?post=3418"}],"curies":[{"name":"wp","href":"https:\/\/api.w.org\/{rel}","templated":true}]}}