{"id":3446,"date":"2017-05-09T18:30:19","date_gmt":"2017-05-09T16:30:19","guid":{"rendered":"https:\/\/www.andbank.com\/lxb\/banque-privee\/independent-financial-advisors\/"},"modified":"2018-04-25T16:22:26","modified_gmt":"2018-04-25T14:22:26","slug":"independent-financial-advisors","status":"publish","type":"page","link":"https:\/\/www.andbank.com\/luxembourg\/pt-br\/banque-privee\/independent-financial-advisors\/","title":{"rendered":"Independent Financial Advisors"},"content":{"rendered":"<h2>Dedica\u00e7\u00e3o e confidencialidade<\/h2>\n<p>Nossa equipe dedicada ao servi\u00e7o de gestores independentes conta com uma forma\u00e7\u00e3o ampla e uma s\u00f3lida trajet\u00f3ria profissional que nos permite articular um servi\u00e7o altamente competitivo.<\/p>\n<p>Valores como prud\u00eancia, discri\u00e7\u00e3o e excel\u00eancia s\u00e3o os alicerces sobre os quais nossa equipe baseia sua gest\u00e3o.<\/p>\n<p>Cada IFA tem um gerente de contas que pode satisfazer todas as suas necessidades e orient\u00e1-lo dentro do grupo.<\/p>\n<p>&nbsp;<\/p>\n<h2>Servi\u00e7os para gestores independentes<\/h2>\n<p>Recomenda\u00e7\u00f5es de investimento personalizadas para os consultores independentes que buscam diferenciar a gest\u00e3o de patrim\u00f4nio de seus clientes.<\/p>\n<p>Nossa estrat\u00e9gia de investimento est\u00e1 focada na preserva\u00e7\u00e3o do patrim\u00f4nio e na constante capta\u00e7\u00e3o das tend\u00eancias de maiores altas do mercado financeiro.<\/p>\n","protected":false},"excerpt":{"rendered":"<p>Nossa equipe dedicada ao servi\u00e7o de gestores independentes conta com uma forma\u00e7\u00e3o ampla e uma s\u00f3lida trajet\u00f3ria profissional que nos permite articular um servi\u00e7o altamente competitivo em qualquer jurisdi\u00e7\u00e3o.<\/p>\n","protected":false},"author":1,"featured_media":3448,"parent":3345,"menu_order":98,"comment_status":"closed","ping_status":"closed","template":"template-detail.php","meta":{"_acf_changed":false,"footnotes":""},"yst_prominent_words":[683,183,212,283,289,186,28,290,284,286,719,718,721,287,285,291,220,239,288,720],"class_list":["post-3446","page","type-page","status-publish","has-post-thumbnail","hentry"],"acf":[],"_links":{"self":[{"href":"https:\/\/www.andbank.com\/luxembourg\/pt-br\/wp-json\/wp\/v2\/pages\/3446"}],"collection":[{"href":"https:\/\/www.andbank.com\/luxembourg\/pt-br\/wp-json\/wp\/v2\/pages"}],"about":[{"href":"https:\/\/www.andbank.com\/luxembourg\/pt-br\/wp-json\/wp\/v2\/types\/page"}],"author":[{"embeddable":true,"href":"https:\/\/www.andbank.com\/luxembourg\/pt-br\/wp-json\/wp\/v2\/users\/1"}],"replies":[{"embeddable":true,"href":"https:\/\/www.andbank.com\/luxembourg\/pt-br\/wp-json\/wp\/v2\/comments?post=3446"}],"version-history":[{"count":0,"href":"https:\/\/www.andbank.com\/luxembourg\/pt-br\/wp-json\/wp\/v2\/pages\/3446\/revisions"}],"up":[{"embeddable":true,"href":"https:\/\/www.andbank.com\/luxembourg\/pt-br\/wp-json\/wp\/v2\/pages\/3345"}],"wp:featuredmedia":[{"embeddable":true,"href":"https:\/\/www.andbank.com\/luxembourg\/pt-br\/wp-json\/wp\/v2\/media\/3448"}],"wp:attachment":[{"href":"https:\/\/www.andbank.com\/luxembourg\/pt-br\/wp-json\/wp\/v2\/media?parent=3446"}],"wp:term":[{"taxonomy":"yst_prominent_words","embeddable":true,"href":"https:\/\/www.andbank.com\/luxembourg\/pt-br\/wp-json\/wp\/v2\/yst_prominent_words?post=3446"}],"curies":[{"name":"wp","href":"https:\/\/api.w.org\/{rel}","templated":true}]}}