{"id":3483,"date":"2017-04-18T16:37:03","date_gmt":"2017-04-18T14:37:03","guid":{"rendered":"https:\/\/www.andbank.com\/lxb\/gestion-dactifs\/qui-sommes-nous\/"},"modified":"2021-08-10T10:58:06","modified_gmt":"2021-08-10T08:58:06","slug":"qui-sommes-nous","status":"publish","type":"page","link":"https:\/\/www.andbank.com\/luxembourg\/pt-br\/gestion-dactifs\/qui-sommes-nous\/","title":{"rendered":"Sobre n\u00f3s"},"content":{"rendered":"<p>O ANDBANK Asset Management Luxembourg coloca sua experi\u00eancia \u00e0 disposi\u00e7\u00e3o dos investidores institucionais e privados, a fim de aconselh\u00e1-los sobre a melhor estrutura de fundos de investimento a ser adotada, acompanh\u00e1-los na constitui\u00e7\u00e3o do projeto e continuar com eles at\u00e9 o lan\u00e7amento e durante o acompanhamento da vida do fundo:<\/p>\n<ul>\n<li>A preserva\u00e7\u00e3o de todos os documentos jur\u00eddicos<\/li>\n<li>O tratamento das comunica\u00e7\u00f5es relacionadas com o fundo<\/li>\n<li>O servi\u00e7o de secretaria para a realiza\u00e7\u00e3o das reuni\u00f5es do Conselho de Administra\u00e7\u00e3o e da Assembleia Geral<\/li>\n<li>O envio e publica\u00e7\u00e3o dos avisos legais do fundo<\/li>\n<li>A execu\u00e7\u00e3o de ordens<\/li>\n<li>O estudo e implanta\u00e7\u00e3o das regras relativas \u00e0s pol\u00edticas de investimento<\/li>\n<li>A aprova\u00e7\u00e3o de ordens<\/li>\n<\/ul>\n<p>Al\u00e9m disso, a empresa de gest\u00e3o oferece aos consultores financeiros independentes uma ferramenta eficiente, flex\u00edvel e segura que lhes permite acompanhar e administrar seus fundos de investimento remotamente e em tempo real. A ferramenta, baseada no princ\u00edpio &#8220;plug &amp; play&#8221;, d\u00e1 a cada gerente a oportunidade de controlar as ordens feitas e verificar poss\u00edveis excessos (ativos ou passivos).<\/p>\n<p>Procuramos estabelecer um relacionamento de longo prazo. Dedicamos esse esfor\u00e7o aos nossos melhores gerentes e aos nossos sistemas de controle e gest\u00e3o mais sofisticados.<\/p>\n<p>Os membros da equipe de gest\u00e3o de ativos do Andbank s\u00e3o seu instrumento de investimento; sua dedica\u00e7\u00e3o, experi\u00eancia e satisfa\u00e7\u00e3o s\u00e3o sua carta de apresenta\u00e7\u00e3o.<\/p>\n<p>Com centros de investimento e investidores especialistas presentes nos dois continentes, oferecemos uma gest\u00e3o global de ativos baseada nos conhecimentos locais de cada mercado.<\/p>\n","protected":false},"excerpt":{"rendered":"<p>O Andbank Asset Management \u00e9 uma empresa gestora de fundos de investimento empenhada em servir pessoas, empresas e institui\u00e7\u00f5es.<\/p>\n","protected":false},"author":1,"featured_media":3485,"parent":3334,"menu_order":31,"comment_status":"closed","ping_status":"closed","template":"template-detail.php","meta":{"_acf_changed":false,"footnotes":""},"yst_prominent_words":[19,936,813,779,946,803,937,14,942,948,1493,1692,814],"class_list":["post-3483","page","type-page","status-publish","has-post-thumbnail","hentry"],"acf":[],"_links":{"self":[{"href":"https:\/\/www.andbank.com\/luxembourg\/pt-br\/wp-json\/wp\/v2\/pages\/3483"}],"collection":[{"href":"https:\/\/www.andbank.com\/luxembourg\/pt-br\/wp-json\/wp\/v2\/pages"}],"about":[{"href":"https:\/\/www.andbank.com\/luxembourg\/pt-br\/wp-json\/wp\/v2\/types\/page"}],"author":[{"embeddable":true,"href":"https:\/\/www.andbank.com\/luxembourg\/pt-br\/wp-json\/wp\/v2\/users\/1"}],"replies":[{"embeddable":true,"href":"https:\/\/www.andbank.com\/luxembourg\/pt-br\/wp-json\/wp\/v2\/comments?post=3483"}],"version-history":[{"count":0,"href":"https:\/\/www.andbank.com\/luxembourg\/pt-br\/wp-json\/wp\/v2\/pages\/3483\/revisions"}],"up":[{"embeddable":true,"href":"https:\/\/www.andbank.com\/luxembourg\/pt-br\/wp-json\/wp\/v2\/pages\/3334"}],"wp:featuredmedia":[{"embeddable":true,"href":"https:\/\/www.andbank.com\/luxembourg\/pt-br\/wp-json\/wp\/v2\/media\/3485"}],"wp:attachment":[{"href":"https:\/\/www.andbank.com\/luxembourg\/pt-br\/wp-json\/wp\/v2\/media?parent=3483"}],"wp:term":[{"taxonomy":"yst_prominent_words","embeddable":true,"href":"https:\/\/www.andbank.com\/luxembourg\/pt-br\/wp-json\/wp\/v2\/yst_prominent_words?post=3483"}],"curies":[{"name":"wp","href":"https:\/\/api.w.org\/{rel}","templated":true}]}}